{"id":937,"date":"2024-04-18T04:31:07","date_gmt":"2024-04-17T21:31:07","guid":{"rendered":"https:\/\/acsco.com.vn\/?post_type=product&#038;p=937"},"modified":"2025-06-13T13:28:06","modified_gmt":"2025-06-13T06:28:06","slug":"neopulse-500-g","status":"publish","type":"product","link":"https:\/\/acsco.com.vn\/en\/product\/neopulse-500-g\/","title":{"rendered":"NEOPULSE 500G"},"content":{"rendered":"<p>NEOPULSE 500 G is a MIG\/MAG pulse generator with its own wire feeder. Synonymous with extreme performance and high technology, it features many synthesis curves and exceptional arc dynamics. Intuitive and very handy, its digital interface allows you to manipulate welding parameters with ease. Equipped with the NEOFEED-4W wire feeder (optional), this generator delivers outstanding welding productivity and quality on all types of alloys.<\/p>\n<p>MULTI-PROCESS WELDING<\/p>\n<p>\u25cf MIG\/MAG: \u2013 steel and stainless steel wire: \u00d8 0.6 to 1.6 mm<br \/>\n\u2013 aluminum wire: \u00d8 0.8 to 1.6 mm<br \/>\n\u2013 CuSi and CuAl wire: \u00d8 0.8 to 1.2 mm<\/p>\n<p>\u25cf MMA DC \/ Pulsed: base electrode, rutile and cellulose (up to \u00d8 6 mm).<\/p>\n<p>\u25cf TIG DC Lift\/Pulse.<\/p>\n<p>\u25cf Hole punching (up to \u00d8 8 mm)<\/p>","protected":false},"excerpt":{"rendered":"<p>NEOPULSE 500 G l\u00e0 m\u00e1y ph\u00e1t xung MIG\/MAG c\u00f3 b\u1ed9 c\u1ea5p d\u00e2y ri\u00eang. \u0110\u1ed3ng ngh\u0129a&#8230;<\/p>","protected":false},"featured_media":939,"comment_status":"open","ping_status":"closed","template":"","meta":[],"product_cat":[58],"product_tag":[],"yoast_head":"<!-- This site is optimized with the Yoast SEO Premium plugin v15.9.2 - https:\/\/yoast.com\/wordpress\/plugins\/seo\/ -->\n<title>NEOPULSE 500 G - C\u00f4ng Ty TNHH C\u01a1 \u0110i\u1ec7n T\u1eed ACS<\/title>\n<link rel=\"canonical\" href=\"https:\/\/acsco.com.vn\/en\/product\/neopulse-500-g\/\" \/>\n<meta property=\"og:locale\" content=\"en_US\" \/>\n<meta property=\"og:type\" content=\"article\" \/>\n<meta property=\"og:title\" content=\"NEOPULSE 500 G - C\u00f4ng Ty TNHH C\u01a1 \u0110i\u1ec7n T\u1eed ACS\" \/>\n<meta property=\"og:description\" content=\"NEOPULSE 500 G l\u00e0 m\u00e1y ph\u00e1t xung MIG\/MAG c\u00f3 b\u1ed9 c\u1ea5p d\u00e2y ri\u00eang. \u0110\u1ed3ng ngh\u0129a...\" \/>\n<meta property=\"og:url\" content=\"https:\/\/acsco.com.vn\/en\/product\/neopulse-500-g\/\" \/>\n<meta property=\"og:site_name\" content=\"C\u00f4ng Ty TNHH C\u01a1 \u0110i\u1ec7n T\u1eed ACS\" \/>\n<meta property=\"article:modified_time\" content=\"2025-06-13T06:28:06+00:00\" \/>\n<meta property=\"og:image\" content=\"https:\/\/acsco.com.vn\/wp-content\/uploads\/2024\/04\/014503.jpg\" \/>\n\t<meta property=\"og:image:width\" content=\"370\" \/>\n\t<meta property=\"og:image:height\" content=\"370\" \/>\n<meta name=\"twitter:card\" content=\"summary_large_image\" \/>\n<meta name=\"twitter:label1\" content=\"Est. reading time\">\n\t<meta name=\"twitter:data1\" content=\"1 minute\">\n<script type=\"application\/ld+json\" class=\"yoast-schema-graph\">{\"@context\":\"https:\/\/schema.org\",\"@graph\":[{\"@type\":\"WebSite\",\"@id\":\"https:\/\/acsco.com.vn\/#website\",\"url\":\"https:\/\/acsco.com.vn\/\",\"name\":\"C\\u00f4ng Ty TNHH C\\u01a1 \\u0110i\\u1ec7n T\\u1eed ACS\",\"description\":\"Give you the best solution !!!!!!\",\"potentialAction\":[{\"@type\":\"SearchAction\",\"target\":\"https:\/\/acsco.com.vn\/?s={search_term_string}\",\"query-input\":\"required name=search_term_string\"}],\"inLanguage\":\"en-US\"},{\"@type\":\"ImageObject\",\"@id\":\"https:\/\/acsco.com.vn\/san-pham\/neopulse-500-g\/#primaryimage\",\"inLanguage\":\"en-US\",\"url\":\"https:\/\/acsco.com.vn\/wp-content\/uploads\/2024\/04\/014503.jpg\",\"width\":370,\"height\":370},{\"@type\":\"WebPage\",\"@id\":\"https:\/\/acsco.com.vn\/san-pham\/neopulse-500-g\/#webpage\",\"url\":\"https:\/\/acsco.com.vn\/san-pham\/neopulse-500-g\/\",\"name\":\"NEOPULSE 500 G - C\\u00f4ng Ty TNHH C\\u01a1 \\u0110i\\u1ec7n T\\u1eed ACS\",\"isPartOf\":{\"@id\":\"https:\/\/acsco.com.vn\/#website\"},\"primaryImageOfPage\":{\"@id\":\"https:\/\/acsco.com.vn\/san-pham\/neopulse-500-g\/#primaryimage\"},\"datePublished\":\"2024-04-17T21:31:07+00:00\",\"dateModified\":\"2025-06-13T06:28:06+00:00\",\"breadcrumb\":{\"@id\":\"https:\/\/acsco.com.vn\/san-pham\/neopulse-500-g\/#breadcrumb\"},\"inLanguage\":\"en-US\",\"potentialAction\":[{\"@type\":\"ReadAction\",\"target\":[\"https:\/\/acsco.com.vn\/san-pham\/neopulse-500-g\/\"]}]},{\"@type\":\"BreadcrumbList\",\"@id\":\"https:\/\/acsco.com.vn\/san-pham\/neopulse-500-g\/#breadcrumb\",\"itemListElement\":[{\"@type\":\"ListItem\",\"position\":1,\"item\":{\"@type\":\"WebPage\",\"@id\":\"https:\/\/acsco.com.vn\/\",\"url\":\"https:\/\/acsco.com.vn\/\",\"name\":\"Home\"}},{\"@type\":\"ListItem\",\"position\":2,\"item\":{\"@type\":\"WebPage\",\"@id\":\"https:\/\/acsco.com.vn\/san-pham\/\",\"url\":\"https:\/\/acsco.com.vn\/san-pham\/\",\"name\":\"S\\u1ea3n ph\\u1ea9m\"}},{\"@type\":\"ListItem\",\"position\":3,\"item\":{\"@type\":\"WebPage\",\"@id\":\"https:\/\/acsco.com.vn\/san-pham\/neopulse-500-g\/\",\"url\":\"https:\/\/acsco.com.vn\/san-pham\/neopulse-500-g\/\",\"name\":\"NEOPULSE 500 G\"}}]}]}<\/script>\n<!-- \/ Yoast SEO Premium plugin. -->","_links":{"self":[{"href":"https:\/\/acsco.com.vn\/en\/wp-json\/wp\/v2\/product\/937"}],"collection":[{"href":"https:\/\/acsco.com.vn\/en\/wp-json\/wp\/v2\/product"}],"about":[{"href":"https:\/\/acsco.com.vn\/en\/wp-json\/wp\/v2\/types\/product"}],"replies":[{"embeddable":true,"href":"https:\/\/acsco.com.vn\/en\/wp-json\/wp\/v2\/comments?post=937"}],"wp:featuredmedia":[{"embeddable":true,"href":"https:\/\/acsco.com.vn\/en\/wp-json\/wp\/v2\/media\/939"}],"wp:attachment":[{"href":"https:\/\/acsco.com.vn\/en\/wp-json\/wp\/v2\/media?parent=937"}],"wp:term":[{"taxonomy":"product_cat","embeddable":true,"href":"https:\/\/acsco.com.vn\/en\/wp-json\/wp\/v2\/product_cat?post=937"},{"taxonomy":"product_tag","embeddable":true,"href":"https:\/\/acsco.com.vn\/en\/wp-json\/wp\/v2\/product_tag?post=937"}],"curies":[{"name":"wp","href":"https:\/\/api.w.org\/{rel}","templated":true}]}}