{"id":927,"date":"2024-04-18T04:10:07","date_gmt":"2024-04-17T21:10:07","guid":{"rendered":"https:\/\/acsco.com.vn\/?post_type=product&#038;p=927"},"modified":"2025-06-13T13:04:40","modified_gmt":"2025-06-13T06:04:40","slug":"multiweld-320t","status":"publish","type":"product","link":"https:\/\/acsco.com.vn\/en\/product\/multiweld-320t\/","title":{"rendered":"Multiweld 320T"},"content":{"rendered":"<h3>TR\u1ea0M H\u00c0N INVERTER B\u00c1N T\u1ef0 \u0110\u1ed8NG MIG\/MAG 320 A<\/h3>\n<p>MULTIWELD 320T l\u00e0 m\u00e1y ph\u00e1t \u0111i\u1ec7n ba pha k\u1ebft h\u1ee3p c\u00e1c quy tr\u00ecnh h\u00e0n MIG\/MAG, d\u00e2y l\u00f5i thu\u1ed1c v\u00e0 h\u00e0n MMA. \u0110\u01b0\u1ee3c trang b\u1ecb h\u1ec7 th\u1ed1ng c\u1ea5p li\u1ec7u 4 con l\u0103n ch\u00ednh x\u00e1c v\u00e0 m\u1ea1nh m\u1ebd, MULTIWELD 320T cho ph\u00e9p b\u1ea1n h\u00e0n d\u00e2y \u00d8 1,2 mm m\u00e0 kh\u00f4ng g\u1eb7p kh\u00f3 kh\u0103n. Ch\u1ea5t l\u01b0\u1ee3ng h\u00e0n ho\u00e0n h\u1ea3o ngay c\u1ea3 v\u1edbi nh\u00f4m.<br \/>\n\u2022 H\u00e0n MIG\/MAG:<br \/>\n\u2013 steel wire: \u00d8 0.6 to 1.2 mm<br \/>\n\u2013 Stainless steel wire: \u00d8 0.8 to 1.2 mm<br \/>\n\u2013 aluminum wire: \u00d8 0.8 and 1.0 mm<br \/>\n\u2013 cored wire (reversed polarity): \u00d8 0.9 to 1.2 mm<br \/>\n\u2022 H\u00e0n MMA: \u0111i\u1ec7n c\u1ef1c c\u01a1 b\u1ea3n v\u00e0 rutil (l\u00ean \u0111\u1ebfn \u00d8 6 mm)<br \/>\n\u2022 B\u1ed9 ph\u00e2n ph\u1ed1i 4 con l\u0103n cho cu\u1ed9n \u00d8 200 mm v\u00e0 300 mm<br \/>\n\u2022 Giao di\u1ec7n v\u1edbi m\u00e0n h\u00ecnh k\u1ef9 thu\u1eadt s\u1ed1 cung c\u1ea5p c\u00e1c c\u00e0i \u0111\u1eb7t \u0111\u01a1n gi\u1ea3n v\u00e0 ch\u00ednh x\u00e1c<br \/>\n\u2022 \u1ed4 c\u1eafm l\u1eafp s\u1eb5n (36 V &#8211; 4,2 A) cho b\u1ed9 gia nhi\u1ec7t gas khi h\u00e0n trong m\u00f4i tr\u01b0\u1eddng CO2 nguy\u00ean ch\u1ea5t<br \/>\n\u2022 Three-phase power supply 400 V \u2013 16 A<\/p>","protected":false},"excerpt":{"rendered":"<p>TR\u1ea0M H\u00c0N INVERTER B\u00c1N T\u1ef0 \u0110\u1ed8NG MIG\/MAG 320 A MULTIWELD 320T l\u00e0 m\u00e1y ph\u00e1t \u0111i\u1ec7n&#8230;<\/p>","protected":false},"featured_media":932,"comment_status":"open","ping_status":"closed","template":"","meta":[],"product_cat":[58],"product_tag":[],"yoast_head":"<!-- This site is optimized with the Yoast SEO Premium plugin v15.9.2 - https:\/\/yoast.com\/wordpress\/plugins\/seo\/ -->\n<title>Multiweld 320T - C\u00f4ng Ty TNHH C\u01a1 \u0110i\u1ec7n T\u1eed ACS<\/title>\n<link rel=\"canonical\" href=\"https:\/\/acsco.com.vn\/en\/product\/multiweld-320t\/\" \/>\n<meta property=\"og:locale\" content=\"en_US\" \/>\n<meta property=\"og:type\" content=\"article\" \/>\n<meta property=\"og:title\" content=\"Multiweld 320T - C\u00f4ng Ty TNHH C\u01a1 \u0110i\u1ec7n T\u1eed ACS\" \/>\n<meta property=\"og:description\" content=\"TR\u1ea0M H\u00c0N INVERTER B\u00c1N T\u1ef0 \u0110\u1ed8NG MIG\/MAG 320 A MULTIWELD 320T l\u00e0 m\u00e1y ph\u00e1t \u0111i\u1ec7n...\" \/>\n<meta property=\"og:url\" content=\"https:\/\/acsco.com.vn\/en\/product\/multiweld-320t\/\" \/>\n<meta property=\"og:site_name\" content=\"C\u00f4ng Ty TNHH C\u01a1 \u0110i\u1ec7n T\u1eed ACS\" \/>\n<meta property=\"article:modified_time\" content=\"2025-06-13T06:04:40+00:00\" \/>\n<meta property=\"og:image\" content=\"https:\/\/acsco.com.vn\/wp-content\/uploads\/2024\/04\/079250.jpg\" \/>\n\t<meta property=\"og:image:width\" content=\"370\" \/>\n\t<meta property=\"og:image:height\" content=\"370\" \/>\n<meta name=\"twitter:card\" content=\"summary_large_image\" \/>\n<meta name=\"twitter:label1\" content=\"Est. reading time\">\n\t<meta name=\"twitter:data1\" content=\"1 minute\">\n<script type=\"application\/ld+json\" class=\"yoast-schema-graph\">{\"@context\":\"https:\/\/schema.org\",\"@graph\":[{\"@type\":\"WebSite\",\"@id\":\"https:\/\/acsco.com.vn\/#website\",\"url\":\"https:\/\/acsco.com.vn\/\",\"name\":\"C\\u00f4ng Ty TNHH C\\u01a1 \\u0110i\\u1ec7n T\\u1eed ACS\",\"description\":\"Give you the best solution !!!!!!\",\"potentialAction\":[{\"@type\":\"SearchAction\",\"target\":\"https:\/\/acsco.com.vn\/?s={search_term_string}\",\"query-input\":\"required name=search_term_string\"}],\"inLanguage\":\"en-US\"},{\"@type\":\"ImageObject\",\"@id\":\"https:\/\/acsco.com.vn\/san-pham\/multiweld-320t\/#primaryimage\",\"inLanguage\":\"en-US\",\"url\":\"https:\/\/acsco.com.vn\/wp-content\/uploads\/2024\/04\/079250.jpg\",\"width\":370,\"height\":370},{\"@type\":\"WebPage\",\"@id\":\"https:\/\/acsco.com.vn\/san-pham\/multiweld-320t\/#webpage\",\"url\":\"https:\/\/acsco.com.vn\/san-pham\/multiweld-320t\/\",\"name\":\"Multiweld 320T - C\\u00f4ng Ty TNHH C\\u01a1 \\u0110i\\u1ec7n T\\u1eed ACS\",\"isPartOf\":{\"@id\":\"https:\/\/acsco.com.vn\/#website\"},\"primaryImageOfPage\":{\"@id\":\"https:\/\/acsco.com.vn\/san-pham\/multiweld-320t\/#primaryimage\"},\"datePublished\":\"2024-04-17T21:10:07+00:00\",\"dateModified\":\"2025-06-13T06:04:40+00:00\",\"breadcrumb\":{\"@id\":\"https:\/\/acsco.com.vn\/san-pham\/multiweld-320t\/#breadcrumb\"},\"inLanguage\":\"en-US\",\"potentialAction\":[{\"@type\":\"ReadAction\",\"target\":[\"https:\/\/acsco.com.vn\/san-pham\/multiweld-320t\/\"]}]},{\"@type\":\"BreadcrumbList\",\"@id\":\"https:\/\/acsco.com.vn\/san-pham\/multiweld-320t\/#breadcrumb\",\"itemListElement\":[{\"@type\":\"ListItem\",\"position\":1,\"item\":{\"@type\":\"WebPage\",\"@id\":\"https:\/\/acsco.com.vn\/\",\"url\":\"https:\/\/acsco.com.vn\/\",\"name\":\"Home\"}},{\"@type\":\"ListItem\",\"position\":2,\"item\":{\"@type\":\"WebPage\",\"@id\":\"https:\/\/acsco.com.vn\/san-pham\/\",\"url\":\"https:\/\/acsco.com.vn\/san-pham\/\",\"name\":\"S\\u1ea3n ph\\u1ea9m\"}},{\"@type\":\"ListItem\",\"position\":3,\"item\":{\"@type\":\"WebPage\",\"@id\":\"https:\/\/acsco.com.vn\/san-pham\/multiweld-320t\/\",\"url\":\"https:\/\/acsco.com.vn\/san-pham\/multiweld-320t\/\",\"name\":\"Multiweld 320T\"}}]}]}<\/script>\n<!-- \/ Yoast SEO Premium plugin. -->","_links":{"self":[{"href":"https:\/\/acsco.com.vn\/en\/wp-json\/wp\/v2\/product\/927"}],"collection":[{"href":"https:\/\/acsco.com.vn\/en\/wp-json\/wp\/v2\/product"}],"about":[{"href":"https:\/\/acsco.com.vn\/en\/wp-json\/wp\/v2\/types\/product"}],"replies":[{"embeddable":true,"href":"https:\/\/acsco.com.vn\/en\/wp-json\/wp\/v2\/comments?post=927"}],"wp:featuredmedia":[{"embeddable":true,"href":"https:\/\/acsco.com.vn\/en\/wp-json\/wp\/v2\/media\/932"}],"wp:attachment":[{"href":"https:\/\/acsco.com.vn\/en\/wp-json\/wp\/v2\/media?parent=927"}],"wp:term":[{"taxonomy":"product_cat","embeddable":true,"href":"https:\/\/acsco.com.vn\/en\/wp-json\/wp\/v2\/product_cat?post=927"},{"taxonomy":"product_tag","embeddable":true,"href":"https:\/\/acsco.com.vn\/en\/wp-json\/wp\/v2\/product_tag?post=927"}],"curies":[{"name":"wp","href":"https:\/\/api.w.org\/{rel}","templated":true}]}}