{"id":925,"date":"2024-04-18T04:01:25","date_gmt":"2024-04-17T21:01:25","guid":{"rendered":"https:\/\/acsco.com.vn\/?post_type=product&#038;p=925"},"modified":"2025-06-13T13:04:09","modified_gmt":"2025-06-13T06:04:09","slug":"multiweld-250t-c","status":"publish","type":"product","link":"https:\/\/acsco.com.vn\/en\/product\/multiweld-250t-c\/","title":{"rendered":"MULTIWELD 250T-C"},"content":{"rendered":"<p>The MULTIWELD 250T-C is a compact three-phase power source that combines MIG\/MAG, flux-cored wire and MMA welding processes. With its reinforced construction and 2 handles for lifting and hanging, the MULTIWELD 250T-C is ideal for workshop welding and quick on-site repairs.<br \/>\n\u2022 MIG\/MAG welding:<br \/>\n\u2013 steel wire: \u00d8 0.6 to 1.2 mm<br \/>\n\u2013 Stainless steel wire: \u00d8 0.8 to 1.2 mm<br \/>\n\u2013 aluminum wire: \u00d8 0.8 and 1.0 mm<br \/>\n\u2013 cored wire (reversed polarity): \u00d8 0.9 to 1.2 mm<br \/>\n\u2022 MMA welding: basic and rutile electrodes (up to \u00d8 5 mm).<br \/>\n\u2022 4-roll wire feeder for \u00d8 200 mm and 300 mm coils<br \/>\n\u2022 Interface with digital display for simple, accurate settings<br \/>\n\u2022 Built-in socket (36 V \u2013 4.2 A) for gas heater for pure CO2 welding<br \/>\n\u2022 2 steel handles for easy movement<br \/>\n\u2022 Three-phase power supply 400 V \u2013 16 A<\/p>","protected":false},"excerpt":{"rendered":"<p>MULTIWELD 250T-C l\u00e0 ngu\u1ed3n \u0111i\u1ec7n ba pha nh\u1ecf g\u1ecdn k\u1ebft h\u1ee3p c\u00e1c quy tr\u00ecnh h\u00e0n&#8230;<\/p>","protected":false},"featured_media":926,"comment_status":"open","ping_status":"closed","template":"","meta":[],"product_cat":[58],"product_tag":[],"yoast_head":"<!-- This site is optimized with the Yoast SEO Premium plugin v15.9.2 - https:\/\/yoast.com\/wordpress\/plugins\/seo\/ -->\n<title>MULTIWELD 250T-C - C\u00f4ng Ty TNHH C\u01a1 \u0110i\u1ec7n T\u1eed ACS<\/title>\n<link rel=\"canonical\" href=\"https:\/\/acsco.com.vn\/en\/product\/multiweld-250t-c\/\" \/>\n<meta property=\"og:locale\" content=\"en_US\" \/>\n<meta property=\"og:type\" content=\"article\" \/>\n<meta property=\"og:title\" content=\"MULTIWELD 250T-C - C\u00f4ng Ty TNHH C\u01a1 \u0110i\u1ec7n T\u1eed ACS\" \/>\n<meta property=\"og:description\" content=\"MULTIWELD 250T-C l\u00e0 ngu\u1ed3n \u0111i\u1ec7n ba pha nh\u1ecf g\u1ecdn k\u1ebft h\u1ee3p c\u00e1c quy tr\u00ecnh h\u00e0n...\" \/>\n<meta property=\"og:url\" content=\"https:\/\/acsco.com.vn\/en\/product\/multiweld-250t-c\/\" \/>\n<meta property=\"og:site_name\" content=\"C\u00f4ng Ty TNHH C\u01a1 \u0110i\u1ec7n T\u1eed ACS\" \/>\n<meta property=\"article:modified_time\" content=\"2025-06-13T06:04:09+00:00\" \/>\n<meta property=\"og:image\" content=\"https:\/\/acsco.com.vn\/wp-content\/uploads\/2024\/04\/014572.jpg\" \/>\n\t<meta property=\"og:image:width\" content=\"370\" \/>\n\t<meta property=\"og:image:height\" content=\"370\" \/>\n<meta name=\"twitter:card\" content=\"summary_large_image\" \/>\n<meta name=\"twitter:label1\" content=\"Est. reading time\">\n\t<meta name=\"twitter:data1\" content=\"1 minute\">\n<script type=\"application\/ld+json\" class=\"yoast-schema-graph\">{\"@context\":\"https:\/\/schema.org\",\"@graph\":[{\"@type\":\"WebSite\",\"@id\":\"https:\/\/acsco.com.vn\/#website\",\"url\":\"https:\/\/acsco.com.vn\/\",\"name\":\"C\\u00f4ng Ty TNHH C\\u01a1 \\u0110i\\u1ec7n T\\u1eed ACS\",\"description\":\"Give you the best solution !!!!!!\",\"potentialAction\":[{\"@type\":\"SearchAction\",\"target\":\"https:\/\/acsco.com.vn\/?s={search_term_string}\",\"query-input\":\"required name=search_term_string\"}],\"inLanguage\":\"en-US\"},{\"@type\":\"ImageObject\",\"@id\":\"https:\/\/acsco.com.vn\/san-pham\/multiweld-250t-c\/#primaryimage\",\"inLanguage\":\"en-US\",\"url\":\"https:\/\/acsco.com.vn\/wp-content\/uploads\/2024\/04\/014572.jpg\",\"width\":370,\"height\":370},{\"@type\":\"WebPage\",\"@id\":\"https:\/\/acsco.com.vn\/san-pham\/multiweld-250t-c\/#webpage\",\"url\":\"https:\/\/acsco.com.vn\/san-pham\/multiweld-250t-c\/\",\"name\":\"MULTIWELD 250T-C - C\\u00f4ng Ty TNHH C\\u01a1 \\u0110i\\u1ec7n T\\u1eed ACS\",\"isPartOf\":{\"@id\":\"https:\/\/acsco.com.vn\/#website\"},\"primaryImageOfPage\":{\"@id\":\"https:\/\/acsco.com.vn\/san-pham\/multiweld-250t-c\/#primaryimage\"},\"datePublished\":\"2024-04-17T21:01:25+00:00\",\"dateModified\":\"2025-06-13T06:04:09+00:00\",\"breadcrumb\":{\"@id\":\"https:\/\/acsco.com.vn\/san-pham\/multiweld-250t-c\/#breadcrumb\"},\"inLanguage\":\"en-US\",\"potentialAction\":[{\"@type\":\"ReadAction\",\"target\":[\"https:\/\/acsco.com.vn\/san-pham\/multiweld-250t-c\/\"]}]},{\"@type\":\"BreadcrumbList\",\"@id\":\"https:\/\/acsco.com.vn\/san-pham\/multiweld-250t-c\/#breadcrumb\",\"itemListElement\":[{\"@type\":\"ListItem\",\"position\":1,\"item\":{\"@type\":\"WebPage\",\"@id\":\"https:\/\/acsco.com.vn\/\",\"url\":\"https:\/\/acsco.com.vn\/\",\"name\":\"Home\"}},{\"@type\":\"ListItem\",\"position\":2,\"item\":{\"@type\":\"WebPage\",\"@id\":\"https:\/\/acsco.com.vn\/san-pham\/\",\"url\":\"https:\/\/acsco.com.vn\/san-pham\/\",\"name\":\"S\\u1ea3n ph\\u1ea9m\"}},{\"@type\":\"ListItem\",\"position\":3,\"item\":{\"@type\":\"WebPage\",\"@id\":\"https:\/\/acsco.com.vn\/san-pham\/multiweld-250t-c\/\",\"url\":\"https:\/\/acsco.com.vn\/san-pham\/multiweld-250t-c\/\",\"name\":\"MULTIWELD 250T-C\"}}]}]}<\/script>\n<!-- \/ Yoast SEO Premium plugin. -->","_links":{"self":[{"href":"https:\/\/acsco.com.vn\/en\/wp-json\/wp\/v2\/product\/925"}],"collection":[{"href":"https:\/\/acsco.com.vn\/en\/wp-json\/wp\/v2\/product"}],"about":[{"href":"https:\/\/acsco.com.vn\/en\/wp-json\/wp\/v2\/types\/product"}],"replies":[{"embeddable":true,"href":"https:\/\/acsco.com.vn\/en\/wp-json\/wp\/v2\/comments?post=925"}],"wp:featuredmedia":[{"embeddable":true,"href":"https:\/\/acsco.com.vn\/en\/wp-json\/wp\/v2\/media\/926"}],"wp:attachment":[{"href":"https:\/\/acsco.com.vn\/en\/wp-json\/wp\/v2\/media?parent=925"}],"wp:term":[{"taxonomy":"product_cat","embeddable":true,"href":"https:\/\/acsco.com.vn\/en\/wp-json\/wp\/v2\/product_cat?post=925"},{"taxonomy":"product_tag","embeddable":true,"href":"https:\/\/acsco.com.vn\/en\/wp-json\/wp\/v2\/product_tag?post=925"}],"curies":[{"name":"wp","href":"https:\/\/api.w.org\/{rel}","templated":true}]}}