{"id":920,"date":"2024-04-18T03:54:21","date_gmt":"2024-04-17T20:54:21","guid":{"rendered":"https:\/\/acsco.com.vn\/?post_type=product&#038;p=920"},"modified":"2025-06-13T13:05:42","modified_gmt":"2025-06-13T06:05:42","slug":"titanium-400-ac-dc","status":"publish","type":"product","link":"https:\/\/acsco.com.vn\/en\/product\/titanium-400-ac-dc\/","title":{"rendered":"TITANIUM 400 AC\/DC"},"content":{"rendered":"<p>TITANIUM 400 AC\/DC is a high-performance Inverter welder dedicated to AC\/DC TIG and MMA welding. Equipped with pulse welding modes, with a truly intuitive interface, the machine ensures precise welding on alloys, low alloys or stainless steel, aluminum and its alloys, as well as on copper.<\/p>\n<h2>6 TIG welding modes<\/h2>\n<ul>\n<li>DC Standard: DC welding on most ferrous metals.<\/li>\n<li>Pulsed DC (Frequency up to 2.5 kHz): Provides high level control and temperature limiting for the parts being welded.<\/li>\n<li>This allows welding very thin plates and reduces deformation of the plate. Welding in different positions is also easier.<\/li>\n<li>DC FastPulse (Frequency up to 20 kHz): allows to keep arc properties in Pulse mode, at high frequency,<br \/>\nwith comfortable sound frequency even if the welder cannot hear it.<\/li>\n<li>AC Standard: welding of aluminum (Al, AlSi, AlMg, AlMn \u2026) and its light alloys (magnesium and brass).<\/li>\n<li>AC pulse: similar to DC welding on aluminum.<\/li>\n<li>AC Mix: alternating AC and DC welding current to increase welding speed on aluminum assemblies.<\/li>\n<li>DC stage is used to preheat the metal.<\/li>\n<\/ul>","protected":false},"excerpt":{"rendered":"<p>TITANIUM 400 AC \/ DC l\u00e0 m\u00e1y h\u00e0n Inverter hi\u1ec7u su\u1ea5t cao d\u00e0nh ri\u00eang cho&#8230;<\/p>","protected":false},"featured_media":924,"comment_status":"open","ping_status":"closed","template":"","meta":[],"product_cat":[58],"product_tag":[],"yoast_head":"<!-- This site is optimized with the Yoast SEO Premium plugin v15.9.2 - https:\/\/yoast.com\/wordpress\/plugins\/seo\/ -->\n<title>TITANIUM 400 AC\/DC - C\u00f4ng Ty TNHH C\u01a1 \u0110i\u1ec7n T\u1eed ACS<\/title>\n<link rel=\"canonical\" href=\"https:\/\/acsco.com.vn\/en\/product\/titanium-400-ac-dc\/\" \/>\n<meta property=\"og:locale\" content=\"en_US\" \/>\n<meta property=\"og:type\" content=\"article\" \/>\n<meta property=\"og:title\" content=\"TITANIUM 400 AC\/DC - C\u00f4ng Ty TNHH C\u01a1 \u0110i\u1ec7n T\u1eed ACS\" \/>\n<meta property=\"og:description\" content=\"TITANIUM 400 AC \/ DC l\u00e0 m\u00e1y h\u00e0n Inverter hi\u1ec7u su\u1ea5t cao d\u00e0nh ri\u00eang cho...\" \/>\n<meta property=\"og:url\" content=\"https:\/\/acsco.com.vn\/en\/product\/titanium-400-ac-dc\/\" \/>\n<meta property=\"og:site_name\" content=\"C\u00f4ng Ty TNHH C\u01a1 \u0110i\u1ec7n T\u1eed ACS\" \/>\n<meta property=\"article:modified_time\" content=\"2025-06-13T06:05:42+00:00\" \/>\n<meta property=\"og:image\" content=\"https:\/\/acsco.com.vn\/wp-content\/uploads\/2024\/04\/013568.jpg\" \/>\n\t<meta property=\"og:image:width\" content=\"250\" \/>\n\t<meta property=\"og:image:height\" content=\"250\" \/>\n<meta name=\"twitter:card\" content=\"summary_large_image\" \/>\n<meta name=\"twitter:label1\" content=\"Est. reading time\">\n\t<meta name=\"twitter:data1\" content=\"2 minutes\">\n<script type=\"application\/ld+json\" class=\"yoast-schema-graph\">{\"@context\":\"https:\/\/schema.org\",\"@graph\":[{\"@type\":\"WebSite\",\"@id\":\"https:\/\/acsco.com.vn\/#website\",\"url\":\"https:\/\/acsco.com.vn\/\",\"name\":\"C\\u00f4ng Ty TNHH C\\u01a1 \\u0110i\\u1ec7n T\\u1eed ACS\",\"description\":\"Give you the best solution !!!!!!\",\"potentialAction\":[{\"@type\":\"SearchAction\",\"target\":\"https:\/\/acsco.com.vn\/?s={search_term_string}\",\"query-input\":\"required name=search_term_string\"}],\"inLanguage\":\"en-US\"},{\"@type\":\"ImageObject\",\"@id\":\"https:\/\/acsco.com.vn\/san-pham\/titanium-400-ac-dc\/#primaryimage\",\"inLanguage\":\"en-US\",\"url\":\"https:\/\/acsco.com.vn\/wp-content\/uploads\/2024\/04\/013568.jpg\",\"width\":250,\"height\":250},{\"@type\":\"WebPage\",\"@id\":\"https:\/\/acsco.com.vn\/san-pham\/titanium-400-ac-dc\/#webpage\",\"url\":\"https:\/\/acsco.com.vn\/san-pham\/titanium-400-ac-dc\/\",\"name\":\"TITANIUM 400 AC\/DC - C\\u00f4ng Ty TNHH C\\u01a1 \\u0110i\\u1ec7n T\\u1eed ACS\",\"isPartOf\":{\"@id\":\"https:\/\/acsco.com.vn\/#website\"},\"primaryImageOfPage\":{\"@id\":\"https:\/\/acsco.com.vn\/san-pham\/titanium-400-ac-dc\/#primaryimage\"},\"datePublished\":\"2024-04-17T20:54:21+00:00\",\"dateModified\":\"2025-06-13T06:05:42+00:00\",\"breadcrumb\":{\"@id\":\"https:\/\/acsco.com.vn\/san-pham\/titanium-400-ac-dc\/#breadcrumb\"},\"inLanguage\":\"en-US\",\"potentialAction\":[{\"@type\":\"ReadAction\",\"target\":[\"https:\/\/acsco.com.vn\/san-pham\/titanium-400-ac-dc\/\"]}]},{\"@type\":\"BreadcrumbList\",\"@id\":\"https:\/\/acsco.com.vn\/san-pham\/titanium-400-ac-dc\/#breadcrumb\",\"itemListElement\":[{\"@type\":\"ListItem\",\"position\":1,\"item\":{\"@type\":\"WebPage\",\"@id\":\"https:\/\/acsco.com.vn\/\",\"url\":\"https:\/\/acsco.com.vn\/\",\"name\":\"Home\"}},{\"@type\":\"ListItem\",\"position\":2,\"item\":{\"@type\":\"WebPage\",\"@id\":\"https:\/\/acsco.com.vn\/san-pham\/\",\"url\":\"https:\/\/acsco.com.vn\/san-pham\/\",\"name\":\"S\\u1ea3n ph\\u1ea9m\"}},{\"@type\":\"ListItem\",\"position\":3,\"item\":{\"@type\":\"WebPage\",\"@id\":\"https:\/\/acsco.com.vn\/san-pham\/titanium-400-ac-dc\/\",\"url\":\"https:\/\/acsco.com.vn\/san-pham\/titanium-400-ac-dc\/\",\"name\":\"TITANIUM 400 AC\/DC\"}}]}]}<\/script>\n<!-- \/ Yoast SEO Premium plugin. -->","_links":{"self":[{"href":"https:\/\/acsco.com.vn\/en\/wp-json\/wp\/v2\/product\/920"}],"collection":[{"href":"https:\/\/acsco.com.vn\/en\/wp-json\/wp\/v2\/product"}],"about":[{"href":"https:\/\/acsco.com.vn\/en\/wp-json\/wp\/v2\/types\/product"}],"replies":[{"embeddable":true,"href":"https:\/\/acsco.com.vn\/en\/wp-json\/wp\/v2\/comments?post=920"}],"wp:featuredmedia":[{"embeddable":true,"href":"https:\/\/acsco.com.vn\/en\/wp-json\/wp\/v2\/media\/924"}],"wp:attachment":[{"href":"https:\/\/acsco.com.vn\/en\/wp-json\/wp\/v2\/media?parent=920"}],"wp:term":[{"taxonomy":"product_cat","embeddable":true,"href":"https:\/\/acsco.com.vn\/en\/wp-json\/wp\/v2\/product_cat?post=920"},{"taxonomy":"product_tag","embeddable":true,"href":"https:\/\/acsco.com.vn\/en\/wp-json\/wp\/v2\/product_tag?post=920"}],"curies":[{"name":"wp","href":"https:\/\/api.w.org\/{rel}","templated":true}]}}