{"id":889,"date":"2024-04-17T07:21:24","date_gmt":"2024-04-17T00:21:24","guid":{"rendered":"https:\/\/acsco.com.vn\/?post_type=product&#038;p=889"},"modified":"2024-04-17T07:21:24","modified_gmt":"2024-04-17T00:21:24","slug":"cutfire-100i","status":"publish","type":"product","link":"https:\/\/acsco.com.vn\/en\/product\/cutfire-100i\/","title":{"rendered":"CutFire 100i"},"content":{"rendered":"<h1>Cutfire 100i<\/h1>\n<p>Cutfire 100i is a Plasma source that uses compressed air. It is applied with low investment costs. Using inverter technology for duty 100% performance. The Cutfire 100i cutting source is equipped with a Flash 101 cutting torch that applies gas vortex technology. Air rotating around the arc stabilizes the arc and increases punching capacity up to 20mm. The cooling and protective performance of the air cyclone ensures higher speeds and increased life of consumables. Cutfire 100i is convenient for businesses that apply thin sheet metal cutting applications such as: ventilation systems, small connectors, electrical cabinets...<\/p>\n<table style=\"width: 46.6283%; height: 191px;\">\n<tbody>\n<tr style=\"height: 21px;\">\n<td style=\"height: 21px;\">Power source<\/td>\n<td style=\"height: 21px;\"><strong>CutFire 100i<\/strong><\/td>\n<\/tr>\n<tr style=\"height: 43px;\">\n<td style=\"height: 43px;\">Cutting current at 100% duty cycle*<\/td>\n<td style=\"height: 43px;\">35 \u2013 100 A<\/td>\n<\/tr>\n<tr style=\"height: 21px;\">\n<td style=\"height: 21px;\">Cutting range<\/td>\n<td style=\"height: 21px;\">1 \u2013 40 mm<\/td>\n<\/tr>\n<tr style=\"height: 21px;\">\n<td style=\"height: 21px;\">Piercing<\/td>\n<td style=\"height: 21px;\">up to 20 mm<\/td>\n<\/tr>\n<tr style=\"height: 43px;\">\n<td style=\"height: 43px;\">Dimensions (L x W x H)<\/td>\n<td style=\"height: 43px;\">710 x 280 x 590 mm<\/td>\n<\/tr>\n<tr style=\"height: 21px;\">\n<td style=\"height: 21px;\">Weight<\/td>\n<td style=\"height: 21px;\">50 kg<\/td>\n<\/tr>\n<tr style=\"height: 21px;\">\n<td style=\"height: 21px;\">Plasma torches<\/td>\n<td style=\"height: 21px;\"><strong>Flash 101 G\/L<\/strong><\/td>\n<\/tr>\n<\/tbody>\n<\/table>","protected":false},"excerpt":{"rendered":"<p>Cutfire 100i Cutfire 100i l\u00e0 ngu\u1ed3n Plasma s\u1eed d\u1ee5ng b\u1eb1ng kh\u00ed n\u00e9n. N\u00f3 \u0111\u01b0\u1ee3c \u1ee9ng&#8230;<\/p>","protected":false},"featured_media":890,"comment_status":"open","ping_status":"closed","template":"","meta":[],"product_cat":[28],"product_tag":[],"yoast_head":"<!-- This site is optimized with the Yoast SEO Premium plugin v15.9.2 - https:\/\/yoast.com\/wordpress\/plugins\/seo\/ -->\n<title>Cutfire 100i<\/title>\n<meta name=\"description\" content=\"Cutfire 100i l\u00e0 ngu\u1ed3n Plasma s\u1eed d\u1ee5ng b\u1eb1ng kh\u00ed n\u00e9n. N\u00f3 \u0111\u01b0\u1ee3c \u1ee9ng d\u1ee5ng v\u1edbi chi ph\u00ed \u0111\u1ea7u t\u01b0 th\u1ea5p. S\u1eed d\u1ee5ng c\u00f4ng ngh\u1ec7 inverter cho hi\u1ec7u su\u1ea5t 100%\" \/>\n<link rel=\"canonical\" href=\"https:\/\/acsco.com.vn\/en\/product\/cutfire-100i\/\" \/>\n<meta property=\"og:locale\" content=\"en_US\" \/>\n<meta property=\"og:type\" content=\"article\" \/>\n<meta property=\"og:title\" content=\"Cutfire 100i\" \/>\n<meta property=\"og:description\" content=\"Cutfire 100i l\u00e0 ngu\u1ed3n Plasma s\u1eed d\u1ee5ng b\u1eb1ng kh\u00ed n\u00e9n. N\u00f3 \u0111\u01b0\u1ee3c \u1ee9ng d\u1ee5ng v\u1edbi chi ph\u00ed \u0111\u1ea7u t\u01b0 th\u1ea5p. S\u1eed d\u1ee5ng c\u00f4ng ngh\u1ec7 inverter cho hi\u1ec7u su\u1ea5t 100%\" \/>\n<meta property=\"og:url\" content=\"https:\/\/acsco.com.vn\/en\/product\/cutfire-100i\/\" \/>\n<meta property=\"og:site_name\" content=\"C\u00f4ng Ty TNHH C\u01a1 \u0110i\u1ec7n T\u1eed ACS\" \/>\n<meta property=\"og:image\" content=\"https:\/\/acsco.com.vn\/wp-content\/uploads\/2024\/04\/Kjellberg-CutFire-100i-vre.jpg\" \/>\n\t<meta property=\"og:image:width\" content=\"1000\" \/>\n\t<meta property=\"og:image:height\" content=\"1333\" \/>\n<meta name=\"twitter:card\" content=\"summary_large_image\" \/>\n<meta name=\"twitter:label1\" content=\"Est. reading time\">\n\t<meta name=\"twitter:data1\" content=\"1 minute\">\n<script type=\"application\/ld+json\" class=\"yoast-schema-graph\">{\"@context\":\"https:\/\/schema.org\",\"@graph\":[{\"@type\":\"WebSite\",\"@id\":\"https:\/\/acsco.com.vn\/#website\",\"url\":\"https:\/\/acsco.com.vn\/\",\"name\":\"C\\u00f4ng Ty TNHH C\\u01a1 \\u0110i\\u1ec7n T\\u1eed ACS\",\"description\":\"Give you the best solution !!!!!!\",\"potentialAction\":[{\"@type\":\"SearchAction\",\"target\":\"https:\/\/acsco.com.vn\/?s={search_term_string}\",\"query-input\":\"required name=search_term_string\"}],\"inLanguage\":\"en-US\"},{\"@type\":\"ImageObject\",\"@id\":\"https:\/\/acsco.com.vn\/san-pham\/cutfire-100i\/#primaryimage\",\"inLanguage\":\"en-US\",\"url\":\"https:\/\/acsco.com.vn\/wp-content\/uploads\/2024\/04\/Kjellberg-CutFire-100i-vre.jpg\",\"width\":1000,\"height\":1333},{\"@type\":\"WebPage\",\"@id\":\"https:\/\/acsco.com.vn\/san-pham\/cutfire-100i\/#webpage\",\"url\":\"https:\/\/acsco.com.vn\/san-pham\/cutfire-100i\/\",\"name\":\"Cutfire 100i\",\"isPartOf\":{\"@id\":\"https:\/\/acsco.com.vn\/#website\"},\"primaryImageOfPage\":{\"@id\":\"https:\/\/acsco.com.vn\/san-pham\/cutfire-100i\/#primaryimage\"},\"datePublished\":\"2024-04-17T00:21:24+00:00\",\"dateModified\":\"2024-04-17T00:21:24+00:00\",\"description\":\"Cutfire 100i l\\u00e0 ngu\\u1ed3n Plasma s\\u1eed d\\u1ee5ng b\\u1eb1ng kh\\u00ed n\\u00e9n. N\\u00f3 \\u0111\\u01b0\\u1ee3c \\u1ee9ng d\\u1ee5ng v\\u1edbi chi ph\\u00ed \\u0111\\u1ea7u t\\u01b0 th\\u1ea5p. S\\u1eed d\\u1ee5ng c\\u00f4ng ngh\\u1ec7 inverter cho hi\\u1ec7u su\\u1ea5t 100%\",\"breadcrumb\":{\"@id\":\"https:\/\/acsco.com.vn\/san-pham\/cutfire-100i\/#breadcrumb\"},\"inLanguage\":\"en-US\",\"potentialAction\":[{\"@type\":\"ReadAction\",\"target\":[\"https:\/\/acsco.com.vn\/san-pham\/cutfire-100i\/\"]}]},{\"@type\":\"BreadcrumbList\",\"@id\":\"https:\/\/acsco.com.vn\/san-pham\/cutfire-100i\/#breadcrumb\",\"itemListElement\":[{\"@type\":\"ListItem\",\"position\":1,\"item\":{\"@type\":\"WebPage\",\"@id\":\"https:\/\/acsco.com.vn\/\",\"url\":\"https:\/\/acsco.com.vn\/\",\"name\":\"Home\"}},{\"@type\":\"ListItem\",\"position\":2,\"item\":{\"@type\":\"WebPage\",\"@id\":\"https:\/\/acsco.com.vn\/san-pham\/\",\"url\":\"https:\/\/acsco.com.vn\/san-pham\/\",\"name\":\"S\\u1ea3n ph\\u1ea9m\"}},{\"@type\":\"ListItem\",\"position\":3,\"item\":{\"@type\":\"WebPage\",\"@id\":\"https:\/\/acsco.com.vn\/san-pham\/cutfire-100i\/\",\"url\":\"https:\/\/acsco.com.vn\/san-pham\/cutfire-100i\/\",\"name\":\"CutFire 100i\"}}]}]}<\/script>\n<!-- \/ Yoast SEO Premium plugin. -->","_links":{"self":[{"href":"https:\/\/acsco.com.vn\/en\/wp-json\/wp\/v2\/product\/889"}],"collection":[{"href":"https:\/\/acsco.com.vn\/en\/wp-json\/wp\/v2\/product"}],"about":[{"href":"https:\/\/acsco.com.vn\/en\/wp-json\/wp\/v2\/types\/product"}],"replies":[{"embeddable":true,"href":"https:\/\/acsco.com.vn\/en\/wp-json\/wp\/v2\/comments?post=889"}],"wp:featuredmedia":[{"embeddable":true,"href":"https:\/\/acsco.com.vn\/en\/wp-json\/wp\/v2\/media\/890"}],"wp:attachment":[{"href":"https:\/\/acsco.com.vn\/en\/wp-json\/wp\/v2\/media?parent=889"}],"wp:term":[{"taxonomy":"product_cat","embeddable":true,"href":"https:\/\/acsco.com.vn\/en\/wp-json\/wp\/v2\/product_cat?post=889"},{"taxonomy":"product_tag","embeddable":true,"href":"https:\/\/acsco.com.vn\/en\/wp-json\/wp\/v2\/product_tag?post=889"}],"curies":[{"name":"wp","href":"https:\/\/api.w.org\/{rel}","templated":true}]}}