{"id":884,"date":"2024-04-17T07:15:44","date_gmt":"2024-04-17T00:15:44","guid":{"rendered":"https:\/\/acsco.com.vn\/?post_type=product&#038;p=884"},"modified":"2025-06-13T13:20:50","modified_gmt":"2025-06-13T06:20:50","slug":"may-cat-cnc-kieu-gian-magicut","status":"publish","type":"product","link":"https:\/\/acsco.com.vn\/en\/product\/may-cat-cnc-kieu-gian-magicut\/","title":{"rendered":"MAGICUT TYPE CNC CUTTING MACHINE"},"content":{"rendered":"<p>ProArc Magicut is a cost-effective cutting solution in its class. Supporting standard plasma and up to 4 oxygen cutting lights, its compact design provides maximum work area with minimal floor space requirements.<\/p>\n<p><img loading=\"lazy\" class=\"alignnone size-medium wp-image-886 aligncenter\" src=\"https:\/\/acsco.com.vn\/wp-content\/uploads\/2024\/04\/1-1-300x150.png\" alt=\"\" width=\"300\" height=\"150\" srcset=\"https:\/\/acsco.com.vn\/wp-content\/uploads\/2024\/04\/1-1-300x150.png 300w, https:\/\/acsco.com.vn\/wp-content\/uploads\/2024\/04\/1-1-16x8.png 16w, https:\/\/acsco.com.vn\/wp-content\/uploads\/2024\/04\/1-1-600x300.png 600w, https:\/\/acsco.com.vn\/wp-content\/uploads\/2024\/04\/1-1.png 670w\" sizes=\"(max-width: 300px) 100vw, 300px\" \/><\/p>\n<p><strong><u>Optional accessories<\/u><\/strong><\/p>\n<p>\u2013 Plasma cutting lamp.<\/p>\n<p>\u2013 Laser point locator.<\/p>\n<p>\u2013 Anti-collision device.<\/p>\n<p>\u2013 Heavy duty smoke collection pipe.<\/p>\n<p>\u2013 Track the underlying platform.<\/p>\n<p>- vacuum cleaner.<\/p>\n<table style=\"width: 80.5991%;\" width=\"604\">\n<thead>\n<tr>\n<td style=\"width: 20.2995%;\" width=\"134\"><strong>Sample<\/strong><\/td>\n<td style=\"width: 10.1498%;\" width=\"63\"><strong>Unit<\/strong><\/td>\n<td style=\"width: 13.6439%;\" width=\"83\"><strong>Magicut 20s \/ 20<\/strong><\/td>\n<td style=\"width: 13.3111%;\" width=\"81\"><strong>Magicut 25s \/ 25<\/strong><\/td>\n<td style=\"width: 13.3111%;\" width=\"81\"><strong>Magicut 30s \/ 30<\/strong><\/td>\n<td style=\"width: 13.3111%;\" width=\"81\"><strong>Magicut 35s\/35<\/strong><\/td>\n<td style=\"width: 13.3111%;\" width=\"81\"><strong>Magicut 40s \/ 40<\/strong><\/td>\n<\/tr>\n<\/thead>\n<tbody>\n<tr>\n<td style=\"width: 20.2995%;\" width=\"134\">Input<\/td>\n<td style=\"width: 77.0383%;\" colspan=\"6\" width=\"470\">\u00a0 \u00a0 \u00a0 \u00a0 \u00a0 \u00a0 \u00a0 \u00a0 \u00a0 \u00a0 \u00a0 \u00a0AC 220, 50\/60Hz, 3 Phase<\/td>\n<\/tr>\n<tr>\n<td style=\"width: 20.2995%;\" width=\"134\">Control software<\/td>\n<td style=\"width: 77.0383%;\" colspan=\"6\" width=\"470\">\u00a0 \u00a0 \u00a0 \u00a0 \u00a0 \u00a0 \u00a0 \u00a0 \u00a0 \u00a0 \u00a0 \u00a0 \u00a0 \u00a0 \u00a0 \u00a0 \u00a0Rack &amp; Pinion<\/td>\n<\/tr>\n<tr>\n<td style=\"width: 20.2995%;\" width=\"134\">Overall width (A)<\/td>\n<td style=\"width: 10.1498%;\" width=\"63\">mm<\/td>\n<td style=\"width: 13.6439%;\" width=\"83\">2900<\/td>\n<td style=\"width: 13.3111%;\" width=\"81\">3400<\/td>\n<td style=\"width: 13.3111%;\" width=\"81\">3900<\/td>\n<td style=\"width: 13.3111%;\" width=\"81\">4400<\/td>\n<td style=\"width: 13.3111%;\" width=\"81\">4900<\/td>\n<\/tr>\n<tr>\n<td style=\"width: 20.2995%;\" width=\"134\">Overall height (B)<\/td>\n<td style=\"width: 10.1498%;\" width=\"63\">mm<\/td>\n<td style=\"width: 13.6439%;\" width=\"83\">1800<\/td>\n<td style=\"width: 13.3111%;\" width=\"81\">1800<\/td>\n<td style=\"width: 13.3111%;\" width=\"81\">1800<\/td>\n<td style=\"width: 13.3111%;\" width=\"81\">1800<\/td>\n<td style=\"width: 13.3111%;\" width=\"81\">1800<\/td>\n<\/tr>\n<tr>\n<td style=\"width: 20.2995%;\" width=\"134\">Overall depth (C)<\/td>\n<td style=\"width: 10.1498%;\" width=\"63\">mm<\/td>\n<td style=\"width: 13.6439%;\" width=\"83\">1250<\/td>\n<td style=\"width: 13.3111%;\" width=\"81\">1250<\/td>\n<td style=\"width: 13.3111%;\" width=\"81\">1250<\/td>\n<td style=\"width: 13.3111%;\" width=\"81\">1250<\/td>\n<td style=\"width: 13.3111%;\" width=\"81\">1250<\/td>\n<\/tr>\n<tr>\n<td style=\"width: 20.2995%;\" width=\"134\">Cutting Width (D)<\/td>\n<td style=\"width: 10.1498%;\" width=\"63\">mm<\/td>\n<td style=\"width: 13.6439%;\" width=\"83\">1600<\/td>\n<td style=\"width: 13.3111%;\" width=\"81\">2100<\/td>\n<td style=\"width: 13.3111%;\" width=\"81\">2600<\/td>\n<td style=\"width: 13.3111%;\" width=\"81\">3100<\/td>\n<td style=\"width: 13.3111%;\" width=\"81\">3000<\/td>\n<\/tr>\n<\/tbody>\n<\/table>\n<table width=\"604\">\n<tbody>\n<tr>\n<td width=\"134\">Rack gauge\u203b3<\/p>\n<p>(E)<\/td>\n<td width=\"63\">mm<\/td>\n<td width=\"83\">2000<\/td>\n<td width=\"81\">2500<\/td>\n<td width=\"81\">3000<\/td>\n<td width=\"81\">3500<\/td>\n<td width=\"81\">4000<\/td>\n<\/tr>\n<tr>\n<td width=\"134\">Waiting point<\/td>\n<td width=\"63\">mm<\/td>\n<td width=\"83\"><\/td>\n<td width=\"81\"><\/td>\n<td width=\"81\">1250<\/td>\n<td width=\"81\"><\/td>\n<td width=\"81\"><\/td>\n<\/tr>\n<tr>\n<td width=\"134\">Cut quickly<\/td>\n<td width=\"63\">m\/min<\/td>\n<td width=\"83\"><\/td>\n<td width=\"81\"><\/td>\n<td width=\"81\">8\/12<\/td>\n<td width=\"81\"><\/td>\n<td width=\"81\"><\/td>\n<\/tr>\n<tr>\n<td width=\"134\">Speed of movement<\/td>\n<td width=\"63\">m\/min<\/td>\n<td width=\"83\"><\/td>\n<td width=\"81\"><\/td>\n<td width=\"81\">12\/16<\/td>\n<td width=\"81\"><\/td>\n<td width=\"81\"><\/td>\n<\/tr>\n<tr>\n<td width=\"134\">Minimum distance<\/p>\n<p>between 2 cutting lights<\/td>\n<td width=\"63\">mm<\/td>\n<td width=\"83\"><\/td>\n<td width=\"81\"><\/td>\n<td width=\"81\">100<\/td>\n<td width=\"81\"><\/td>\n<td width=\"81\"><\/td>\n<\/tr>\n<tr>\n<td width=\"134\">Weight<\/td>\n<td width=\"63\">kg<\/td>\n<td width=\"83\">1230<\/td>\n<td width=\"81\">1275<\/td>\n<td width=\"81\">1330<\/td>\n<td width=\"81\">1540<\/td>\n<td width=\"81\">1600<\/td>\n<\/tr>\n<\/tbody>\n<\/table>\n<p>\u203b Specifications subject to change without notice<\/p>\n<p>\u203b1 Magicut 20s \/ 25s \/ 30s \/ 35s \/ 40s is single drive on vertical axis<\/p>\n<p>\u203b2 Other power input is available<\/p>\n<p>\u203b3 Special large gauge railway is available<\/p>\n<p><strong><u>Size<\/u><\/strong><\/p>\n<p><img loading=\"lazy\" class=\"alignnone wp-image-888\" src=\"https:\/\/acsco.com.vn\/wp-content\/uploads\/2024\/04\/1-3.png\" alt=\"\" width=\"181\" height=\"154\" srcset=\"https:\/\/acsco.com.vn\/wp-content\/uploads\/2024\/04\/1-3.png 267w, https:\/\/acsco.com.vn\/wp-content\/uploads\/2024\/04\/1-3-14x12.png 14w\" sizes=\"(max-width: 181px) 100vw, 181px\" \/>\u00a0 \u00a0 <img loading=\"lazy\" class=\"alignnone size-medium wp-image-887\" src=\"https:\/\/acsco.com.vn\/wp-content\/uploads\/2024\/04\/1-2-300x170.png\" alt=\"\" width=\"300\" height=\"170\" srcset=\"https:\/\/acsco.com.vn\/wp-content\/uploads\/2024\/04\/1-2-300x170.png 300w, https:\/\/acsco.com.vn\/wp-content\/uploads\/2024\/04\/1-2-16x9.png 16w, https:\/\/acsco.com.vn\/wp-content\/uploads\/2024\/04\/1-2.png 496w\" sizes=\"(max-width: 300px) 100vw, 300px\" \/><\/p>\n<p>&nbsp;<\/p>\n<p class=\"titleico\">Address:\u00a0<a href=\"https:\/\/www.google.com\/maps\/place\/57+%C4%90.+S1,+T%C3%A2y+Th%E1%BA%A1nh,+T%C3%A2n+Ph%C3%BA,+Th%C3%A0nh+ph%E1%BB%91+H%E1%BB%93+Ch%C3%AD+Minh,+Vi%E1%BB%87t+Nam\/@10.8126943,106.615894,17z\/data=!3m1!4b1!4m6!3m5!1s0x31752be634ad77b1:0x361c3fedc15298ea!8m2!3d10.812689!4d106.6184689!16s%2Fg%2F11fy2y0j5q?hl=vi\">No. 57 S1 Street, Tay Thanh Ward, Tan Phu District, HCMC.<\/a><\/p>\n<p class=\"titleico\">Email: info@acsco.vn<\/p>\n<p class=\"titleico\">Hotline:\u00a0<a href=\"tel:0909124518\">0909.124.518<\/a><\/p>\n<p class=\"titleico\">Website: <a href=\"https:\/\/acsco.com.vn\/en\/danh-muc\/may-cat-cnc\/\">www.acsco.vn<\/a><\/p>","protected":false},"excerpt":{"rendered":"<p>ProArc Magicut l\u00e0 gi\u1ea3i ph\u00e1p c\u1eaft ti\u1ebft ki\u1ec7m chi ph\u00ed trong c\u00f9ng lo\u1ea1i.H\u1ed7 tr\u1ee3 plasma&#8230;<\/p>","protected":false},"featured_media":1107,"comment_status":"open","ping_status":"closed","template":"","meta":[],"product_cat":[28],"product_tag":[],"yoast_head":"<!-- This site is optimized with the Yoast SEO Premium plugin v15.9.2 - https:\/\/yoast.com\/wordpress\/plugins\/seo\/ -->\n<title>M\u00c1Y C\u1eaeT CNC KI\u1ec2U GI\u00c0N MAGICUT - C\u00f4ng Ty TNHH C\u01a1 \u0110i\u1ec7n T\u1eed ACS<\/title>\n<meta name=\"description\" content=\"ProArc Magicut l\u00e0 gi\u1ea3i ph\u00e1p c\u1eaft ti\u1ebft ki\u1ec7m chi ph\u00ed trong c\u00f9ng lo\u1ea1i.H\u1ed7 tr\u1ee3 plasma ti\u00eau chu\u1ea9n v\u00e0 t\u1ed1i \u0111a 4 \u0111\u00e8n c\u1eaft oxy\" \/>\n<link rel=\"canonical\" href=\"https:\/\/acsco.com.vn\/en\/product\/may-cat-cnc-kieu-gian-magicut\/\" \/>\n<meta property=\"og:locale\" content=\"en_US\" \/>\n<meta property=\"og:type\" content=\"article\" \/>\n<meta property=\"og:title\" content=\"M\u00c1Y C\u1eaeT CNC KI\u1ec2U GI\u00c0N MAGICUT - C\u00f4ng Ty TNHH C\u01a1 \u0110i\u1ec7n T\u1eed ACS\" \/>\n<meta property=\"og:description\" content=\"ProArc Magicut l\u00e0 gi\u1ea3i ph\u00e1p c\u1eaft ti\u1ebft ki\u1ec7m chi ph\u00ed trong c\u00f9ng lo\u1ea1i.H\u1ed7 tr\u1ee3 plasma ti\u00eau chu\u1ea9n v\u00e0 t\u1ed1i \u0111a 4 \u0111\u00e8n c\u1eaft oxy\" \/>\n<meta property=\"og:url\" content=\"https:\/\/acsco.com.vn\/en\/product\/may-cat-cnc-kieu-gian-magicut\/\" \/>\n<meta property=\"og:site_name\" content=\"C\u00f4ng Ty TNHH C\u01a1 \u0110i\u1ec7n T\u1eed ACS\" \/>\n<meta property=\"article:modified_time\" content=\"2025-06-13T06:20:50+00:00\" \/>\n<meta property=\"og:image\" content=\"https:\/\/acsco.com.vn\/wp-content\/uploads\/2024\/04\/1-1-600x600-1.png\" \/>\n\t<meta property=\"og:image:width\" content=\"600\" \/>\n\t<meta property=\"og:image:height\" content=\"600\" \/>\n<meta name=\"twitter:card\" content=\"summary_large_image\" \/>\n<meta name=\"twitter:label1\" content=\"Est. reading time\">\n\t<meta name=\"twitter:data1\" content=\"2 minutes\">\n<script type=\"application\/ld+json\" class=\"yoast-schema-graph\">{\"@context\":\"https:\/\/schema.org\",\"@graph\":[{\"@type\":\"WebSite\",\"@id\":\"https:\/\/acsco.com.vn\/#website\",\"url\":\"https:\/\/acsco.com.vn\/\",\"name\":\"C\\u00f4ng Ty TNHH C\\u01a1 \\u0110i\\u1ec7n T\\u1eed ACS\",\"description\":\"Give you the best solution !!!!!!\",\"potentialAction\":[{\"@type\":\"SearchAction\",\"target\":\"https:\/\/acsco.com.vn\/?s={search_term_string}\",\"query-input\":\"required name=search_term_string\"}],\"inLanguage\":\"en-US\"},{\"@type\":\"ImageObject\",\"@id\":\"https:\/\/acsco.com.vn\/san-pham\/may-cat-cnc-kieu-gian-magicut\/#primaryimage\",\"inLanguage\":\"en-US\",\"url\":\"https:\/\/acsco.com.vn\/wp-content\/uploads\/2024\/04\/1-1-600x600-1.png\",\"width\":600,\"height\":600},{\"@type\":\"WebPage\",\"@id\":\"https:\/\/acsco.com.vn\/san-pham\/may-cat-cnc-kieu-gian-magicut\/#webpage\",\"url\":\"https:\/\/acsco.com.vn\/san-pham\/may-cat-cnc-kieu-gian-magicut\/\",\"name\":\"M\\u00c1Y C\\u1eaeT CNC KI\\u1ec2U GI\\u00c0N MAGICUT - C\\u00f4ng Ty TNHH C\\u01a1 \\u0110i\\u1ec7n T\\u1eed ACS\",\"isPartOf\":{\"@id\":\"https:\/\/acsco.com.vn\/#website\"},\"primaryImageOfPage\":{\"@id\":\"https:\/\/acsco.com.vn\/san-pham\/may-cat-cnc-kieu-gian-magicut\/#primaryimage\"},\"datePublished\":\"2024-04-17T00:15:44+00:00\",\"dateModified\":\"2025-06-13T06:20:50+00:00\",\"description\":\"ProArc Magicut l\\u00e0 gi\\u1ea3i ph\\u00e1p c\\u1eaft ti\\u1ebft ki\\u1ec7m chi ph\\u00ed trong c\\u00f9ng lo\\u1ea1i.H\\u1ed7 tr\\u1ee3 plasma ti\\u00eau chu\\u1ea9n v\\u00e0 t\\u1ed1i \\u0111a 4 \\u0111\\u00e8n c\\u1eaft oxy\",\"breadcrumb\":{\"@id\":\"https:\/\/acsco.com.vn\/san-pham\/may-cat-cnc-kieu-gian-magicut\/#breadcrumb\"},\"inLanguage\":\"en-US\",\"potentialAction\":[{\"@type\":\"ReadAction\",\"target\":[\"https:\/\/acsco.com.vn\/san-pham\/may-cat-cnc-kieu-gian-magicut\/\"]}]},{\"@type\":\"BreadcrumbList\",\"@id\":\"https:\/\/acsco.com.vn\/san-pham\/may-cat-cnc-kieu-gian-magicut\/#breadcrumb\",\"itemListElement\":[{\"@type\":\"ListItem\",\"position\":1,\"item\":{\"@type\":\"WebPage\",\"@id\":\"https:\/\/acsco.com.vn\/\",\"url\":\"https:\/\/acsco.com.vn\/\",\"name\":\"Home\"}},{\"@type\":\"ListItem\",\"position\":2,\"item\":{\"@type\":\"WebPage\",\"@id\":\"https:\/\/acsco.com.vn\/san-pham\/\",\"url\":\"https:\/\/acsco.com.vn\/san-pham\/\",\"name\":\"S\\u1ea3n ph\\u1ea9m\"}},{\"@type\":\"ListItem\",\"position\":3,\"item\":{\"@type\":\"WebPage\",\"@id\":\"https:\/\/acsco.com.vn\/san-pham\/may-cat-cnc-kieu-gian-magicut\/\",\"url\":\"https:\/\/acsco.com.vn\/san-pham\/may-cat-cnc-kieu-gian-magicut\/\",\"name\":\"M\\u00c1Y C\\u1eaeT CNC KI\\u1ec2U GI\\u00c0N MAGICUT\"}}]}]}<\/script>\n<!-- \/ Yoast SEO Premium plugin. -->","_links":{"self":[{"href":"https:\/\/acsco.com.vn\/en\/wp-json\/wp\/v2\/product\/884"}],"collection":[{"href":"https:\/\/acsco.com.vn\/en\/wp-json\/wp\/v2\/product"}],"about":[{"href":"https:\/\/acsco.com.vn\/en\/wp-json\/wp\/v2\/types\/product"}],"replies":[{"embeddable":true,"href":"https:\/\/acsco.com.vn\/en\/wp-json\/wp\/v2\/comments?post=884"}],"wp:featuredmedia":[{"embeddable":true,"href":"https:\/\/acsco.com.vn\/en\/wp-json\/wp\/v2\/media\/1107"}],"wp:attachment":[{"href":"https:\/\/acsco.com.vn\/en\/wp-json\/wp\/v2\/media?parent=884"}],"wp:term":[{"taxonomy":"product_cat","embeddable":true,"href":"https:\/\/acsco.com.vn\/en\/wp-json\/wp\/v2\/product_cat?post=884"},{"taxonomy":"product_tag","embeddable":true,"href":"https:\/\/acsco.com.vn\/en\/wp-json\/wp\/v2\/product_tag?post=884"}],"curies":[{"name":"wp","href":"https:\/\/api.w.org\/{rel}","templated":true}]}}