{"id":822,"date":"2023-05-26T18:10:35","date_gmt":"2023-05-26T11:10:35","guid":{"rendered":"https:\/\/acsco.com.vn\/?post_type=product&#038;p=822"},"modified":"2026-03-13T18:45:55","modified_gmt":"2026-03-13T11:45:55","slug":"kuka-robot","status":"publish","type":"product","link":"https:\/\/acsco.com.vn\/en\/product\/kuka-robot\/","title":{"rendered":"KUKA Robot"},"content":{"rendered":"<p>\u201cKUKA offers a complete range of industrial robots. You will always find the right robot, even for difficult applications. With automation requirements suitable for basic and cost-effective robots<\/p>\n<h2><span style=\"font-size: 150%;\"><strong><span style=\"color: #ff9900;\">KR Cybertech Nano<\/span><\/strong><\/span><\/h2>\n<p>Best performance with high power density: The specialized process robots of the KR CYBERTECH nano product range are perfectly suited to the processing of small parts. You will benefit from maximum diversity for a more economical operating range with investment costs<\/p>\n<h2><span style=\"font-size: 80%;\">Flexible robot for applications such as handling, welding, palletizing<\/span><\/h2>\n<p>The industrial robots of the KR CYBERTECH nano family are optimized for handling small components in virtually unlimited areas of application. With very good payloads of 6, 8 and 10 kg and perfectly coordinated robot types, you can determine exactly which robot is really needed.<\/p>\n<h2><span style=\"font-size: 150%;\"><strong><span style=\"color: #ff9900;\">KR Cybertech Nano Arc<\/span><\/strong><\/span><\/h2>\n<p>The KR CYBERTECH nano ARC product line is optimized for slideway applications such as arc welding, gluing or sealing. Industrial robots offer ideal performance and high power density at the same time \u2013 for maximum savings at a low cost.<\/p>\n<h2><span style=\"font-size: 80%;\">Flexible, low investment robot for application such as gas shielded welding, gluing or laser cutting<\/span><\/h2>\n<p>With the new controller structure, the industrial robots of the KR CYBERTECH nano ARC series are extremely precise and fast. New ergonomics and accelerometers with less disturbing contours ensure the highest level of rail travel \u2013 even deep inside components. You will find the ideal robot model for your application with very good payloads of 6 and 8 kg.<\/p>\n<p><img loading=\"lazy\" class=\"aligncenter\" src=\"https:\/\/acsco.com.vn\/wp-content\/uploads\/2023\/05\/Kuka-Kr-Cybertech-Nano-Arc-Welding-Robot-China-Industrial-Robot-Arm-and-Robot-Handing-300x300.jpg\" alt=\"h\u00ecnh 1 .\" width=\"300\" height=\"300\" \/><\/p>\n<h2><strong><span style=\"color: #ff9900; font-size: 150%;\">Advantages<\/span><\/strong><\/h2>\n<p><span style=\"font-size: 110%;\"><strong>Fast and accurate<\/strong><\/span><\/p>\n<p>The industrial robots of the KR CYBERTECH series achieve exceptionally high speeds and thus work faster \u2013 with constant precision.<\/p>\n<p><strong>Comprehensive catalog<\/strong><\/p>\n<p>The KR CYBERTECH series is suitable for machining, handling large parts, installation. Various special versions are planned.<\/p>\n<p><strong>Flexible installation<\/strong><\/p>\n<p>For plan security and low cost in cell model design: Install flexible robots on the floor, on the wall, ceiling or even at a certain angle.<\/p>\n<p><strong>Various power supplies<\/strong><\/p>\n<p>Power supply leads and cables provide a wide range of compatible EZs.<\/p>\n<p><strong>Improved movement behavior<\/strong><\/p>\n<p>Optimum control structures ensure smooth handling of movement behavior<\/p>\n<p class=\"titleico\">Address:\u00a0<a href=\"https:\/\/www.google.com\/maps\/place\/57+%C4%90.+S1,+T%C3%A2y+Th%E1%BA%A1nh,+T%C3%A2n+Ph%C3%BA,+Th%C3%A0nh+ph%E1%BB%91+H%E1%BB%93+Ch%C3%AD+Minh,+Vi%E1%BB%87t+Nam\/@10.8126943,106.615894,17z\/data=!3m1!4b1!4m6!3m5!1s0x31752be634ad77b1:0x361c3fedc15298ea!8m2!3d10.812689!4d106.6184689!16s%2Fg%2F11fy2y0j5q?hl=vi\">No. 57 S1 Street, Tay Thanh Ward, Tan Phu District, HCMC.<\/a><\/p>\n<p class=\"titleico\">Email: info@acsco.vn<\/p>\n<p class=\"titleico\">Hotline:\u00a0<a href=\"tel:0909124518\">0909.124.518<\/a><\/p>\n<p class=\"titleico\">Website: www.acsco.vn<\/p>\n<p class=\"titleico\">\n<p>&nbsp;<\/p>\n<p>&nbsp;<\/p>\n<p>&nbsp;<\/p>\n<p class=\"titleico\">","protected":false},"excerpt":{"rendered":"<p>\u201cKUKA cung c\u1ea5p m\u1ed9t d\u1ea3i \u0111\u1ea7y \u0111\u1ee7 c\u00e1c d\u00f2ng robot c\u00f4ng nghi\u1ec7p. B\u1ea1n s\u1ebd lu\u00f4n&#8230;<\/p>","protected":false},"featured_media":823,"comment_status":"open","ping_status":"closed","template":"","meta":[],"product_cat":[15,72],"product_tag":[],"yoast_head":"<!-- This site is optimized with the Yoast SEO Premium plugin v15.9.2 - https:\/\/yoast.com\/wordpress\/plugins\/seo\/ -->\n<title>KUKA Robot - C\u00f4ng Ty TNHH C\u01a1 \u0110i\u1ec7n T\u1eed ACS<\/title>\n<meta name=\"description\" content=\"\u201cKUKA cung c\u1ea5p m\u1ed9t d\u1ea3i \u0111\u1ea7y \u0111\u1ee7 c\u00e1c d\u00f2ng robot c\u00f4ng nghi\u1ec7p. B\u1ea1n s\u1ebd lu\u00f4n t\u00ecm \u0111\u01b0\u1ee3c robot ph\u00f9 h\u1ee3p, k\u1ec3 c\u1ea3 cho nh\u1eefng \u1ee9ng d\u1ee5ng kh\u00f3 kh\u0103n\" \/>\n<link rel=\"canonical\" href=\"https:\/\/acsco.com.vn\/en\/product\/kuka-robot\/\" \/>\n<meta property=\"og:locale\" content=\"en_US\" \/>\n<meta property=\"og:type\" content=\"article\" \/>\n<meta property=\"og:title\" content=\"KUKA Robot - C\u00f4ng Ty TNHH C\u01a1 \u0110i\u1ec7n T\u1eed ACS\" \/>\n<meta property=\"og:description\" content=\"\u201cKUKA cung c\u1ea5p m\u1ed9t d\u1ea3i \u0111\u1ea7y \u0111\u1ee7 c\u00e1c d\u00f2ng robot c\u00f4ng nghi\u1ec7p. B\u1ea1n s\u1ebd lu\u00f4n t\u00ecm \u0111\u01b0\u1ee3c robot ph\u00f9 h\u1ee3p, k\u1ec3 c\u1ea3 cho nh\u1eefng \u1ee9ng d\u1ee5ng kh\u00f3 kh\u0103n\" \/>\n<meta property=\"og:url\" content=\"https:\/\/acsco.com.vn\/en\/product\/kuka-robot\/\" \/>\n<meta property=\"og:site_name\" content=\"C\u00f4ng Ty TNHH C\u01a1 \u0110i\u1ec7n T\u1eed ACS\" \/>\n<meta property=\"article:modified_time\" content=\"2026-03-13T11:45:55+00:00\" \/>\n<meta property=\"og:image\" content=\"https:\/\/acsco.com.vn\/wp-content\/uploads\/2023\/05\/Kuka-Kr-Cybertech-Nano-Arc-Welding-Robot-China-Industrial-Robot-Arm-and-Robot-Handing.jpg\" \/>\n\t<meta property=\"og:image:width\" content=\"964\" \/>\n\t<meta property=\"og:image:height\" content=\"788\" \/>\n<meta name=\"twitter:card\" content=\"summary_large_image\" \/>\n<meta name=\"twitter:label1\" content=\"Est. reading time\">\n\t<meta name=\"twitter:data1\" content=\"3 minutes\">\n<script type=\"application\/ld+json\" class=\"yoast-schema-graph\">{\"@context\":\"https:\/\/schema.org\",\"@graph\":[{\"@type\":\"WebSite\",\"@id\":\"https:\/\/acsco.com.vn\/#website\",\"url\":\"https:\/\/acsco.com.vn\/\",\"name\":\"C\\u00f4ng Ty TNHH C\\u01a1 \\u0110i\\u1ec7n T\\u1eed ACS\",\"description\":\"Give you the best solution !!!!!!\",\"potentialAction\":[{\"@type\":\"SearchAction\",\"target\":\"https:\/\/acsco.com.vn\/?s={search_term_string}\",\"query-input\":\"required name=search_term_string\"}],\"inLanguage\":\"en-US\"},{\"@type\":\"ImageObject\",\"@id\":\"https:\/\/acsco.com.vn\/san-pham\/kuka-robot\/#primaryimage\",\"inLanguage\":\"en-US\",\"url\":\"https:\/\/acsco.com.vn\/wp-content\/uploads\/2023\/05\/Kuka-Kr-Cybertech-Nano-Arc-Welding-Robot-China-Industrial-Robot-Arm-and-Robot-Handing.jpg\",\"width\":964,\"height\":788},{\"@type\":\"WebPage\",\"@id\":\"https:\/\/acsco.com.vn\/san-pham\/kuka-robot\/#webpage\",\"url\":\"https:\/\/acsco.com.vn\/san-pham\/kuka-robot\/\",\"name\":\"KUKA Robot - C\\u00f4ng Ty TNHH C\\u01a1 \\u0110i\\u1ec7n T\\u1eed ACS\",\"isPartOf\":{\"@id\":\"https:\/\/acsco.com.vn\/#website\"},\"primaryImageOfPage\":{\"@id\":\"https:\/\/acsco.com.vn\/san-pham\/kuka-robot\/#primaryimage\"},\"datePublished\":\"2023-05-26T11:10:35+00:00\",\"dateModified\":\"2026-03-13T11:45:55+00:00\",\"description\":\"\\u201cKUKA cung c\\u1ea5p m\\u1ed9t d\\u1ea3i \\u0111\\u1ea7y \\u0111\\u1ee7 c\\u00e1c d\\u00f2ng robot c\\u00f4ng nghi\\u1ec7p. B\\u1ea1n s\\u1ebd lu\\u00f4n t\\u00ecm \\u0111\\u01b0\\u1ee3c robot ph\\u00f9 h\\u1ee3p, k\\u1ec3 c\\u1ea3 cho nh\\u1eefng \\u1ee9ng d\\u1ee5ng kh\\u00f3 kh\\u0103n\",\"breadcrumb\":{\"@id\":\"https:\/\/acsco.com.vn\/san-pham\/kuka-robot\/#breadcrumb\"},\"inLanguage\":\"en-US\",\"potentialAction\":[{\"@type\":\"ReadAction\",\"target\":[\"https:\/\/acsco.com.vn\/san-pham\/kuka-robot\/\"]}]},{\"@type\":\"BreadcrumbList\",\"@id\":\"https:\/\/acsco.com.vn\/san-pham\/kuka-robot\/#breadcrumb\",\"itemListElement\":[{\"@type\":\"ListItem\",\"position\":1,\"item\":{\"@type\":\"WebPage\",\"@id\":\"https:\/\/acsco.com.vn\/\",\"url\":\"https:\/\/acsco.com.vn\/\",\"name\":\"Home\"}},{\"@type\":\"ListItem\",\"position\":2,\"item\":{\"@type\":\"WebPage\",\"@id\":\"https:\/\/acsco.com.vn\/san-pham\/\",\"url\":\"https:\/\/acsco.com.vn\/san-pham\/\",\"name\":\"S\\u1ea3n ph\\u1ea9m\"}},{\"@type\":\"ListItem\",\"position\":3,\"item\":{\"@type\":\"WebPage\",\"@id\":\"https:\/\/acsco.com.vn\/san-pham\/kuka-robot\/\",\"url\":\"https:\/\/acsco.com.vn\/san-pham\/kuka-robot\/\",\"name\":\"KUKA Robot\"}}]}]}<\/script>\n<!-- \/ Yoast SEO Premium plugin. -->","_links":{"self":[{"href":"https:\/\/acsco.com.vn\/en\/wp-json\/wp\/v2\/product\/822"}],"collection":[{"href":"https:\/\/acsco.com.vn\/en\/wp-json\/wp\/v2\/product"}],"about":[{"href":"https:\/\/acsco.com.vn\/en\/wp-json\/wp\/v2\/types\/product"}],"replies":[{"embeddable":true,"href":"https:\/\/acsco.com.vn\/en\/wp-json\/wp\/v2\/comments?post=822"}],"wp:featuredmedia":[{"embeddable":true,"href":"https:\/\/acsco.com.vn\/en\/wp-json\/wp\/v2\/media\/823"}],"wp:attachment":[{"href":"https:\/\/acsco.com.vn\/en\/wp-json\/wp\/v2\/media?parent=822"}],"wp:term":[{"taxonomy":"product_cat","embeddable":true,"href":"https:\/\/acsco.com.vn\/en\/wp-json\/wp\/v2\/product_cat?post=822"},{"taxonomy":"product_tag","embeddable":true,"href":"https:\/\/acsco.com.vn\/en\/wp-json\/wp\/v2\/product_tag?post=822"}],"curies":[{"name":"wp","href":"https:\/\/api.w.org\/{rel}","templated":true}]}}