{"id":304,"date":"2022-06-10T14:56:39","date_gmt":"2022-06-10T07:56:39","guid":{"rendered":"https:\/\/acsco.123websitedev.com\/?post_type=product&#038;p=304"},"modified":"2022-06-10T14:57:31","modified_gmt":"2022-06-10T07:57:31","slug":"dien-cuc-hpr130-260xd-220435-ur","status":"publish","type":"product","link":"https:\/\/acsco.com.vn\/en\/product\/dien-cuc-hpr130-260xd-220435-ur\/","title":{"rendered":"Electrode HPR130\/260XD \u2013 220435-UR"},"content":{"rendered":"<p>Plasma electrode for cutting machine HPR130\/260XD<\/p>\n<p>Code : 220435-UR<\/p>\n<p>Producer: Thermacut<\/p>","protected":false},"excerpt":{"rendered":"<ul>\n<li>Electrode 260A MS<\/li>\n<li>Genuine product, made in Cezch<\/li>\n<\/ul>","protected":false},"featured_media":305,"comment_status":"closed","ping_status":"closed","template":"","meta":[],"product_cat":[26,40],"product_tag":[],"yoast_head":"<!-- This site is optimized with the Yoast SEO Premium plugin v15.9.2 - https:\/\/yoast.com\/wordpress\/plugins\/seo\/ -->\n<title>\u0110i\u1ec7n c\u1ef1c HPR130\/260XD \u2013 220435-UR - C\u00f4ng Ty TNHH C\u01a1 \u0110i\u1ec7n T\u1eed ACS<\/title>\n<link rel=\"canonical\" href=\"https:\/\/acsco.com.vn\/en\/product\/dien-cuc-hpr130-260xd-220435-ur\/\" \/>\n<meta property=\"og:locale\" content=\"en_US\" \/>\n<meta property=\"og:type\" content=\"article\" \/>\n<meta property=\"og:title\" content=\"\u0110i\u1ec7n c\u1ef1c HPR130\/260XD \u2013 220435-UR - C\u00f4ng Ty TNHH C\u01a1 \u0110i\u1ec7n T\u1eed ACS\" \/>\n<meta property=\"og:description\" content=\"Electrode 260A MS  H\u00e0ng ch\u00ednh h\u00e3ng, s\u1ea3n xu\u1ea5t t\u1ea1i Cezch\" \/>\n<meta property=\"og:url\" content=\"https:\/\/acsco.com.vn\/en\/product\/dien-cuc-hpr130-260xd-220435-ur\/\" \/>\n<meta property=\"og:site_name\" content=\"C\u00f4ng Ty TNHH C\u01a1 \u0110i\u1ec7n T\u1eed ACS\" \/>\n<meta property=\"article:modified_time\" content=\"2022-06-10T07:57:31+00:00\" \/>\n<meta property=\"og:image\" content=\"https:\/\/acsco.com.vn\/wp-content\/uploads\/2022\/06\/220435-UR-650x650-1.jpg\" \/>\n\t<meta property=\"og:image:width\" content=\"650\" \/>\n\t<meta property=\"og:image:height\" content=\"650\" \/>\n<meta name=\"twitter:card\" content=\"summary_large_image\" \/>\n<script type=\"application\/ld+json\" class=\"yoast-schema-graph\">{\"@context\":\"https:\/\/schema.org\",\"@graph\":[{\"@type\":\"WebSite\",\"@id\":\"https:\/\/acsco.com.vn\/#website\",\"url\":\"https:\/\/acsco.com.vn\/\",\"name\":\"C\\u00f4ng Ty TNHH C\\u01a1 \\u0110i\\u1ec7n T\\u1eed ACS\",\"description\":\"Give you the best solution !!!!!!\",\"potentialAction\":[{\"@type\":\"SearchAction\",\"target\":\"https:\/\/acsco.com.vn\/?s={search_term_string}\",\"query-input\":\"required name=search_term_string\"}],\"inLanguage\":\"en-US\"},{\"@type\":\"ImageObject\",\"@id\":\"https:\/\/acsco.com.vn\/san-pham\/dien-cuc-hpr130-260xd-220435-ur\/#primaryimage\",\"inLanguage\":\"en-US\",\"url\":\"https:\/\/acsco.com.vn\/wp-content\/uploads\/2022\/06\/220435-UR-650x650-1.jpg\",\"width\":650,\"height\":650},{\"@type\":\"WebPage\",\"@id\":\"https:\/\/acsco.com.vn\/san-pham\/dien-cuc-hpr130-260xd-220435-ur\/#webpage\",\"url\":\"https:\/\/acsco.com.vn\/san-pham\/dien-cuc-hpr130-260xd-220435-ur\/\",\"name\":\"\\u0110i\\u1ec7n c\\u1ef1c HPR130\/260XD \\u2013 220435-UR - C\\u00f4ng Ty TNHH C\\u01a1 \\u0110i\\u1ec7n T\\u1eed ACS\",\"isPartOf\":{\"@id\":\"https:\/\/acsco.com.vn\/#website\"},\"primaryImageOfPage\":{\"@id\":\"https:\/\/acsco.com.vn\/san-pham\/dien-cuc-hpr130-260xd-220435-ur\/#primaryimage\"},\"datePublished\":\"2022-06-10T07:56:39+00:00\",\"dateModified\":\"2022-06-10T07:57:31+00:00\",\"breadcrumb\":{\"@id\":\"https:\/\/acsco.com.vn\/san-pham\/dien-cuc-hpr130-260xd-220435-ur\/#breadcrumb\"},\"inLanguage\":\"en-US\",\"potentialAction\":[{\"@type\":\"ReadAction\",\"target\":[\"https:\/\/acsco.com.vn\/san-pham\/dien-cuc-hpr130-260xd-220435-ur\/\"]}]},{\"@type\":\"BreadcrumbList\",\"@id\":\"https:\/\/acsco.com.vn\/san-pham\/dien-cuc-hpr130-260xd-220435-ur\/#breadcrumb\",\"itemListElement\":[{\"@type\":\"ListItem\",\"position\":1,\"item\":{\"@type\":\"WebPage\",\"@id\":\"https:\/\/acsco.com.vn\/\",\"url\":\"https:\/\/acsco.com.vn\/\",\"name\":\"Home\"}},{\"@type\":\"ListItem\",\"position\":2,\"item\":{\"@type\":\"WebPage\",\"@id\":\"https:\/\/acsco.com.vn\/san-pham\/\",\"url\":\"https:\/\/acsco.com.vn\/san-pham\/\",\"name\":\"S\\u1ea3n ph\\u1ea9m\"}},{\"@type\":\"ListItem\",\"position\":3,\"item\":{\"@type\":\"WebPage\",\"@id\":\"https:\/\/acsco.com.vn\/san-pham\/dien-cuc-hpr130-260xd-220435-ur\/\",\"url\":\"https:\/\/acsco.com.vn\/san-pham\/dien-cuc-hpr130-260xd-220435-ur\/\",\"name\":\"\\u0110i\\u1ec7n c\\u1ef1c HPR130\/260XD \\u2013 220435-UR\"}}]}]}<\/script>\n<!-- \/ Yoast SEO Premium plugin. -->","_links":{"self":[{"href":"https:\/\/acsco.com.vn\/en\/wp-json\/wp\/v2\/product\/304"}],"collection":[{"href":"https:\/\/acsco.com.vn\/en\/wp-json\/wp\/v2\/product"}],"about":[{"href":"https:\/\/acsco.com.vn\/en\/wp-json\/wp\/v2\/types\/product"}],"replies":[{"embeddable":true,"href":"https:\/\/acsco.com.vn\/en\/wp-json\/wp\/v2\/comments?post=304"}],"wp:featuredmedia":[{"embeddable":true,"href":"https:\/\/acsco.com.vn\/en\/wp-json\/wp\/v2\/media\/305"}],"wp:attachment":[{"href":"https:\/\/acsco.com.vn\/en\/wp-json\/wp\/v2\/media?parent=304"}],"wp:term":[{"taxonomy":"product_cat","embeddable":true,"href":"https:\/\/acsco.com.vn\/en\/wp-json\/wp\/v2\/product_cat?post=304"},{"taxonomy":"product_tag","embeddable":true,"href":"https:\/\/acsco.com.vn\/en\/wp-json\/wp\/v2\/product_tag?post=304"}],"curies":[{"name":"wp","href":"https:\/\/api.w.org\/{rel}","templated":true}]}}