{"id":291,"date":"2022-06-10T14:46:10","date_gmt":"2022-06-10T07:46:10","guid":{"rendered":"https:\/\/acsco.123websitedev.com\/?post_type=product&#038;p=291"},"modified":"2022-06-10T14:47:18","modified_gmt":"2022-06-10T07:47:18","slug":"vong-tao-loc-maxpro200-220488","status":"publish","type":"product","link":"https:\/\/acsco.com.vn\/en\/product\/vong-tao-loc-maxpro200-220488\/","title":{"rendered":"Cyclone Maxpro200 \u2013 220488"},"content":{"rendered":"<p>Cycling ring used for cutting machine Maxpro200<br \/>\nCode: 220488<br \/>\nUse for maximum cutting current: 130A \u2013 200A<\/p>\n<p>Producer: Thermacut<\/p>","protected":false},"excerpt":{"rendered":"<ul>\n<li>Swirl Ring 130A O2<\/li>\n<li>Genuine product, made in Cezch<\/li>\n<\/ul>","protected":false},"featured_media":292,"comment_status":"closed","ping_status":"closed","template":"","meta":[],"product_cat":[26,39],"product_tag":[],"yoast_head":"<!-- This site is optimized with the Yoast SEO Premium plugin v15.9.2 - https:\/\/yoast.com\/wordpress\/plugins\/seo\/ -->\n<title>V\u00f2ng t\u1ea1o l\u1ed1c Maxpro200 \u2013 220488 - C\u00f4ng Ty TNHH C\u01a1 \u0110i\u1ec7n T\u1eed ACS<\/title>\n<link rel=\"canonical\" href=\"https:\/\/acsco.com.vn\/en\/product\/vong-tao-loc-maxpro200-220488\/\" \/>\n<meta property=\"og:locale\" content=\"en_US\" \/>\n<meta property=\"og:type\" content=\"article\" \/>\n<meta property=\"og:title\" content=\"V\u00f2ng t\u1ea1o l\u1ed1c Maxpro200 \u2013 220488 - C\u00f4ng Ty TNHH C\u01a1 \u0110i\u1ec7n T\u1eed ACS\" \/>\n<meta property=\"og:description\" content=\"Swirl Ring 130A O2  H\u00e0ng ch\u00ednh h\u00e3ng, s\u1ea3n xu\u1ea5t t\u1ea1i Cezch\" \/>\n<meta property=\"og:url\" content=\"https:\/\/acsco.com.vn\/en\/product\/vong-tao-loc-maxpro200-220488\/\" \/>\n<meta property=\"og:site_name\" content=\"C\u00f4ng Ty TNHH C\u01a1 \u0110i\u1ec7n T\u1eed ACS\" \/>\n<meta property=\"article:modified_time\" content=\"2022-06-10T07:47:18+00:00\" \/>\n<meta property=\"og:image\" content=\"https:\/\/acsco.com.vn\/wp-content\/uploads\/2022\/06\/Vong-tao-loc-200A-220488-650x650-1.jpg\" \/>\n\t<meta property=\"og:image:width\" content=\"650\" \/>\n\t<meta property=\"og:image:height\" content=\"650\" \/>\n<meta name=\"twitter:card\" content=\"summary_large_image\" \/>\n<script type=\"application\/ld+json\" class=\"yoast-schema-graph\">{\"@context\":\"https:\/\/schema.org\",\"@graph\":[{\"@type\":\"WebSite\",\"@id\":\"https:\/\/acsco.com.vn\/#website\",\"url\":\"https:\/\/acsco.com.vn\/\",\"name\":\"C\\u00f4ng Ty TNHH C\\u01a1 \\u0110i\\u1ec7n T\\u1eed ACS\",\"description\":\"Give you the best solution !!!!!!\",\"potentialAction\":[{\"@type\":\"SearchAction\",\"target\":\"https:\/\/acsco.com.vn\/?s={search_term_string}\",\"query-input\":\"required name=search_term_string\"}],\"inLanguage\":\"en-US\"},{\"@type\":\"ImageObject\",\"@id\":\"https:\/\/acsco.com.vn\/san-pham\/vong-tao-loc-maxpro200-220488\/#primaryimage\",\"inLanguage\":\"en-US\",\"url\":\"https:\/\/acsco.com.vn\/wp-content\/uploads\/2022\/06\/Vong-tao-loc-200A-220488-650x650-1.jpg\",\"width\":650,\"height\":650},{\"@type\":\"WebPage\",\"@id\":\"https:\/\/acsco.com.vn\/san-pham\/vong-tao-loc-maxpro200-220488\/#webpage\",\"url\":\"https:\/\/acsco.com.vn\/san-pham\/vong-tao-loc-maxpro200-220488\/\",\"name\":\"V\\u00f2ng t\\u1ea1o l\\u1ed1c Maxpro200 \\u2013 220488 - C\\u00f4ng Ty TNHH C\\u01a1 \\u0110i\\u1ec7n T\\u1eed ACS\",\"isPartOf\":{\"@id\":\"https:\/\/acsco.com.vn\/#website\"},\"primaryImageOfPage\":{\"@id\":\"https:\/\/acsco.com.vn\/san-pham\/vong-tao-loc-maxpro200-220488\/#primaryimage\"},\"datePublished\":\"2022-06-10T07:46:10+00:00\",\"dateModified\":\"2022-06-10T07:47:18+00:00\",\"breadcrumb\":{\"@id\":\"https:\/\/acsco.com.vn\/san-pham\/vong-tao-loc-maxpro200-220488\/#breadcrumb\"},\"inLanguage\":\"en-US\",\"potentialAction\":[{\"@type\":\"ReadAction\",\"target\":[\"https:\/\/acsco.com.vn\/san-pham\/vong-tao-loc-maxpro200-220488\/\"]}]},{\"@type\":\"BreadcrumbList\",\"@id\":\"https:\/\/acsco.com.vn\/san-pham\/vong-tao-loc-maxpro200-220488\/#breadcrumb\",\"itemListElement\":[{\"@type\":\"ListItem\",\"position\":1,\"item\":{\"@type\":\"WebPage\",\"@id\":\"https:\/\/acsco.com.vn\/\",\"url\":\"https:\/\/acsco.com.vn\/\",\"name\":\"Home\"}},{\"@type\":\"ListItem\",\"position\":2,\"item\":{\"@type\":\"WebPage\",\"@id\":\"https:\/\/acsco.com.vn\/san-pham\/\",\"url\":\"https:\/\/acsco.com.vn\/san-pham\/\",\"name\":\"S\\u1ea3n ph\\u1ea9m\"}},{\"@type\":\"ListItem\",\"position\":3,\"item\":{\"@type\":\"WebPage\",\"@id\":\"https:\/\/acsco.com.vn\/san-pham\/vong-tao-loc-maxpro200-220488\/\",\"url\":\"https:\/\/acsco.com.vn\/san-pham\/vong-tao-loc-maxpro200-220488\/\",\"name\":\"V\\u00f2ng t\\u1ea1o l\\u1ed1c Maxpro200 \\u2013 220488\"}}]}]}<\/script>\n<!-- \/ Yoast SEO Premium plugin. -->","_links":{"self":[{"href":"https:\/\/acsco.com.vn\/en\/wp-json\/wp\/v2\/product\/291"}],"collection":[{"href":"https:\/\/acsco.com.vn\/en\/wp-json\/wp\/v2\/product"}],"about":[{"href":"https:\/\/acsco.com.vn\/en\/wp-json\/wp\/v2\/types\/product"}],"replies":[{"embeddable":true,"href":"https:\/\/acsco.com.vn\/en\/wp-json\/wp\/v2\/comments?post=291"}],"wp:featuredmedia":[{"embeddable":true,"href":"https:\/\/acsco.com.vn\/en\/wp-json\/wp\/v2\/media\/292"}],"wp:attachment":[{"href":"https:\/\/acsco.com.vn\/en\/wp-json\/wp\/v2\/media?parent=291"}],"wp:term":[{"taxonomy":"product_cat","embeddable":true,"href":"https:\/\/acsco.com.vn\/en\/wp-json\/wp\/v2\/product_cat?post=291"},{"taxonomy":"product_tag","embeddable":true,"href":"https:\/\/acsco.com.vn\/en\/wp-json\/wp\/v2\/product_tag?post=291"}],"curies":[{"name":"wp","href":"https:\/\/api.w.org\/{rel}","templated":true}]}}