{"id":287,"date":"2022-06-10T14:40:50","date_gmt":"2022-06-10T07:40:50","guid":{"rendered":"https:\/\/acsco.123websitedev.com\/?post_type=product&#038;p=287"},"modified":"2022-06-10T14:44:30","modified_gmt":"2022-06-10T07:44:30","slug":"ong-lam-mat-maxpro200-220521-ur","status":"publish","type":"product","link":"https:\/\/acsco.com.vn\/en\/product\/ong-lam-mat-maxpro200-220521-ur\/","title":{"rendered":"MaxPro200 cooling tube \u2013 220521-UR"},"content":{"rendered":"<p>Cooling pipe for MaxPro200 cutter<\/p>\n<p>Code: 220521-UR<\/p>\n<p>Producer: Thermacut<\/p>","protected":false},"excerpt":{"rendered":"<ul>\n<li>Water Tube<\/li>\n<li>Genuine product, made in Cezch<\/li>\n<\/ul>","protected":false},"featured_media":288,"comment_status":"closed","ping_status":"closed","template":"","meta":[],"product_cat":[26,39],"product_tag":[],"yoast_head":"<!-- This site is optimized with the Yoast SEO Premium plugin v15.9.2 - https:\/\/yoast.com\/wordpress\/plugins\/seo\/ -->\n<title>\u1ed0ng l\u00e0m m\u00e1t MaxPro200 \u2013 220521-UR - C\u00f4ng Ty TNHH C\u01a1 \u0110i\u1ec7n T\u1eed ACS<\/title>\n<link rel=\"canonical\" href=\"https:\/\/acsco.com.vn\/en\/product\/ong-lam-mat-maxpro200-220521-ur\/\" \/>\n<meta property=\"og:locale\" content=\"en_US\" \/>\n<meta property=\"og:type\" content=\"article\" \/>\n<meta property=\"og:title\" content=\"\u1ed0ng l\u00e0m m\u00e1t MaxPro200 \u2013 220521-UR - C\u00f4ng Ty TNHH C\u01a1 \u0110i\u1ec7n T\u1eed ACS\" \/>\n<meta property=\"og:description\" content=\"Water Tube  H\u00e0ng ch\u00ednh h\u00e3ng, s\u1ea3n xu\u1ea5t t\u1ea1i Cezch\" \/>\n<meta property=\"og:url\" content=\"https:\/\/acsco.com.vn\/en\/product\/ong-lam-mat-maxpro200-220521-ur\/\" \/>\n<meta property=\"og:site_name\" content=\"C\u00f4ng Ty TNHH C\u01a1 \u0110i\u1ec7n T\u1eed ACS\" \/>\n<meta property=\"article:modified_time\" content=\"2022-06-10T07:44:30+00:00\" \/>\n<meta property=\"og:image\" content=\"https:\/\/acsco.com.vn\/wp-content\/uploads\/2022\/06\/Ong-lam-mat-200A-220521-UR-650x650-1.jpg\" \/>\n\t<meta property=\"og:image:width\" content=\"650\" \/>\n\t<meta property=\"og:image:height\" content=\"650\" \/>\n<meta name=\"twitter:card\" content=\"summary_large_image\" \/>\n<script type=\"application\/ld+json\" class=\"yoast-schema-graph\">{\"@context\":\"https:\/\/schema.org\",\"@graph\":[{\"@type\":\"WebSite\",\"@id\":\"https:\/\/acsco.com.vn\/#website\",\"url\":\"https:\/\/acsco.com.vn\/\",\"name\":\"C\\u00f4ng Ty TNHH C\\u01a1 \\u0110i\\u1ec7n T\\u1eed ACS\",\"description\":\"Give you the best solution !!!!!!\",\"potentialAction\":[{\"@type\":\"SearchAction\",\"target\":\"https:\/\/acsco.com.vn\/?s={search_term_string}\",\"query-input\":\"required name=search_term_string\"}],\"inLanguage\":\"en-US\"},{\"@type\":\"ImageObject\",\"@id\":\"https:\/\/acsco.com.vn\/san-pham\/ong-lam-mat-maxpro200-220521-ur\/#primaryimage\",\"inLanguage\":\"en-US\",\"url\":\"https:\/\/acsco.com.vn\/wp-content\/uploads\/2022\/06\/Ong-lam-mat-200A-220521-UR-650x650-1.jpg\",\"width\":650,\"height\":650},{\"@type\":\"WebPage\",\"@id\":\"https:\/\/acsco.com.vn\/san-pham\/ong-lam-mat-maxpro200-220521-ur\/#webpage\",\"url\":\"https:\/\/acsco.com.vn\/san-pham\/ong-lam-mat-maxpro200-220521-ur\/\",\"name\":\"\\u1ed0ng l\\u00e0m m\\u00e1t MaxPro200 \\u2013 220521-UR - C\\u00f4ng Ty TNHH C\\u01a1 \\u0110i\\u1ec7n T\\u1eed ACS\",\"isPartOf\":{\"@id\":\"https:\/\/acsco.com.vn\/#website\"},\"primaryImageOfPage\":{\"@id\":\"https:\/\/acsco.com.vn\/san-pham\/ong-lam-mat-maxpro200-220521-ur\/#primaryimage\"},\"datePublished\":\"2022-06-10T07:40:50+00:00\",\"dateModified\":\"2022-06-10T07:44:30+00:00\",\"breadcrumb\":{\"@id\":\"https:\/\/acsco.com.vn\/san-pham\/ong-lam-mat-maxpro200-220521-ur\/#breadcrumb\"},\"inLanguage\":\"en-US\",\"potentialAction\":[{\"@type\":\"ReadAction\",\"target\":[\"https:\/\/acsco.com.vn\/san-pham\/ong-lam-mat-maxpro200-220521-ur\/\"]}]},{\"@type\":\"BreadcrumbList\",\"@id\":\"https:\/\/acsco.com.vn\/san-pham\/ong-lam-mat-maxpro200-220521-ur\/#breadcrumb\",\"itemListElement\":[{\"@type\":\"ListItem\",\"position\":1,\"item\":{\"@type\":\"WebPage\",\"@id\":\"https:\/\/acsco.com.vn\/\",\"url\":\"https:\/\/acsco.com.vn\/\",\"name\":\"Home\"}},{\"@type\":\"ListItem\",\"position\":2,\"item\":{\"@type\":\"WebPage\",\"@id\":\"https:\/\/acsco.com.vn\/san-pham\/\",\"url\":\"https:\/\/acsco.com.vn\/san-pham\/\",\"name\":\"S\\u1ea3n ph\\u1ea9m\"}},{\"@type\":\"ListItem\",\"position\":3,\"item\":{\"@type\":\"WebPage\",\"@id\":\"https:\/\/acsco.com.vn\/san-pham\/ong-lam-mat-maxpro200-220521-ur\/\",\"url\":\"https:\/\/acsco.com.vn\/san-pham\/ong-lam-mat-maxpro200-220521-ur\/\",\"name\":\"\\u1ed0ng l\\u00e0m m\\u00e1t MaxPro200 \\u2013 220521-UR\"}}]}]}<\/script>\n<!-- \/ Yoast SEO Premium plugin. -->","_links":{"self":[{"href":"https:\/\/acsco.com.vn\/en\/wp-json\/wp\/v2\/product\/287"}],"collection":[{"href":"https:\/\/acsco.com.vn\/en\/wp-json\/wp\/v2\/product"}],"about":[{"href":"https:\/\/acsco.com.vn\/en\/wp-json\/wp\/v2\/types\/product"}],"replies":[{"embeddable":true,"href":"https:\/\/acsco.com.vn\/en\/wp-json\/wp\/v2\/comments?post=287"}],"wp:featuredmedia":[{"embeddable":true,"href":"https:\/\/acsco.com.vn\/en\/wp-json\/wp\/v2\/media\/288"}],"wp:attachment":[{"href":"https:\/\/acsco.com.vn\/en\/wp-json\/wp\/v2\/media?parent=287"}],"wp:term":[{"taxonomy":"product_cat","embeddable":true,"href":"https:\/\/acsco.com.vn\/en\/wp-json\/wp\/v2\/product_cat?post=287"},{"taxonomy":"product_tag","embeddable":true,"href":"https:\/\/acsco.com.vn\/en\/wp-json\/wp\/v2\/product_tag?post=287"}],"curies":[{"name":"wp","href":"https:\/\/api.w.org\/{rel}","templated":true}]}}