{"id":1671,"date":"2025-06-27T10:48:47","date_gmt":"2025-06-27T03:48:47","guid":{"rendered":"https:\/\/acsco.com.vn\/?post_type=product&#038;p=1671"},"modified":"2025-06-27T10:48:47","modified_gmt":"2025-06-27T03:48:47","slug":"x5-800-7a-dual","status":"publish","type":"product","link":"https:\/\/acsco.com.vn\/en\/product\/x5-800-7a-dual\/","title":{"rendered":"X5-800 7A Dual"},"content":{"rendered":"<p>Cobot hai tay l\u00e0 m\u1ed9t gi\u1ea3i ph\u00e1p t\u1ef1 \u0111\u1ed9ng h\u00f3a linh ho\u1ea1t, an to\u00e0n v\u00e0 d\u1ec5 tri\u1ec3n khai. V\u1edbi kh\u1ea3 n\u0103ng \u0111\u1ecbnh v\u1ecb v\u00e0 v\u1eadn h\u00e0nh nhanh ch\u00f3ng, ch\u00ednh x\u00e1c v\u00e0 linh ho\u1ea1t, n\u00f3 mang l\u1ea1i hi\u1ec7u qu\u1ea3 cao trong c\u00e1c \u1ee9ng d\u1ee5ng l\u1eafp r\u00e1p. \u0110\u1ed3ng th\u1eddi, cobot n\u00e0y c\u00f2n t\u1ea1o ra m\u1ed9t m\u00f4i tr\u01b0\u1eddng l\u00e0m vi\u1ec7c th\u00e2n thi\u1ec7n h\u01a1n, gi\u00fap ng\u01b0\u1eddi d\u00f9ng c\u00f3 th\u00eam t\u1ef1 do, kh\u1ea3 n\u0103ng s\u00e1ng t\u1ea1o v\u00e0 tr\u1ea3i nghi\u1ec7m ph\u00e1t tri\u1ec3n to\u00e0n di\u1ec7n h\u01a1n.<\/p>","protected":false},"excerpt":{"rendered":"<p>Cobot hai tay l\u00e0 m\u1ed9t gi\u1ea3i ph\u00e1p t\u1ef1 \u0111\u1ed9ng h\u00f3a linh ho\u1ea1t, an to\u00e0n v\u00e0&#8230;<\/p>","protected":false},"featured_media":1672,"comment_status":"open","ping_status":"closed","template":"","meta":[],"product_cat":[82],"product_tag":[],"yoast_head":"<!-- This site is optimized with the Yoast SEO Premium plugin v15.9.2 - https:\/\/yoast.com\/wordpress\/plugins\/seo\/ -->\n<title>X5-800 7A Dual - C\u00f4ng Ty TNHH C\u01a1 \u0110i\u1ec7n T\u1eed ACS<\/title>\n<link rel=\"canonical\" href=\"https:\/\/acsco.com.vn\/en\/product\/x5-800-7a-dual\/\" \/>\n<meta property=\"og:locale\" content=\"en_US\" \/>\n<meta property=\"og:type\" content=\"article\" \/>\n<meta property=\"og:title\" content=\"X5-800 7A Dual - C\u00f4ng Ty TNHH C\u01a1 \u0110i\u1ec7n T\u1eed ACS\" \/>\n<meta property=\"og:description\" content=\"Cobot hai tay l\u00e0 m\u1ed9t gi\u1ea3i ph\u00e1p t\u1ef1 \u0111\u1ed9ng h\u00f3a linh ho\u1ea1t, an to\u00e0n v\u00e0...\" \/>\n<meta property=\"og:url\" content=\"https:\/\/acsco.com.vn\/en\/product\/x5-800-7a-dual\/\" \/>\n<meta property=\"og:site_name\" content=\"C\u00f4ng Ty TNHH C\u01a1 \u0110i\u1ec7n T\u1eed ACS\" \/>\n<meta property=\"og:image\" content=\"https:\/\/acsco.com.vn\/wp-content\/uploads\/2025\/06\/X5-800-7A-Dual.jpg\" \/>\n\t<meta property=\"og:image:width\" content=\"800\" \/>\n\t<meta property=\"og:image:height\" content=\"800\" \/>\n<meta name=\"twitter:card\" content=\"summary_large_image\" \/>\n<meta name=\"twitter:label1\" content=\"Est. reading time\">\n\t<meta name=\"twitter:data1\" content=\"1 minute\">\n<script type=\"application\/ld+json\" class=\"yoast-schema-graph\">{\"@context\":\"https:\/\/schema.org\",\"@graph\":[{\"@type\":\"WebSite\",\"@id\":\"https:\/\/acsco.com.vn\/#website\",\"url\":\"https:\/\/acsco.com.vn\/\",\"name\":\"C\\u00f4ng Ty TNHH C\\u01a1 \\u0110i\\u1ec7n T\\u1eed ACS\",\"description\":\"Give you the best solution !!!!!!\",\"potentialAction\":[{\"@type\":\"SearchAction\",\"target\":\"https:\/\/acsco.com.vn\/?s={search_term_string}\",\"query-input\":\"required name=search_term_string\"}],\"inLanguage\":\"en-US\"},{\"@type\":\"ImageObject\",\"@id\":\"https:\/\/acsco.com.vn\/san-pham\/x5-800-7a-dual\/#primaryimage\",\"inLanguage\":\"en-US\",\"url\":\"https:\/\/acsco.com.vn\/wp-content\/uploads\/2025\/06\/X5-800-7A-Dual.jpg\",\"width\":800,\"height\":800},{\"@type\":\"WebPage\",\"@id\":\"https:\/\/acsco.com.vn\/san-pham\/x5-800-7a-dual\/#webpage\",\"url\":\"https:\/\/acsco.com.vn\/san-pham\/x5-800-7a-dual\/\",\"name\":\"X5-800 7A Dual - C\\u00f4ng Ty TNHH C\\u01a1 \\u0110i\\u1ec7n T\\u1eed ACS\",\"isPartOf\":{\"@id\":\"https:\/\/acsco.com.vn\/#website\"},\"primaryImageOfPage\":{\"@id\":\"https:\/\/acsco.com.vn\/san-pham\/x5-800-7a-dual\/#primaryimage\"},\"datePublished\":\"2025-06-27T03:48:47+00:00\",\"dateModified\":\"2025-06-27T03:48:47+00:00\",\"breadcrumb\":{\"@id\":\"https:\/\/acsco.com.vn\/san-pham\/x5-800-7a-dual\/#breadcrumb\"},\"inLanguage\":\"en-US\",\"potentialAction\":[{\"@type\":\"ReadAction\",\"target\":[\"https:\/\/acsco.com.vn\/san-pham\/x5-800-7a-dual\/\"]}]},{\"@type\":\"BreadcrumbList\",\"@id\":\"https:\/\/acsco.com.vn\/san-pham\/x5-800-7a-dual\/#breadcrumb\",\"itemListElement\":[{\"@type\":\"ListItem\",\"position\":1,\"item\":{\"@type\":\"WebPage\",\"@id\":\"https:\/\/acsco.com.vn\/\",\"url\":\"https:\/\/acsco.com.vn\/\",\"name\":\"Home\"}},{\"@type\":\"ListItem\",\"position\":2,\"item\":{\"@type\":\"WebPage\",\"@id\":\"https:\/\/acsco.com.vn\/san-pham\/\",\"url\":\"https:\/\/acsco.com.vn\/san-pham\/\",\"name\":\"S\\u1ea3n ph\\u1ea9m\"}},{\"@type\":\"ListItem\",\"position\":3,\"item\":{\"@type\":\"WebPage\",\"@id\":\"https:\/\/acsco.com.vn\/san-pham\/x5-800-7a-dual\/\",\"url\":\"https:\/\/acsco.com.vn\/san-pham\/x5-800-7a-dual\/\",\"name\":\"X5-800 7A Dual\"}}]}]}<\/script>\n<!-- \/ Yoast SEO Premium plugin. -->","_links":{"self":[{"href":"https:\/\/acsco.com.vn\/en\/wp-json\/wp\/v2\/product\/1671"}],"collection":[{"href":"https:\/\/acsco.com.vn\/en\/wp-json\/wp\/v2\/product"}],"about":[{"href":"https:\/\/acsco.com.vn\/en\/wp-json\/wp\/v2\/types\/product"}],"replies":[{"embeddable":true,"href":"https:\/\/acsco.com.vn\/en\/wp-json\/wp\/v2\/comments?post=1671"}],"wp:featuredmedia":[{"embeddable":true,"href":"https:\/\/acsco.com.vn\/en\/wp-json\/wp\/v2\/media\/1672"}],"wp:attachment":[{"href":"https:\/\/acsco.com.vn\/en\/wp-json\/wp\/v2\/media?parent=1671"}],"wp:term":[{"taxonomy":"product_cat","embeddable":true,"href":"https:\/\/acsco.com.vn\/en\/wp-json\/wp\/v2\/product_cat?post=1671"},{"taxonomy":"product_tag","embeddable":true,"href":"https:\/\/acsco.com.vn\/en\/wp-json\/wp\/v2\/product_tag?post=1671"}],"curies":[{"name":"wp","href":"https:\/\/api.w.org\/{rel}","templated":true}]}}