{"id":1665,"date":"2025-06-26T10:53:38","date_gmt":"2025-06-26T03:53:38","guid":{"rendered":"https:\/\/acsco.com.vn\/?post_type=product&#038;p=1665"},"modified":"2025-06-26T10:53:38","modified_gmt":"2025-06-26T03:53:38","slug":"x3-600-7a","status":"publish","type":"product","link":"https:\/\/acsco.com.vn\/en\/product\/x3-600-7a\/","title":{"rendered":"X3-600 7A"},"content":{"rendered":"<p>Robot c\u1ed9ng t\u00e1c 7 tr\u1ee5c (7-axis Cobot) mang \u0111\u1ebfn nhi\u1ec1u t\u00ednh n\u0103ng n\u1ed5i b\u1eadt nh\u01b0 tri\u1ec3n khai nhanh, d\u1ea1y b\u1eb1ng l\u1ef1c k\u00e9o (drag teaching) v\u00e0 kh\u1ea3 n\u0103ng ph\u00e1t hi\u1ec7n va ch\u1ea1m. V\u1edbi thi\u1ebft k\u1ebf nh\u1ecf g\u1ecdn, linh ho\u1ea1t v\u00e0 \u0111\u1ed9 ch\u00ednh x\u00e1c cao, thi\u1ebft b\u1ecb n\u00e0y \u0111\u1eb7c bi\u1ec7t ph\u00f9 h\u1ee3p cho c\u00e1c d\u00e2y chuy\u1ec1n s\u1ea3n xu\u1ea5t y\u00eau c\u1ea7u s\u1ef1 linh ho\u1ea1t cao, di\u1ec7n t\u00edch h\u1ea1n ch\u1ebf v\u00e0 \u0111\u1ed9 ch\u00ednh x\u00e1c tuy\u1ec7t \u0111\u1ed1i.<\/p>\n<p>Robot c\u00f3 th\u1ec3 \u0111\u1ea3m nhi\u1ec7m hi\u1ec7u qu\u1ea3 nhi\u1ec1u t\u00e1c v\u1ee5 c\u00f4ng nghi\u1ec7p nh\u01b0 l\u1eafp r\u00e1p ch\u00ednh x\u00e1c, \u0111\u00f3ng g\u00f3i, \u0111\u00e1nh b\u00f3ng, ki\u1ec3m tra s\u1ea3n ph\u1ea9m, n\u1ea1p\/r\u00fat m\u00e1y v\u00e0 c\u00e1c ho\u1ea1t \u0111\u1ed9ng t\u1ef1 \u0111\u1ed9ng h\u00f3a kh\u00e1c.<\/p>\n<p>Nh\u1edd kh\u1ea3 n\u0103ng th\u00edch \u1ee9ng linh ho\u1ea1t, v\u1eadn h\u00e0nh an to\u00e0n v\u00e0 ch\u00ednh x\u00e1c, Cobot 7 tr\u1ee5c kh\u00f4ng ch\u1ec9 n\u00e2ng cao hi\u1ec7u su\u1ea5t s\u1ea3n xu\u1ea5t m\u00e0 c\u00f2n g\u00f3p ph\u1ea7n \u0111\u1ecbnh h\u00ecnh m\u1ed9t m\u00f4 h\u00ecnh h\u1ee3p t\u00e1c m\u1edbi gi\u1eefa con ng\u01b0\u1eddi v\u00e0 m\u00e1y m\u00f3c trong k\u1ef7 nguy\u00ean s\u1ea3n xu\u1ea5t th\u00f4ng minh.<\/p>","protected":false},"excerpt":{"rendered":"<p>Robot c\u1ed9ng t\u00e1c 7 tr\u1ee5c (7-axis Cobot) mang \u0111\u1ebfn nhi\u1ec1u t\u00ednh n\u0103ng n\u1ed5i b\u1eadt nh\u01b0&#8230;<\/p>","protected":false},"featured_media":1666,"comment_status":"open","ping_status":"closed","template":"","meta":[],"product_cat":[81],"product_tag":[],"yoast_head":"<!-- This site is optimized with the Yoast SEO Premium plugin v15.9.2 - https:\/\/yoast.com\/wordpress\/plugins\/seo\/ -->\n<title>X3-600 7A - C\u00f4ng Ty TNHH C\u01a1 \u0110i\u1ec7n T\u1eed ACS<\/title>\n<link rel=\"canonical\" href=\"https:\/\/acsco.com.vn\/en\/product\/x3-600-7a\/\" \/>\n<meta property=\"og:locale\" content=\"en_US\" \/>\n<meta property=\"og:type\" content=\"article\" \/>\n<meta property=\"og:title\" content=\"X3-600 7A - C\u00f4ng Ty TNHH C\u01a1 \u0110i\u1ec7n T\u1eed ACS\" \/>\n<meta property=\"og:description\" content=\"Robot c\u1ed9ng t\u00e1c 7 tr\u1ee5c (7-axis Cobot) mang \u0111\u1ebfn nhi\u1ec1u t\u00ednh n\u0103ng n\u1ed5i b\u1eadt nh\u01b0...\" \/>\n<meta property=\"og:url\" content=\"https:\/\/acsco.com.vn\/en\/product\/x3-600-7a\/\" \/>\n<meta property=\"og:site_name\" content=\"C\u00f4ng Ty TNHH C\u01a1 \u0110i\u1ec7n T\u1eed ACS\" \/>\n<meta property=\"og:image\" content=\"https:\/\/acsco.com.vn\/wp-content\/uploads\/2025\/06\/X3-600-7A.jpg\" \/>\n\t<meta property=\"og:image:width\" content=\"800\" \/>\n\t<meta property=\"og:image:height\" content=\"800\" \/>\n<meta name=\"twitter:card\" content=\"summary_large_image\" \/>\n<meta name=\"twitter:label1\" content=\"Est. reading time\">\n\t<meta name=\"twitter:data1\" content=\"1 minute\">\n<script type=\"application\/ld+json\" class=\"yoast-schema-graph\">{\"@context\":\"https:\/\/schema.org\",\"@graph\":[{\"@type\":\"WebSite\",\"@id\":\"https:\/\/acsco.com.vn\/#website\",\"url\":\"https:\/\/acsco.com.vn\/\",\"name\":\"C\\u00f4ng Ty TNHH C\\u01a1 \\u0110i\\u1ec7n T\\u1eed ACS\",\"description\":\"Give you the best solution !!!!!!\",\"potentialAction\":[{\"@type\":\"SearchAction\",\"target\":\"https:\/\/acsco.com.vn\/?s={search_term_string}\",\"query-input\":\"required name=search_term_string\"}],\"inLanguage\":\"en-US\"},{\"@type\":\"ImageObject\",\"@id\":\"https:\/\/acsco.com.vn\/san-pham\/x3-600-7a\/#primaryimage\",\"inLanguage\":\"en-US\",\"url\":\"https:\/\/acsco.com.vn\/wp-content\/uploads\/2025\/06\/X3-600-7A.jpg\",\"width\":800,\"height\":800},{\"@type\":\"WebPage\",\"@id\":\"https:\/\/acsco.com.vn\/san-pham\/x3-600-7a\/#webpage\",\"url\":\"https:\/\/acsco.com.vn\/san-pham\/x3-600-7a\/\",\"name\":\"X3-600 7A - C\\u00f4ng Ty TNHH C\\u01a1 \\u0110i\\u1ec7n T\\u1eed ACS\",\"isPartOf\":{\"@id\":\"https:\/\/acsco.com.vn\/#website\"},\"primaryImageOfPage\":{\"@id\":\"https:\/\/acsco.com.vn\/san-pham\/x3-600-7a\/#primaryimage\"},\"datePublished\":\"2025-06-26T03:53:38+00:00\",\"dateModified\":\"2025-06-26T03:53:38+00:00\",\"breadcrumb\":{\"@id\":\"https:\/\/acsco.com.vn\/san-pham\/x3-600-7a\/#breadcrumb\"},\"inLanguage\":\"en-US\",\"potentialAction\":[{\"@type\":\"ReadAction\",\"target\":[\"https:\/\/acsco.com.vn\/san-pham\/x3-600-7a\/\"]}]},{\"@type\":\"BreadcrumbList\",\"@id\":\"https:\/\/acsco.com.vn\/san-pham\/x3-600-7a\/#breadcrumb\",\"itemListElement\":[{\"@type\":\"ListItem\",\"position\":1,\"item\":{\"@type\":\"WebPage\",\"@id\":\"https:\/\/acsco.com.vn\/\",\"url\":\"https:\/\/acsco.com.vn\/\",\"name\":\"Home\"}},{\"@type\":\"ListItem\",\"position\":2,\"item\":{\"@type\":\"WebPage\",\"@id\":\"https:\/\/acsco.com.vn\/san-pham\/\",\"url\":\"https:\/\/acsco.com.vn\/san-pham\/\",\"name\":\"S\\u1ea3n ph\\u1ea9m\"}},{\"@type\":\"ListItem\",\"position\":3,\"item\":{\"@type\":\"WebPage\",\"@id\":\"https:\/\/acsco.com.vn\/san-pham\/x3-600-7a\/\",\"url\":\"https:\/\/acsco.com.vn\/san-pham\/x3-600-7a\/\",\"name\":\"X3-600 7A\"}}]}]}<\/script>\n<!-- \/ Yoast SEO Premium plugin. -->","_links":{"self":[{"href":"https:\/\/acsco.com.vn\/en\/wp-json\/wp\/v2\/product\/1665"}],"collection":[{"href":"https:\/\/acsco.com.vn\/en\/wp-json\/wp\/v2\/product"}],"about":[{"href":"https:\/\/acsco.com.vn\/en\/wp-json\/wp\/v2\/types\/product"}],"replies":[{"embeddable":true,"href":"https:\/\/acsco.com.vn\/en\/wp-json\/wp\/v2\/comments?post=1665"}],"wp:featuredmedia":[{"embeddable":true,"href":"https:\/\/acsco.com.vn\/en\/wp-json\/wp\/v2\/media\/1666"}],"wp:attachment":[{"href":"https:\/\/acsco.com.vn\/en\/wp-json\/wp\/v2\/media?parent=1665"}],"wp:term":[{"taxonomy":"product_cat","embeddable":true,"href":"https:\/\/acsco.com.vn\/en\/wp-json\/wp\/v2\/product_cat?post=1665"},{"taxonomy":"product_tag","embeddable":true,"href":"https:\/\/acsco.com.vn\/en\/wp-json\/wp\/v2\/product_tag?post=1665"}],"curies":[{"name":"wp","href":"https:\/\/api.w.org\/{rel}","templated":true}]}}