{"id":1661,"date":"2025-06-26T10:41:14","date_gmt":"2025-06-26T03:41:14","guid":{"rendered":"https:\/\/acsco.com.vn\/?post_type=product&#038;p=1661"},"modified":"2025-06-26T10:42:44","modified_gmt":"2025-06-26T03:42:44","slug":"am-x3-b","status":"publish","type":"product","link":"https:\/\/acsco.com.vn\/en\/product\/am-x3-b\/","title":{"rendered":"AM-X3-B"},"content":{"rendered":"<p>ACS ARV (AGV + ROBOT) l\u00e0 gi\u1ea3i ph\u00e1p t\u00edch h\u1ee3p gi\u1eefa n\u1ec1n t\u1ea3ng di \u0111\u1ed9ng v\u00e0 robot c\u1ed9ng t\u00e1c (Cobot), \u0111\u01b0\u1ee3c ph\u00e1t tri\u1ec3n \u0111\u1ed9c l\u1eadp, bao g\u1ed3m h\u1ec7 th\u1ed1ng t\u1ea7m nh\u00ecn, \u0111\u1ed3 g\u00e1 v\u00e0 c\u00e1c \u0111\u01a1n v\u1ecb th\u1ef1c thi ch\u1ee9c n\u0103ng. S\u1ea3n ph\u1ea9m cho ph\u00e9p tri\u1ec3n khai hi\u1ec7u qu\u1ea3 c\u00e1c \u1ee9ng d\u1ee5ng nh\u01b0 x\u1eed l\u00fd v\u1eadt li\u1ec7u, l\u1eafp r\u00e1p, ph\u00e1t hi\u1ec7n v\u00e0 thao t\u00e1c ch\u00ednh x\u00e1c.<\/p>\n<p>ACS ARV \u0111\u01b0\u1ee3c trang b\u1ecb c\u00e1c t\u00ednh n\u0103ng b\u1ea3o m\u1eadt to\u00e0n di\u1ec7n, h\u1ed7 tr\u1ee3 nhi\u1ec1u ch\u1ebf \u0111\u1ed9 t\u01b0\u01a1ng t\u00e1c v\u00e0 giao ti\u1ebfp linh ho\u1ea1t v\u1edbi c\u00e1c h\u1ec7 th\u1ed1ng hi\u1ec7n h\u1eefu c\u1ee7a kh\u00e1ch h\u00e0ng. Ngo\u00e0i ra, ACS c\u00f3 kh\u1ea3 n\u0103ng cung c\u1ea5p gi\u1ea3i ph\u00e1p t\u00f9y ch\u1ec9nh theo y\u00eau c\u1ea7u, t\u1eeb h\u1ec7 th\u1ed1ng l\u1eadp l\u1ecbch, h\u01b0\u1edbng d\u1eabn t\u1ea1i ch\u1ed7 \u0111\u1ebfn d\u1ecbch v\u1ee5 h\u1eadu m\u00e3i chuy\u00ean nghi\u1ec7p, \u0111\u1ea3m b\u1ea3o mang \u0111\u1ebfn tr\u1ea3i nghi\u1ec7m t\u1ed1i \u01b0u cho ng\u01b0\u1eddi d\u00f9ng.<\/p>\n<p>L\u00e0 m\u1ed9t s\u1ea3n ph\u1ea9m ti\u00eau chu\u1ea9n h\u00f3a, ACS ARV (AGV + ROBOT) mang l\u1ea1i s\u1ef1 nh\u1ea5t qu\u00e1n, \u0111\u1ed9 tin c\u1eady v\u00e0 t\u00ednh \u1ed5n \u0111\u1ecbnh v\u01b0\u1ee3t tr\u1ed9i so v\u1edbi c\u00e1c thi\u1ebft b\u1ecb kh\u00f4ng chu\u1ea9n kh\u00e1c tr\u00ean th\u1ecb tr\u01b0\u1eddng.<\/p>","protected":false},"excerpt":{"rendered":"<p>ACS ARV (AGV + ROBOT) l\u00e0 gi\u1ea3i ph\u00e1p t\u00edch h\u1ee3p gi\u1eefa n\u1ec1n t\u1ea3ng di \u0111\u1ed9ng&#8230;<\/p>","protected":false},"featured_media":1662,"comment_status":"open","ping_status":"closed","template":"","meta":[],"product_cat":[80],"product_tag":[],"yoast_head":"<!-- This site is optimized with the Yoast SEO Premium plugin v15.9.2 - https:\/\/yoast.com\/wordpress\/plugins\/seo\/ -->\n<title>AM-X3-B - C\u00f4ng Ty TNHH C\u01a1 \u0110i\u1ec7n T\u1eed ACS<\/title>\n<link rel=\"canonical\" href=\"https:\/\/acsco.com.vn\/en\/product\/am-x3-b\/\" \/>\n<meta property=\"og:locale\" content=\"en_US\" \/>\n<meta property=\"og:type\" content=\"article\" \/>\n<meta property=\"og:title\" content=\"AM-X3-B - C\u00f4ng Ty TNHH C\u01a1 \u0110i\u1ec7n T\u1eed ACS\" \/>\n<meta property=\"og:description\" content=\"ACS ARV (AGV + ROBOT) l\u00e0 gi\u1ea3i ph\u00e1p t\u00edch h\u1ee3p gi\u1eefa n\u1ec1n t\u1ea3ng di \u0111\u1ed9ng...\" \/>\n<meta property=\"og:url\" content=\"https:\/\/acsco.com.vn\/en\/product\/am-x3-b\/\" \/>\n<meta property=\"og:site_name\" content=\"C\u00f4ng Ty TNHH C\u01a1 \u0110i\u1ec7n T\u1eed ACS\" \/>\n<meta property=\"article:modified_time\" content=\"2025-06-26T03:42:44+00:00\" \/>\n<meta property=\"og:image\" content=\"https:\/\/acsco.com.vn\/wp-content\/uploads\/2025\/06\/AM-X3-B.jpg\" \/>\n\t<meta property=\"og:image:width\" content=\"800\" \/>\n\t<meta property=\"og:image:height\" content=\"800\" \/>\n<meta name=\"twitter:card\" content=\"summary_large_image\" \/>\n<meta name=\"twitter:label1\" content=\"Est. reading time\">\n\t<meta name=\"twitter:data1\" content=\"1 minute\">\n<script type=\"application\/ld+json\" class=\"yoast-schema-graph\">{\"@context\":\"https:\/\/schema.org\",\"@graph\":[{\"@type\":\"WebSite\",\"@id\":\"https:\/\/acsco.com.vn\/#website\",\"url\":\"https:\/\/acsco.com.vn\/\",\"name\":\"C\\u00f4ng Ty TNHH C\\u01a1 \\u0110i\\u1ec7n T\\u1eed ACS\",\"description\":\"Give you the best solution !!!!!!\",\"potentialAction\":[{\"@type\":\"SearchAction\",\"target\":\"https:\/\/acsco.com.vn\/?s={search_term_string}\",\"query-input\":\"required name=search_term_string\"}],\"inLanguage\":\"en-US\"},{\"@type\":\"ImageObject\",\"@id\":\"https:\/\/acsco.com.vn\/san-pham\/am-x3-b\/#primaryimage\",\"inLanguage\":\"en-US\",\"url\":\"https:\/\/acsco.com.vn\/wp-content\/uploads\/2025\/06\/AM-X3-B.jpg\",\"width\":800,\"height\":800},{\"@type\":\"WebPage\",\"@id\":\"https:\/\/acsco.com.vn\/san-pham\/am-x3-b\/#webpage\",\"url\":\"https:\/\/acsco.com.vn\/san-pham\/am-x3-b\/\",\"name\":\"AM-X3-B - C\\u00f4ng Ty TNHH C\\u01a1 \\u0110i\\u1ec7n T\\u1eed ACS\",\"isPartOf\":{\"@id\":\"https:\/\/acsco.com.vn\/#website\"},\"primaryImageOfPage\":{\"@id\":\"https:\/\/acsco.com.vn\/san-pham\/am-x3-b\/#primaryimage\"},\"datePublished\":\"2025-06-26T03:41:14+00:00\",\"dateModified\":\"2025-06-26T03:42:44+00:00\",\"breadcrumb\":{\"@id\":\"https:\/\/acsco.com.vn\/san-pham\/am-x3-b\/#breadcrumb\"},\"inLanguage\":\"en-US\",\"potentialAction\":[{\"@type\":\"ReadAction\",\"target\":[\"https:\/\/acsco.com.vn\/san-pham\/am-x3-b\/\"]}]},{\"@type\":\"BreadcrumbList\",\"@id\":\"https:\/\/acsco.com.vn\/san-pham\/am-x3-b\/#breadcrumb\",\"itemListElement\":[{\"@type\":\"ListItem\",\"position\":1,\"item\":{\"@type\":\"WebPage\",\"@id\":\"https:\/\/acsco.com.vn\/\",\"url\":\"https:\/\/acsco.com.vn\/\",\"name\":\"Home\"}},{\"@type\":\"ListItem\",\"position\":2,\"item\":{\"@type\":\"WebPage\",\"@id\":\"https:\/\/acsco.com.vn\/san-pham\/\",\"url\":\"https:\/\/acsco.com.vn\/san-pham\/\",\"name\":\"S\\u1ea3n ph\\u1ea9m\"}},{\"@type\":\"ListItem\",\"position\":3,\"item\":{\"@type\":\"WebPage\",\"@id\":\"https:\/\/acsco.com.vn\/san-pham\/am-x3-b\/\",\"url\":\"https:\/\/acsco.com.vn\/san-pham\/am-x3-b\/\",\"name\":\"AM-X3-B\"}}]}]}<\/script>\n<!-- \/ Yoast SEO Premium plugin. -->","_links":{"self":[{"href":"https:\/\/acsco.com.vn\/en\/wp-json\/wp\/v2\/product\/1661"}],"collection":[{"href":"https:\/\/acsco.com.vn\/en\/wp-json\/wp\/v2\/product"}],"about":[{"href":"https:\/\/acsco.com.vn\/en\/wp-json\/wp\/v2\/types\/product"}],"replies":[{"embeddable":true,"href":"https:\/\/acsco.com.vn\/en\/wp-json\/wp\/v2\/comments?post=1661"}],"wp:featuredmedia":[{"embeddable":true,"href":"https:\/\/acsco.com.vn\/en\/wp-json\/wp\/v2\/media\/1662"}],"wp:attachment":[{"href":"https:\/\/acsco.com.vn\/en\/wp-json\/wp\/v2\/media?parent=1661"}],"wp:term":[{"taxonomy":"product_cat","embeddable":true,"href":"https:\/\/acsco.com.vn\/en\/wp-json\/wp\/v2\/product_cat?post=1661"},{"taxonomy":"product_tag","embeddable":true,"href":"https:\/\/acsco.com.vn\/en\/wp-json\/wp\/v2\/product_tag?post=1661"}],"curies":[{"name":"wp","href":"https:\/\/api.w.org\/{rel}","templated":true}]}}