{"id":1656,"date":"2025-06-21T10:02:21","date_gmt":"2025-06-21T03:02:21","guid":{"rendered":"https:\/\/acsco.com.vn\/?post_type=product&#038;p=1656"},"modified":"2025-06-21T10:02:21","modified_gmt":"2025-06-21T03:02:21","slug":"cobots-chong-chay-no","status":"publish","type":"product","link":"https:\/\/acsco.com.vn\/en\/product\/cobots-chong-chay-no\/","title":{"rendered":"Cobots ch\u1ed1ng ch\u00e1y n\u1ed5"},"content":{"rendered":"<p>D\u00f2ng s\u1ea3n ph\u1ea9m n\u00e0y bao g\u1ed3m b\u1ed1n s\u1ea3n ph\u1ea9m robot c\u1ed9ng t\u00e1c ch\u1ed1ng ch\u00e1y n\u1ed5: X25-1800 ATEX, X20-1400 ATEX, X16-2000 ATEX, X10-1300 ATEX. L\u00e0 b\u1ee9c t\u01b0\u1eddng b\u1ea3o v\u1ec7 cho nh\u00e2n vi\u00ean tuy\u1ebfn \u0111\u1ea7u c\u00f3 nguy c\u01a1 cao, n\u00f3 c\u00f3 th\u1ec3 thay th\u1ebf nh\u1eefng ng\u01b0\u1eddi v\u1eadn h\u00e0nh tuy\u1ebfn \u0111\u1ea7u c\u00f3 nguy c\u01a1 cao l\u00e0m vi\u1ec7c trong nhi\u1ec1u m\u00f4i tr\u01b0\u1eddng d\u1ea7u, kh\u00ed \u0111\u1ed1t t\u1ef1 nhi\u00ean v\u00e0 h\u00f3a ch\u1ea5t d\u1ec5 ch\u00e1y, n\u1ed5, \u0111\u1ed9c h\u1ea1i, c\u00f3 h\u1ea1i, nhi\u1ec7t \u0111\u1ed9 cao v\u00e0 \u00e1p su\u1ea5t cao. Nh\u1eefng \u01b0u \u0111i\u1ec3m \u0111\u00e1ng k\u1ec3 v\u1ec1 kh\u1ea3 n\u0103ng x\u1eed l\u00fd t\u1ea3i v\u00e0 b\u00e1n k\u00ednh l\u00e0m vi\u1ec7c khi\u1ebfn n\u00f3 ph\u00f9 h\u1ee3p v\u1edbi nhi\u1ec1u y\u00eau c\u1ea7u \u1ee9ng d\u1ee5ng h\u01a1n. C\u00e1c m\u00f4 h\u00ecnh n\u00e0y c\u0169ng \u0111\u01b0\u1ee3c trang b\u1ecb c\u00e1c \u0111\u1eb7c \u0111i\u1ec3m nh\u01b0 an to\u00e0n, v\u1eadn h\u00e0nh d\u1ec5 d\u00e0ng, tri\u1ec3n khai nhanh ch\u00f3ng v\u00e0 ti\u00eau th\u1ee5 \u0111i\u1ec7n n\u0103ng th\u1ea5p.<\/p>","protected":false},"excerpt":{"rendered":"<p>D\u00f2ng s\u1ea3n ph\u1ea9m n\u00e0y bao g\u1ed3m b\u1ed1n s\u1ea3n ph\u1ea9m robot c\u1ed9ng t\u00e1c ch\u1ed1ng ch\u00e1y n\u1ed5:&#8230;<\/p>","protected":false},"featured_media":1657,"comment_status":"open","ping_status":"closed","template":"","meta":[],"product_cat":[79],"product_tag":[],"yoast_head":"<!-- This site is optimized with the Yoast SEO Premium plugin v15.9.2 - https:\/\/yoast.com\/wordpress\/plugins\/seo\/ -->\n<title>Cobots ch\u1ed1ng ch\u00e1y n\u1ed5 - C\u00f4ng Ty TNHH C\u01a1 \u0110i\u1ec7n T\u1eed ACS<\/title>\n<link rel=\"canonical\" href=\"https:\/\/acsco.com.vn\/en\/product\/cobots-chong-chay-no\/\" \/>\n<meta property=\"og:locale\" content=\"en_US\" \/>\n<meta property=\"og:type\" content=\"article\" \/>\n<meta property=\"og:title\" content=\"Cobots ch\u1ed1ng ch\u00e1y n\u1ed5 - C\u00f4ng Ty TNHH C\u01a1 \u0110i\u1ec7n T\u1eed ACS\" \/>\n<meta property=\"og:description\" content=\"D\u00f2ng s\u1ea3n ph\u1ea9m n\u00e0y bao g\u1ed3m b\u1ed1n s\u1ea3n ph\u1ea9m robot c\u1ed9ng t\u00e1c ch\u1ed1ng ch\u00e1y n\u1ed5:...\" \/>\n<meta property=\"og:url\" content=\"https:\/\/acsco.com.vn\/en\/product\/cobots-chong-chay-no\/\" \/>\n<meta property=\"og:site_name\" content=\"C\u00f4ng Ty TNHH C\u01a1 \u0110i\u1ec7n T\u1eed ACS\" \/>\n<meta property=\"og:image\" content=\"https:\/\/acsco.com.vn\/wp-content\/uploads\/2025\/06\/Chong-chay-no.jpg\" \/>\n\t<meta property=\"og:image:width\" content=\"800\" \/>\n\t<meta property=\"og:image:height\" content=\"800\" \/>\n<meta name=\"twitter:card\" content=\"summary_large_image\" \/>\n<meta name=\"twitter:label1\" content=\"Est. reading time\">\n\t<meta name=\"twitter:data1\" content=\"1 minute\">\n<script type=\"application\/ld+json\" class=\"yoast-schema-graph\">{\"@context\":\"https:\/\/schema.org\",\"@graph\":[{\"@type\":\"WebSite\",\"@id\":\"https:\/\/acsco.com.vn\/#website\",\"url\":\"https:\/\/acsco.com.vn\/\",\"name\":\"C\\u00f4ng Ty TNHH C\\u01a1 \\u0110i\\u1ec7n T\\u1eed ACS\",\"description\":\"Give you the best solution !!!!!!\",\"potentialAction\":[{\"@type\":\"SearchAction\",\"target\":\"https:\/\/acsco.com.vn\/?s={search_term_string}\",\"query-input\":\"required name=search_term_string\"}],\"inLanguage\":\"en-US\"},{\"@type\":\"ImageObject\",\"@id\":\"https:\/\/acsco.com.vn\/san-pham\/cobots-chong-chay-no\/#primaryimage\",\"inLanguage\":\"en-US\",\"url\":\"https:\/\/acsco.com.vn\/wp-content\/uploads\/2025\/06\/Chong-chay-no.jpg\",\"width\":800,\"height\":800},{\"@type\":\"WebPage\",\"@id\":\"https:\/\/acsco.com.vn\/san-pham\/cobots-chong-chay-no\/#webpage\",\"url\":\"https:\/\/acsco.com.vn\/san-pham\/cobots-chong-chay-no\/\",\"name\":\"Cobots ch\\u1ed1ng ch\\u00e1y n\\u1ed5 - C\\u00f4ng Ty TNHH C\\u01a1 \\u0110i\\u1ec7n T\\u1eed ACS\",\"isPartOf\":{\"@id\":\"https:\/\/acsco.com.vn\/#website\"},\"primaryImageOfPage\":{\"@id\":\"https:\/\/acsco.com.vn\/san-pham\/cobots-chong-chay-no\/#primaryimage\"},\"datePublished\":\"2025-06-21T03:02:21+00:00\",\"dateModified\":\"2025-06-21T03:02:21+00:00\",\"breadcrumb\":{\"@id\":\"https:\/\/acsco.com.vn\/san-pham\/cobots-chong-chay-no\/#breadcrumb\"},\"inLanguage\":\"en-US\",\"potentialAction\":[{\"@type\":\"ReadAction\",\"target\":[\"https:\/\/acsco.com.vn\/san-pham\/cobots-chong-chay-no\/\"]}]},{\"@type\":\"BreadcrumbList\",\"@id\":\"https:\/\/acsco.com.vn\/san-pham\/cobots-chong-chay-no\/#breadcrumb\",\"itemListElement\":[{\"@type\":\"ListItem\",\"position\":1,\"item\":{\"@type\":\"WebPage\",\"@id\":\"https:\/\/acsco.com.vn\/\",\"url\":\"https:\/\/acsco.com.vn\/\",\"name\":\"Home\"}},{\"@type\":\"ListItem\",\"position\":2,\"item\":{\"@type\":\"WebPage\",\"@id\":\"https:\/\/acsco.com.vn\/san-pham\/\",\"url\":\"https:\/\/acsco.com.vn\/san-pham\/\",\"name\":\"S\\u1ea3n ph\\u1ea9m\"}},{\"@type\":\"ListItem\",\"position\":3,\"item\":{\"@type\":\"WebPage\",\"@id\":\"https:\/\/acsco.com.vn\/san-pham\/cobots-chong-chay-no\/\",\"url\":\"https:\/\/acsco.com.vn\/san-pham\/cobots-chong-chay-no\/\",\"name\":\"Cobots ch\\u1ed1ng ch\\u00e1y n\\u1ed5\"}}]}]}<\/script>\n<!-- \/ Yoast SEO Premium plugin. -->","_links":{"self":[{"href":"https:\/\/acsco.com.vn\/en\/wp-json\/wp\/v2\/product\/1656"}],"collection":[{"href":"https:\/\/acsco.com.vn\/en\/wp-json\/wp\/v2\/product"}],"about":[{"href":"https:\/\/acsco.com.vn\/en\/wp-json\/wp\/v2\/types\/product"}],"replies":[{"embeddable":true,"href":"https:\/\/acsco.com.vn\/en\/wp-json\/wp\/v2\/comments?post=1656"}],"wp:featuredmedia":[{"embeddable":true,"href":"https:\/\/acsco.com.vn\/en\/wp-json\/wp\/v2\/media\/1657"}],"wp:attachment":[{"href":"https:\/\/acsco.com.vn\/en\/wp-json\/wp\/v2\/media?parent=1656"}],"wp:term":[{"taxonomy":"product_cat","embeddable":true,"href":"https:\/\/acsco.com.vn\/en\/wp-json\/wp\/v2\/product_cat?post=1656"},{"taxonomy":"product_tag","embeddable":true,"href":"https:\/\/acsco.com.vn\/en\/wp-json\/wp\/v2\/product_tag?post=1656"}],"curies":[{"name":"wp","href":"https:\/\/api.w.org\/{rel}","templated":true}]}}