{"id":1654,"date":"2025-06-21T08:05:52","date_gmt":"2025-06-21T01:05:52","guid":{"rendered":"https:\/\/acsco.com.vn\/?post_type=product&#038;p=1654"},"modified":"2025-06-21T08:05:52","modified_gmt":"2025-06-21T01:05:52","slug":"x7-910","status":"publish","type":"product","link":"https:\/\/acsco.com.vn\/en\/product\/x7-910\/","title":{"rendered":"X7-910"},"content":{"rendered":"<p>Danh m\u1ee5c s\u1ea3n ph\u1ea9m cobot 6 tr\u1ee5c hi\u1ec7n bao g\u1ed3m m\u01b0\u1eddi m\u1eabu: X30-1100, X25-1800, X20-1400, X16-2000, X16-960, X12-1300, X10-1300, X7-910, X5-910 v\u00e0 X3-618. C\u00e1c d\u00f2ng cobot n\u00e0y s\u1edf h\u1eefu l\u1ee3i th\u1ebf n\u1ed5i b\u1eadt v\u1ec1 kh\u1ea3 n\u0103ng ch\u1ecbu t\u1ea3i v\u00e0 t\u1ea7m v\u1edbi m\u1edf r\u1ed9ng, \u0111\u1ed3ng th\u1eddi t\u00edch h\u1ee3p \u0111\u1ea7y \u0111\u1ee7 c\u00e1c \u0111\u1eb7c tr\u01b0ng c\u1ee7a robot c\u1ed9ng t\u00e1c nh\u01b0: an to\u00e0n khi l\u00e0m vi\u1ec7c c\u00f9ng con ng\u01b0\u1eddi, d\u1ec5 d\u00e0ng v\u1eadn h\u00e0nh v\u00e0 ti\u1ebft ki\u1ec7m n\u0103ng l\u01b0\u1ee3ng. Nh\u1edd \u0111\u00f3, ch\u00fang c\u00f3 th\u1ec3 \u0111\u00e1p \u1ee9ng linh ho\u1ea1t nhi\u1ec1u y\u00eau c\u1ea7u \u1ee9ng d\u1ee5ng trong s\u1ea3n xu\u1ea5t v\u00e0 t\u1ef1 \u0111\u1ed9ng h\u00f3a.<\/p>\n<p>B\u1ed9 \u0111i\u1ec1u khi\u1ec3n \u0111\u00f3ng vai tr\u00f2 trung t\u00e2m trong vi\u1ec7c v\u1eadn h\u00e0nh robot, cho ph\u00e9p th\u1ef1c hi\u1ec7n c\u00e1c thao t\u00e1c nh\u01b0 b\u1ed1c x\u1ebfp, c\u1ea7m n\u1eafm, \u0111\u00e1nh b\u00f3ng, x\u1eed l\u00fd v\u1eadt li\u1ec7u, h\u00e0n, d\u00e1n keo, tra d\u1ea7u v\u00e0 \u0111i\u1ec1u khi\u1ec3n t\u00edn hi\u1ec7u v\u00e0o\/ra. Phi\u00ean b\u1ea3n b\u1ed9 \u0111i\u1ec1u khi\u1ec3n m\u1edbi nh\u1ea5t c\u1ee7a ACS \u0111\u01b0\u1ee3c thi\u1ebft k\u1ebf nh\u1ecf g\u1ecdn, nh\u01b0ng v\u1eabn \u0111\u1ea3m b\u1ea3o c\u00e1c ti\u00eau chu\u1ea9n cao v\u1ec1 an to\u00e0n v\u00e0 t\u00ednh linh ho\u1ea1t. Thi\u1ebft b\u1ecb n\u00e0y kh\u00f4ng ch\u1ec9 t\u1ed1i \u01b0u cho m\u00f4i tr\u01b0\u1eddng l\u00e0m vi\u1ec7c c\u1ed9ng t\u00e1c v\u1edbi con ng\u01b0\u1eddi, m\u00e0 c\u00f2n ho\u00e0n to\u00e0n t\u01b0\u01a1ng th\u00edch v\u1edbi nhi\u1ec1u d\u00f2ng robot kh\u00e1c nhau v\u00e0 c\u00f3 th\u1ec3 t\u00edch h\u1ee3p \u0111\u1ed9c l\u1eadp v\u00e0o c\u00e1c h\u1ec7 th\u1ed1ng \u0111i\u1ec1u khi\u1ec3n t\u1ef1 \u0111\u1ed9ng.<\/p>","protected":false},"excerpt":{"rendered":"<p>Danh m\u1ee5c s\u1ea3n ph\u1ea9m cobot 6 tr\u1ee5c hi\u1ec7n bao g\u1ed3m m\u01b0\u1eddi m\u1eabu: X30-1100, X25-1800, X20-1400,&#8230;<\/p>","protected":false},"featured_media":1655,"comment_status":"open","ping_status":"closed","template":"","meta":[],"product_cat":[78],"product_tag":[],"yoast_head":"<!-- This site is optimized with the Yoast SEO Premium plugin v15.9.2 - https:\/\/yoast.com\/wordpress\/plugins\/seo\/ -->\n<title>X7-910 - C\u00f4ng Ty TNHH C\u01a1 \u0110i\u1ec7n T\u1eed ACS<\/title>\n<link rel=\"canonical\" href=\"https:\/\/acsco.com.vn\/en\/product\/x7-910\/\" \/>\n<meta property=\"og:locale\" content=\"en_US\" \/>\n<meta property=\"og:type\" content=\"article\" \/>\n<meta property=\"og:title\" content=\"X7-910 - C\u00f4ng Ty TNHH C\u01a1 \u0110i\u1ec7n T\u1eed ACS\" \/>\n<meta property=\"og:description\" content=\"Danh m\u1ee5c s\u1ea3n ph\u1ea9m cobot 6 tr\u1ee5c hi\u1ec7n bao g\u1ed3m m\u01b0\u1eddi m\u1eabu: X30-1100, X25-1800, X20-1400,...\" \/>\n<meta property=\"og:url\" content=\"https:\/\/acsco.com.vn\/en\/product\/x7-910\/\" \/>\n<meta property=\"og:site_name\" content=\"C\u00f4ng Ty TNHH C\u01a1 \u0110i\u1ec7n T\u1eed ACS\" \/>\n<meta property=\"og:image\" content=\"https:\/\/acsco.com.vn\/wp-content\/uploads\/2025\/06\/Cobotx7.jpg\" \/>\n\t<meta property=\"og:image:width\" content=\"800\" \/>\n\t<meta property=\"og:image:height\" content=\"800\" \/>\n<meta name=\"twitter:card\" content=\"summary_large_image\" \/>\n<meta name=\"twitter:label1\" content=\"Est. reading time\">\n\t<meta name=\"twitter:data1\" content=\"2 minutes\">\n<script type=\"application\/ld+json\" class=\"yoast-schema-graph\">{\"@context\":\"https:\/\/schema.org\",\"@graph\":[{\"@type\":\"WebSite\",\"@id\":\"https:\/\/acsco.com.vn\/#website\",\"url\":\"https:\/\/acsco.com.vn\/\",\"name\":\"C\\u00f4ng Ty TNHH C\\u01a1 \\u0110i\\u1ec7n T\\u1eed ACS\",\"description\":\"Give you the best solution !!!!!!\",\"potentialAction\":[{\"@type\":\"SearchAction\",\"target\":\"https:\/\/acsco.com.vn\/?s={search_term_string}\",\"query-input\":\"required name=search_term_string\"}],\"inLanguage\":\"en-US\"},{\"@type\":\"ImageObject\",\"@id\":\"https:\/\/acsco.com.vn\/san-pham\/x7-910\/#primaryimage\",\"inLanguage\":\"en-US\",\"url\":\"https:\/\/acsco.com.vn\/wp-content\/uploads\/2025\/06\/Cobotx7.jpg\",\"width\":800,\"height\":800},{\"@type\":\"WebPage\",\"@id\":\"https:\/\/acsco.com.vn\/san-pham\/x7-910\/#webpage\",\"url\":\"https:\/\/acsco.com.vn\/san-pham\/x7-910\/\",\"name\":\"X7-910 - C\\u00f4ng Ty TNHH C\\u01a1 \\u0110i\\u1ec7n T\\u1eed ACS\",\"isPartOf\":{\"@id\":\"https:\/\/acsco.com.vn\/#website\"},\"primaryImageOfPage\":{\"@id\":\"https:\/\/acsco.com.vn\/san-pham\/x7-910\/#primaryimage\"},\"datePublished\":\"2025-06-21T01:05:52+00:00\",\"dateModified\":\"2025-06-21T01:05:52+00:00\",\"breadcrumb\":{\"@id\":\"https:\/\/acsco.com.vn\/san-pham\/x7-910\/#breadcrumb\"},\"inLanguage\":\"en-US\",\"potentialAction\":[{\"@type\":\"ReadAction\",\"target\":[\"https:\/\/acsco.com.vn\/san-pham\/x7-910\/\"]}]},{\"@type\":\"BreadcrumbList\",\"@id\":\"https:\/\/acsco.com.vn\/san-pham\/x7-910\/#breadcrumb\",\"itemListElement\":[{\"@type\":\"ListItem\",\"position\":1,\"item\":{\"@type\":\"WebPage\",\"@id\":\"https:\/\/acsco.com.vn\/\",\"url\":\"https:\/\/acsco.com.vn\/\",\"name\":\"Home\"}},{\"@type\":\"ListItem\",\"position\":2,\"item\":{\"@type\":\"WebPage\",\"@id\":\"https:\/\/acsco.com.vn\/san-pham\/\",\"url\":\"https:\/\/acsco.com.vn\/san-pham\/\",\"name\":\"S\\u1ea3n ph\\u1ea9m\"}},{\"@type\":\"ListItem\",\"position\":3,\"item\":{\"@type\":\"WebPage\",\"@id\":\"https:\/\/acsco.com.vn\/san-pham\/x7-910\/\",\"url\":\"https:\/\/acsco.com.vn\/san-pham\/x7-910\/\",\"name\":\"X7-910\"}}]}]}<\/script>\n<!-- \/ Yoast SEO Premium plugin. -->","_links":{"self":[{"href":"https:\/\/acsco.com.vn\/en\/wp-json\/wp\/v2\/product\/1654"}],"collection":[{"href":"https:\/\/acsco.com.vn\/en\/wp-json\/wp\/v2\/product"}],"about":[{"href":"https:\/\/acsco.com.vn\/en\/wp-json\/wp\/v2\/types\/product"}],"replies":[{"embeddable":true,"href":"https:\/\/acsco.com.vn\/en\/wp-json\/wp\/v2\/comments?post=1654"}],"wp:featuredmedia":[{"embeddable":true,"href":"https:\/\/acsco.com.vn\/en\/wp-json\/wp\/v2\/media\/1655"}],"wp:attachment":[{"href":"https:\/\/acsco.com.vn\/en\/wp-json\/wp\/v2\/media?parent=1654"}],"wp:term":[{"taxonomy":"product_cat","embeddable":true,"href":"https:\/\/acsco.com.vn\/en\/wp-json\/wp\/v2\/product_cat?post=1654"},{"taxonomy":"product_tag","embeddable":true,"href":"https:\/\/acsco.com.vn\/en\/wp-json\/wp\/v2\/product_tag?post=1654"}],"curies":[{"name":"wp","href":"https:\/\/api.w.org\/{rel}","templated":true}]}}