{"id":1226,"date":"2025-06-13T12:02:27","date_gmt":"2025-06-13T05:02:27","guid":{"rendered":"https:\/\/acsco.com.vn\/?post_type=product&#038;p=1226"},"modified":"2025-06-13T12:06:12","modified_gmt":"2025-06-13T05:06:12","slug":"paw-501","status":"publish","type":"product","link":"https:\/\/acsco.com.vn\/en\/product\/paw-501\/","title":{"rendered":"PAW &#8211; 501"},"content":{"rendered":"<p><img loading=\"lazy\" class=\"size-medium wp-image-1227 aligncenter\" src=\"https:\/\/acsco.com.vn\/wp-content\/uploads\/2025\/06\/PAW-501\u5b98\u7db2\u5c0f\u5716240703-300x300.png\" alt=\"\" width=\"300\" height=\"300\" srcset=\"https:\/\/acsco.com.vn\/wp-content\/uploads\/2025\/06\/PAW-501\u5b98\u7db2\u5c0f\u5716240703-300x300.png 300w, https:\/\/acsco.com.vn\/wp-content\/uploads\/2025\/06\/PAW-501\u5b98\u7db2\u5c0f\u5716240703-150x150.png 150w, https:\/\/acsco.com.vn\/wp-content\/uploads\/2025\/06\/PAW-501\u5b98\u7db2\u5c0f\u5716240703-12x12.png 12w, https:\/\/acsco.com.vn\/wp-content\/uploads\/2025\/06\/PAW-501\u5b98\u7db2\u5c0f\u5716240703-100x100.png 100w, https:\/\/acsco.com.vn\/wp-content\/uploads\/2025\/06\/PAW-501\u5b98\u7db2\u5c0f\u5716240703.png 500w\" sizes=\"(max-width: 300px) 100vw, 300px\" \/><\/p>\n<ul>\n<li>C\u00f4ng ngh\u1ec7 Inverter ti\u1ebft ki\u1ec7m n\u0103ng l\u01b0\u1ee3ng<\/li>\n<li>B\u1ea3o v\u1ec7 qu\u00e1 t\u1ea3i nhi\u1ec7t<\/li>\n<li>H\u1ed7 tr\u1ee3 k\u1ebft n\u1ed1i \u0111i\u1ec1u khi\u1ec3n PLC<\/li>\n<li>D\u00f2ng h\u1ed3 quang 1-30A<\/li>\n<li>Giao di\u1ec7n t\u01b0\u01a1ng t\u1ef1 0-10V c\u00f3 th\u1ec3 \u0111i\u1ec1u ch\u1ec9nh \u0111\u1ec3 ki\u1ec3m so\u00e1t d\u00f2ng h\u00e0n<\/li>\n<li>Thi\u1ebft k\u1ebf b\u00e1o \u0111\u1ed9ng t\u00edn hi\u1ec7u b\u1ea5t th\u01b0\u1eddng<\/li>\n<\/ul>\n<p><strong>TH\u00d4NG S\u1ed0 K\u1ef8 THU\u1eacT<\/strong><\/p>\n<p><img loading=\"lazy\" class=\"size-full wp-image-1228 aligncenter\" src=\"https:\/\/acsco.com.vn\/wp-content\/uploads\/2025\/06\/Screenshot-2025-06-13-154443.png\" alt=\"\" width=\"682\" height=\"593\" srcset=\"https:\/\/acsco.com.vn\/wp-content\/uploads\/2025\/06\/Screenshot-2025-06-13-154443.png 682w, https:\/\/acsco.com.vn\/wp-content\/uploads\/2025\/06\/Screenshot-2025-06-13-154443-300x261.png 300w, https:\/\/acsco.com.vn\/wp-content\/uploads\/2025\/06\/Screenshot-2025-06-13-154443-14x12.png 14w, https:\/\/acsco.com.vn\/wp-content\/uploads\/2025\/06\/Screenshot-2025-06-13-154443-600x522.png 600w\" sizes=\"(max-width: 682px) 100vw, 682px\" \/><\/p>\n<p><strong>\u1ee8NG D\u1ee4NG<\/strong>\u00a0<\/p>\n<ul>\n<li><span>Ng\u00e0nh h\u00e0ng kh\u00f4ng v\u0169 tr\u1ee5<\/span><\/li>\n<li><span>S\u1ea3n xu\u1ea5t \u1ed1ng &amp; \u1ed1ng<\/span><\/li>\n<li><span>Ng\u00e0nh b\u00ecnh ch\u1ecbu \u00e1p l\u1ef1c <\/span><\/li>\n<li><span>S\u1ea3n xu\u1ea5t <\/span><span>d\u1ee5ng c\u1ee5 y t\u1ebf <\/span><\/li>\n<li><span>S\u1ea3n <\/span><span>xu\u1ea5t thi\u1ebft b\u1ecb ch\u00e2n kh\u00f4ng<\/span><\/li>\n<\/ul>","protected":false},"excerpt":{"rendered":"<p>C\u00f4ng ngh\u1ec7 Inverter ti\u1ebft ki\u1ec7m n\u0103ng l\u01b0\u1ee3ng B\u1ea3o v\u1ec7 qu\u00e1 t\u1ea3i nhi\u1ec7t H\u1ed7 tr\u1ee3 k\u1ebft&#8230;<\/p>","protected":false},"featured_media":1227,"comment_status":"open","ping_status":"closed","template":"","meta":[],"product_cat":[63],"product_tag":[],"yoast_head":"<!-- This site is optimized with the Yoast SEO Premium plugin v15.9.2 - https:\/\/yoast.com\/wordpress\/plugins\/seo\/ -->\n<title>PAW - 501 - C\u00f4ng Ty TNHH C\u01a1 \u0110i\u1ec7n T\u1eed ACS<\/title>\n<link rel=\"canonical\" href=\"https:\/\/acsco.com.vn\/en\/product\/paw-501\/\" \/>\n<meta property=\"og:locale\" content=\"en_US\" \/>\n<meta property=\"og:type\" content=\"article\" \/>\n<meta property=\"og:title\" content=\"PAW - 501 - C\u00f4ng Ty TNHH C\u01a1 \u0110i\u1ec7n T\u1eed ACS\" \/>\n<meta property=\"og:description\" content=\"C\u00f4ng ngh\u1ec7 Inverter ti\u1ebft ki\u1ec7m n\u0103ng l\u01b0\u1ee3ng B\u1ea3o v\u1ec7 qu\u00e1 t\u1ea3i nhi\u1ec7t H\u1ed7 tr\u1ee3 k\u1ebft...\" \/>\n<meta property=\"og:url\" content=\"https:\/\/acsco.com.vn\/en\/product\/paw-501\/\" \/>\n<meta property=\"og:site_name\" content=\"C\u00f4ng Ty TNHH C\u01a1 \u0110i\u1ec7n T\u1eed ACS\" \/>\n<meta property=\"article:modified_time\" content=\"2025-06-13T05:06:12+00:00\" \/>\n<meta property=\"og:image\" content=\"https:\/\/acsco.com.vn\/wp-content\/uploads\/2025\/06\/PAW-501\u5b98\u7db2\u5c0f\u5716240703.png\" \/>\n\t<meta property=\"og:image:width\" content=\"500\" \/>\n\t<meta property=\"og:image:height\" content=\"500\" \/>\n<meta name=\"twitter:card\" content=\"summary_large_image\" \/>\n<meta name=\"twitter:label1\" content=\"Est. reading time\">\n\t<meta name=\"twitter:data1\" content=\"1 minute\">\n<script type=\"application\/ld+json\" class=\"yoast-schema-graph\">{\"@context\":\"https:\/\/schema.org\",\"@graph\":[{\"@type\":\"WebSite\",\"@id\":\"https:\/\/acsco.com.vn\/#website\",\"url\":\"https:\/\/acsco.com.vn\/\",\"name\":\"C\\u00f4ng Ty TNHH C\\u01a1 \\u0110i\\u1ec7n T\\u1eed ACS\",\"description\":\"Give you the best solution !!!!!!\",\"potentialAction\":[{\"@type\":\"SearchAction\",\"target\":\"https:\/\/acsco.com.vn\/?s={search_term_string}\",\"query-input\":\"required name=search_term_string\"}],\"inLanguage\":\"en-US\"},{\"@type\":\"ImageObject\",\"@id\":\"https:\/\/acsco.com.vn\/san-pham\/paw-501\/#primaryimage\",\"inLanguage\":\"en-US\",\"url\":\"https:\/\/acsco.com.vn\/wp-content\/uploads\/2025\/06\/PAW-501\\u5b98\\u7db2\\u5c0f\\u5716240703.png\",\"width\":500,\"height\":500},{\"@type\":\"WebPage\",\"@id\":\"https:\/\/acsco.com.vn\/san-pham\/paw-501\/#webpage\",\"url\":\"https:\/\/acsco.com.vn\/san-pham\/paw-501\/\",\"name\":\"PAW - 501 - C\\u00f4ng Ty TNHH C\\u01a1 \\u0110i\\u1ec7n T\\u1eed ACS\",\"isPartOf\":{\"@id\":\"https:\/\/acsco.com.vn\/#website\"},\"primaryImageOfPage\":{\"@id\":\"https:\/\/acsco.com.vn\/san-pham\/paw-501\/#primaryimage\"},\"datePublished\":\"2025-06-13T05:02:27+00:00\",\"dateModified\":\"2025-06-13T05:06:12+00:00\",\"breadcrumb\":{\"@id\":\"https:\/\/acsco.com.vn\/san-pham\/paw-501\/#breadcrumb\"},\"inLanguage\":\"en-US\",\"potentialAction\":[{\"@type\":\"ReadAction\",\"target\":[\"https:\/\/acsco.com.vn\/san-pham\/paw-501\/\"]}]},{\"@type\":\"BreadcrumbList\",\"@id\":\"https:\/\/acsco.com.vn\/san-pham\/paw-501\/#breadcrumb\",\"itemListElement\":[{\"@type\":\"ListItem\",\"position\":1,\"item\":{\"@type\":\"WebPage\",\"@id\":\"https:\/\/acsco.com.vn\/\",\"url\":\"https:\/\/acsco.com.vn\/\",\"name\":\"Home\"}},{\"@type\":\"ListItem\",\"position\":2,\"item\":{\"@type\":\"WebPage\",\"@id\":\"https:\/\/acsco.com.vn\/san-pham\/\",\"url\":\"https:\/\/acsco.com.vn\/san-pham\/\",\"name\":\"S\\u1ea3n ph\\u1ea9m\"}},{\"@type\":\"ListItem\",\"position\":3,\"item\":{\"@type\":\"WebPage\",\"@id\":\"https:\/\/acsco.com.vn\/san-pham\/paw-501\/\",\"url\":\"https:\/\/acsco.com.vn\/san-pham\/paw-501\/\",\"name\":\"PAW &#8211; 501\"}}]}]}<\/script>\n<!-- \/ Yoast SEO Premium plugin. -->","_links":{"self":[{"href":"https:\/\/acsco.com.vn\/en\/wp-json\/wp\/v2\/product\/1226"}],"collection":[{"href":"https:\/\/acsco.com.vn\/en\/wp-json\/wp\/v2\/product"}],"about":[{"href":"https:\/\/acsco.com.vn\/en\/wp-json\/wp\/v2\/types\/product"}],"replies":[{"embeddable":true,"href":"https:\/\/acsco.com.vn\/en\/wp-json\/wp\/v2\/comments?post=1226"}],"wp:featuredmedia":[{"embeddable":true,"href":"https:\/\/acsco.com.vn\/en\/wp-json\/wp\/v2\/media\/1227"}],"wp:attachment":[{"href":"https:\/\/acsco.com.vn\/en\/wp-json\/wp\/v2\/media?parent=1226"}],"wp:term":[{"taxonomy":"product_cat","embeddable":true,"href":"https:\/\/acsco.com.vn\/en\/wp-json\/wp\/v2\/product_cat?post=1226"},{"taxonomy":"product_tag","embeddable":true,"href":"https:\/\/acsco.com.vn\/en\/wp-json\/wp\/v2\/product_tag?post=1226"}],"curies":[{"name":"wp","href":"https:\/\/api.w.org\/{rel}","templated":true}]}}