{"id":1212,"date":"2025-06-13T10:39:51","date_gmt":"2025-06-13T03:39:51","guid":{"rendered":"https:\/\/acsco.com.vn\/?post_type=product&#038;p=1212"},"modified":"2025-06-13T10:43:21","modified_gmt":"2025-06-13T03:43:21","slug":"pt-30","status":"publish","type":"product","link":"https:\/\/acsco.com.vn\/en\/product\/pt-30\/","title":{"rendered":"PT &#8211; 30"},"content":{"rendered":"<p><img loading=\"lazy\" class=\"wp-image-1206 size-medium aligncenter\" src=\"https:\/\/acsco.com.vn\/wp-content\/uploads\/2025\/06\/web-PT-30-250512-300x300.png\" alt=\"\" width=\"300\" height=\"300\" srcset=\"https:\/\/acsco.com.vn\/wp-content\/uploads\/2025\/06\/web-PT-30-250512-300x300.png 300w, https:\/\/acsco.com.vn\/wp-content\/uploads\/2025\/06\/web-PT-30-250512-1024x1024.png 1024w, https:\/\/acsco.com.vn\/wp-content\/uploads\/2025\/06\/web-PT-30-250512-150x150.png 150w, https:\/\/acsco.com.vn\/wp-content\/uploads\/2025\/06\/web-PT-30-250512-768x768.png 768w, https:\/\/acsco.com.vn\/wp-content\/uploads\/2025\/06\/web-PT-30-250512-1536x1536.png 1536w, https:\/\/acsco.com.vn\/wp-content\/uploads\/2025\/06\/web-PT-30-250512-2048x2048.png 2048w, https:\/\/acsco.com.vn\/wp-content\/uploads\/2025\/06\/web-PT-30-250512-12x12.png 12w, https:\/\/acsco.com.vn\/wp-content\/uploads\/2025\/06\/web-PT-30-250512-600x600.png 600w, https:\/\/acsco.com.vn\/wp-content\/uploads\/2025\/06\/web-PT-30-250512-100x100.png 100w\" sizes=\"(max-width: 300px) 100vw, 300px\" \/><\/p>\n<ul>\n<li>C\u00f4ng ngh\u1ec7 Inverter ti\u1ebft ki\u1ec7m n\u0103ng l\u01b0\u1ee3ng<\/li>\n<li>B\u1ea3o v\u1ec7 qu\u00e1 t\u1ea3i nhi\u1ec7t<\/li>\n<li>T\u1ea7n s\u1ed1 xung chuy\u1ec3n m\u1ea1ch 3 giai \u0111o\u1ea1n<\/li>\n<li>Ch\u1ee9c n\u0103ng h\u00e0n 2T cho \u0111\u1ed9 d\u1ed1c l\u00ean\/xu\u1ed1ng H\u1ed7 tr\u1ee3 k\u1ebft n\u1ed1i \u0111i\u1ec1u khi\u1ec3n PLC<\/li>\n<li>Giao di\u1ec7n analog 0-10V c\u00f3 s\u1eb5n \u0111\u1ec3 \u0111i\u1ec1u khi\u1ec3n d\u00f2ng \u0111i\u1ec7n h\u00e0n<\/li>\n<li>Ki\u1ec3m so\u00e1t ho\u00e0n to\u00e0n tr\u00ecnh t\u1ef1 kh\u00ed plasma C\u00f3 th\u1ec3 \u0111i\u1ec1u ch\u1ec9nh d\u00f2ng h\u1ed3 quang<\/li>\n<li>Thi\u1ebft k\u1ebf b\u00e1o \u0111\u1ed9ng t\u00edn hi\u1ec7u b\u1ea5t th\u01b0\u1eddng<\/li>\n<\/ul>\n<p><strong>TH\u00d4NG S\u1ed0 K\u1ef8 THU\u1eacT<img loading=\"lazy\" class=\"size-full wp-image-1208 aligncenter\" src=\"https:\/\/acsco.com.vn\/wp-content\/uploads\/2025\/06\/TSKT.png\" alt=\"\" width=\"602\" height=\"613\" srcset=\"https:\/\/acsco.com.vn\/wp-content\/uploads\/2025\/06\/TSKT.png 602w, https:\/\/acsco.com.vn\/wp-content\/uploads\/2025\/06\/TSKT-295x300.png 295w, https:\/\/acsco.com.vn\/wp-content\/uploads\/2025\/06\/TSKT-12x12.png 12w, https:\/\/acsco.com.vn\/wp-content\/uploads\/2025\/06\/TSKT-600x611.png 600w\" sizes=\"(max-width: 602px) 100vw, 602px\" \/><\/strong><\/p>\n<p><strong>\u1ee8NG D\u1ee4NG<\/strong><\/p>\n<ul>\n<li>\u1ee8ng d\u1ee5ng c\u00f4ng nghi\u1ec7p<\/li>\n<li>H\u00e0ng kh\u00f4ng v\u0169 tr\u1ee5<\/li>\n<li>B\u00ecnh ch\u1ecbu \u00e1p su\u1ea5t<\/li>\n<li>Ch\u1ebf t\u1ea1o \u1ed1ng &amp; \u1ed1ng<\/li>\n<li>Quy tr\u00ecnh th\u1ef1c ph\u1ea9m<\/li>\n<li>Thi\u1ebft b\u1ecb ch\u00e2n kh\u00f4ng<\/li>\n<\/ul>\n<p>\u00a0<\/p>","protected":false},"excerpt":{"rendered":"<p>C\u00f4ng ngh\u1ec7 Inverter ti\u1ebft ki\u1ec7m n\u0103ng l\u01b0\u1ee3ng B\u1ea3o v\u1ec7 qu\u00e1 t\u1ea3i nhi\u1ec7t T\u1ea7n s\u1ed1 xung&#8230;<\/p>","protected":false},"featured_media":1206,"comment_status":"open","ping_status":"closed","template":"","meta":[],"product_cat":[62],"product_tag":[],"yoast_head":"<!-- This site is optimized with the Yoast SEO Premium plugin v15.9.2 - https:\/\/yoast.com\/wordpress\/plugins\/seo\/ -->\n<title>PT - 30 - C\u00f4ng Ty TNHH C\u01a1 \u0110i\u1ec7n T\u1eed ACS<\/title>\n<link rel=\"canonical\" href=\"https:\/\/acsco.com.vn\/en\/product\/pt-30\/\" \/>\n<meta property=\"og:locale\" content=\"en_US\" \/>\n<meta property=\"og:type\" content=\"article\" \/>\n<meta property=\"og:title\" content=\"PT - 30 - C\u00f4ng Ty TNHH C\u01a1 \u0110i\u1ec7n T\u1eed ACS\" \/>\n<meta property=\"og:description\" content=\"C\u00f4ng ngh\u1ec7 Inverter ti\u1ebft ki\u1ec7m n\u0103ng l\u01b0\u1ee3ng B\u1ea3o v\u1ec7 qu\u00e1 t\u1ea3i nhi\u1ec7t T\u1ea7n s\u1ed1 xung...\" \/>\n<meta property=\"og:url\" content=\"https:\/\/acsco.com.vn\/en\/product\/pt-30\/\" \/>\n<meta property=\"og:site_name\" content=\"C\u00f4ng Ty TNHH C\u01a1 \u0110i\u1ec7n T\u1eed ACS\" \/>\n<meta property=\"article:modified_time\" content=\"2025-06-13T03:43:21+00:00\" \/>\n<meta property=\"og:image\" content=\"https:\/\/acsco.com.vn\/wp-content\/uploads\/2025\/06\/web-PT-30-250512-1024x1024.png\" \/>\n\t<meta property=\"og:image:width\" content=\"1024\" \/>\n\t<meta property=\"og:image:height\" content=\"1024\" \/>\n<meta name=\"twitter:card\" content=\"summary_large_image\" \/>\n<meta name=\"twitter:label1\" content=\"Est. reading time\">\n\t<meta name=\"twitter:data1\" content=\"1 minute\">\n<script type=\"application\/ld+json\" class=\"yoast-schema-graph\">{\"@context\":\"https:\/\/schema.org\",\"@graph\":[{\"@type\":\"WebSite\",\"@id\":\"https:\/\/acsco.com.vn\/#website\",\"url\":\"https:\/\/acsco.com.vn\/\",\"name\":\"C\\u00f4ng Ty TNHH C\\u01a1 \\u0110i\\u1ec7n T\\u1eed ACS\",\"description\":\"Give you the best solution !!!!!!\",\"potentialAction\":[{\"@type\":\"SearchAction\",\"target\":\"https:\/\/acsco.com.vn\/?s={search_term_string}\",\"query-input\":\"required name=search_term_string\"}],\"inLanguage\":\"en-US\"},{\"@type\":\"ImageObject\",\"@id\":\"https:\/\/acsco.com.vn\/san-pham\/pt-30\/#primaryimage\",\"inLanguage\":\"en-US\",\"url\":\"https:\/\/acsco.com.vn\/wp-content\/uploads\/2025\/06\/web-PT-30-250512.png\",\"width\":2363,\"height\":2363},{\"@type\":\"WebPage\",\"@id\":\"https:\/\/acsco.com.vn\/san-pham\/pt-30\/#webpage\",\"url\":\"https:\/\/acsco.com.vn\/san-pham\/pt-30\/\",\"name\":\"PT - 30 - C\\u00f4ng Ty TNHH C\\u01a1 \\u0110i\\u1ec7n T\\u1eed ACS\",\"isPartOf\":{\"@id\":\"https:\/\/acsco.com.vn\/#website\"},\"primaryImageOfPage\":{\"@id\":\"https:\/\/acsco.com.vn\/san-pham\/pt-30\/#primaryimage\"},\"datePublished\":\"2025-06-13T03:39:51+00:00\",\"dateModified\":\"2025-06-13T03:43:21+00:00\",\"breadcrumb\":{\"@id\":\"https:\/\/acsco.com.vn\/san-pham\/pt-30\/#breadcrumb\"},\"inLanguage\":\"en-US\",\"potentialAction\":[{\"@type\":\"ReadAction\",\"target\":[\"https:\/\/acsco.com.vn\/san-pham\/pt-30\/\"]}]},{\"@type\":\"BreadcrumbList\",\"@id\":\"https:\/\/acsco.com.vn\/san-pham\/pt-30\/#breadcrumb\",\"itemListElement\":[{\"@type\":\"ListItem\",\"position\":1,\"item\":{\"@type\":\"WebPage\",\"@id\":\"https:\/\/acsco.com.vn\/\",\"url\":\"https:\/\/acsco.com.vn\/\",\"name\":\"Home\"}},{\"@type\":\"ListItem\",\"position\":2,\"item\":{\"@type\":\"WebPage\",\"@id\":\"https:\/\/acsco.com.vn\/san-pham\/\",\"url\":\"https:\/\/acsco.com.vn\/san-pham\/\",\"name\":\"S\\u1ea3n ph\\u1ea9m\"}},{\"@type\":\"ListItem\",\"position\":3,\"item\":{\"@type\":\"WebPage\",\"@id\":\"https:\/\/acsco.com.vn\/san-pham\/pt-30\/\",\"url\":\"https:\/\/acsco.com.vn\/san-pham\/pt-30\/\",\"name\":\"PT &#8211; 30\"}}]}]}<\/script>\n<!-- \/ Yoast SEO Premium plugin. -->","_links":{"self":[{"href":"https:\/\/acsco.com.vn\/en\/wp-json\/wp\/v2\/product\/1212"}],"collection":[{"href":"https:\/\/acsco.com.vn\/en\/wp-json\/wp\/v2\/product"}],"about":[{"href":"https:\/\/acsco.com.vn\/en\/wp-json\/wp\/v2\/types\/product"}],"replies":[{"embeddable":true,"href":"https:\/\/acsco.com.vn\/en\/wp-json\/wp\/v2\/comments?post=1212"}],"wp:featuredmedia":[{"embeddable":true,"href":"https:\/\/acsco.com.vn\/en\/wp-json\/wp\/v2\/media\/1206"}],"wp:attachment":[{"href":"https:\/\/acsco.com.vn\/en\/wp-json\/wp\/v2\/media?parent=1212"}],"wp:term":[{"taxonomy":"product_cat","embeddable":true,"href":"https:\/\/acsco.com.vn\/en\/wp-json\/wp\/v2\/product_cat?post=1212"},{"taxonomy":"product_tag","embeddable":true,"href":"https:\/\/acsco.com.vn\/en\/wp-json\/wp\/v2\/product_tag?post=1212"}],"curies":[{"name":"wp","href":"https:\/\/api.w.org\/{rel}","templated":true}]}}