{"id":233,"date":"2022-06-10T11:25:06","date_gmt":"2022-06-10T04:25:06","guid":{"rendered":"https:\/\/acsco.123websitedev.com\/?page_id=233"},"modified":"2025-06-17T11:14:47","modified_gmt":"2025-06-17T04:14:47","slug":"gia-tri-cot-loi","status":"publish","type":"page","link":"https:\/\/acsco.com.vn\/en\/gia-tri-cot-loi\/","title":{"rendered":"Core values"},"content":{"rendered":"<div class=\"row row-collapse row-full-width\"  id=\"row-1500571863\">\n\n\n\t<div id=\"col-1502447603\" class=\"col small-12 large-12\"  >\n\t\t\t\t<div class=\"col-inner\"  >\n\t\t\t\n\t\t\t\n\n\n  <div class=\"banner has-hover\" id=\"banner-749999210\">\n          <div class=\"banner-inner fill\">\n        <div class=\"banner-bg fill\" >\n            <div class=\"bg fill bg-fill\"><\/div>\n                                    \n                    <\/div>\n\t\t\n        <div class=\"banner-layers container\">\n            <div class=\"fill banner-link\"><\/div>            \n\n   <div id=\"text-box-1067320092\" class=\"text-box banner-layer x50 md-x50 lg-x50 y50 md-y50 lg-y50 res-text\">\n                                <div class=\"text-box-content text dark\">\n              \n              <div class=\"text-inner text-center\">\n                  \n\n\n              <\/div>\n           <\/div>\n                            \n<style>\n#text-box-1067320092 {\n  width: 60%;\n}\n#text-box-1067320092 .text-box-content {\n  font-size: 100%;\n}\n<\/style>\n    <\/div>\n \n\n        <\/div>\n      <\/div>\n\n            \n<style>\n#banner-749999210 {\n  padding-top: 40%;\n}\n#banner-749999210 .bg.bg-loaded {\n  background-image: url(https:\/\/acsco.com.vn\/wp-content\/uploads\/2025\/06\/Ban-sao-cua-Mau-be-nhat-Thanh-lich-Trai-nghiem-Nghe-thuat-Trang-tri-Anh-bia-Facebook-1-2.png);\n}\n#banner-749999210 .ux-shape-divider--top svg {\n  height: 150px;\n  --divider-top-width: 100%;\n}\n#banner-749999210 .ux-shape-divider--bottom svg {\n  height: 150px;\n  --divider-width: 100%;\n}\n<\/style>\n  <\/div>\n\n\n\n\t\t<\/div>\n\t\t\t\t\t<\/div>\n\n\t\n\n<\/div>\n\t<section class=\"section info-card-1\" id=\"section_1985018573\">\n\t\t<div class=\"bg section-bg fill bg-fill  bg-loaded\" >\n\n\t\t\t\n\t\t\t\n\t\t\t\n\n\t\t<\/div>\n\n\t\t\n\n\t\t<div class=\"section-content relative\">\n\t\t\t\n<div class=\"row\"  id=\"row-2081761416\">\n\n\t<div id=\"col-1564779289\" class=\"col small-12 large-12\"  >\n\t\t\t\t<div class=\"col-inner text-center\"  >\n\t\t\t\n\t\t\t\n\t<div id=\"text-2171506892\" class=\"text\">\n\t\t\n<p><strong><span style=\"font-size: 160%; color: #f99b1c;\">C\u00d4NG TY TNHH C\u01a0 \u0110I\u1ec6N T\u1eec ACS<\/span><\/strong><\/p>\n\t\t\n<style>\n#text-2171506892 {\n  font-size: 1.65rem;\n}\n<\/style>\n\t<\/div>\n\t\n\t\t<\/div>\n\t\t\t\t\n<style>\n#col-1564779289 > .col-inner {\n  padding: 20px 0px 0px 0px;\n}\n<\/style>\n\t<\/div>\n\n\t\n<\/div>\n<div class=\"row row-small align-equal\"  id=\"row-1214842129\">\n\n\t<div id=\"col-1309994380\" class=\"col medium-4 small-12 large-4\"  >\n\t\t\t\t<div class=\"col-inner\"  >\n\t\t\t\n\t\t\t\n\t<div class=\"box has-hover   has-hover box-shadow-5-hover box-push box-text-bottom\" >\n\n\t\t<div class=\"box-image\" >\n\t\t\t<a href=\"#\"  >\t\t\t<div class=\"image-zoom image-cover\" style=\"padding-top:70%;\">\n\t\t\t\t<img width=\"373\" height=\"263\" src=\"https:\/\/acsco.com.vn\/wp-content\/uploads\/2025\/06\/Screenshot-2025-06-05-112811-2.png\" class=\"attachment- size-\" alt=\"\" loading=\"lazy\" srcset=\"https:\/\/acsco.com.vn\/wp-content\/uploads\/2025\/06\/Screenshot-2025-06-05-112811-2.png 373w, https:\/\/acsco.com.vn\/wp-content\/uploads\/2025\/06\/Screenshot-2025-06-05-112811-2-300x212.png 300w, https:\/\/acsco.com.vn\/wp-content\/uploads\/2025\/06\/Screenshot-2025-06-05-112811-2-16x12.png 16w\" sizes=\"(max-width: 373px) 100vw, 373px\" \/>\t\t\t\t\t\t\t\t\t\t\t<\/div>\n\t\t\t<\/a>\t\t<\/div>\n\n\t\t<div class=\"box-text text-center\" style=\"background-color:rgb(255, 255, 255);padding:20px 5% 20px 5%;\">\n\t\t\t<div class=\"box-text-inner\">\n\t\t\t\t\n<h4 style=\"text-align: center;\"><span style=\"color: #f99b1c;\">GI\u00c1 TR\u1eca C\u1ed0T L\u00d5I<\/span><\/h4>\n<p style=\"text-align: center;\">Mang l\u1ea1i gi\u1ea3i ph\u00e1p v\u00e0 s\u1ea3n ph\u1ea9m t\u1ed1t nh\u1ea5t cho kh\u00e1ch h\u00e0ng trong l\u0129nh v\u1ef1c gia c\u00f4ng kim lo\u1ea1i. T\u1ed1i \u01b0u h\u00f3a v\u1ec1 s\u1ea3n xu\u1ea5t v\u00e0 t\u1ef1 \u0111\u1ed9ng h\u00f3a trong nh\u00e0 m\u00e1y s\u1ea3n xu\u1ea5t c\u1ee7a kh\u00e1ch h\u00e0ng.<\/p>\n<a href=\"#\" target=\"_self\" class=\"button primary is-underline\"  >\n    <span>Th\u00f4ng tin th\u00eam<\/span>\n  <\/a>\n\n\t\t\t<\/div>\n\t\t<\/div>\n\t<\/div>\n\t\n\t\t<\/div>\n\t\t\t\t\t<\/div>\n\n\t\n\n\t<div id=\"col-1313818377\" class=\"col medium-4 small-12 large-4\"  >\n\t\t\t\t<div class=\"col-inner\"  >\n\t\t\t\n\t\t\t\n\t<div class=\"box has-hover   has-hover box-shadow-5-hover box-push box-text-bottom\" >\n\n\t\t<div class=\"box-image\" >\n\t\t\t<a href=\"#\"  >\t\t\t<div class=\"image-zoom image-cover\" style=\"padding-top:70%;\">\n\t\t\t\t<img width=\"636\" height=\"407\" src=\"https:\/\/acsco.com.vn\/wp-content\/uploads\/2025\/06\/Screenshot-2025-06-05-113913.png\" class=\"attachment- size-\" alt=\"\" loading=\"lazy\" srcset=\"https:\/\/acsco.com.vn\/wp-content\/uploads\/2025\/06\/Screenshot-2025-06-05-113913.png 636w, https:\/\/acsco.com.vn\/wp-content\/uploads\/2025\/06\/Screenshot-2025-06-05-113913-300x192.png 300w, https:\/\/acsco.com.vn\/wp-content\/uploads\/2025\/06\/Screenshot-2025-06-05-113913-16x10.png 16w, https:\/\/acsco.com.vn\/wp-content\/uploads\/2025\/06\/Screenshot-2025-06-05-113913-600x384.png 600w\" sizes=\"(max-width: 636px) 100vw, 636px\" \/>\t\t\t\t\t\t\t\t\t\t\t<\/div>\n\t\t\t<\/a>\t\t<\/div>\n\n\t\t<div class=\"box-text text-center\" style=\"background-color:rgb(255, 255, 255);padding:20px 5% 20px 5%;\">\n\t\t\t<div class=\"box-text-inner\">\n\t\t\t\t\n<h4><span style=\"color: #f99b1c;\">S\u1ee8 M\u1ec6NH<\/span><\/h4>\n<p>Tr\u1edf th\u00e0nh doanh nghi\u1ec7p h\u00e0ng \u0111\u1ea7u cung c\u1ea5p v\u00e0 s\u1ea3n xu\u1ea5t thi\u1ebft b\u1ecb h\u00e0ng \u0111\u1ea7u trong l\u0129nh v\u1ef1c h\u00e0n c\u1eaft, gia c\u00f4ng kim lo\u1ea1i v\u00e0 t\u1ef1 \u0111\u1ed9ng h\u00f3a.<\/p>\n<p>\u00a0<\/p>\n<a href=\"#\" target=\"_self\" class=\"button primary is-underline\"  >\n    <span>Th\u00f4ng tin th\u00eam<\/span>\n  <\/a>\n\n\t\t\t<\/div>\n\t\t<\/div>\n\t<\/div>\n\t\n\t\t<\/div>\n\t\t\t\t\t<\/div>\n\n\t\n\n\t<div id=\"col-1973025895\" class=\"col medium-4 small-12 large-4\"  >\n\t\t\t\t<div class=\"col-inner\"  >\n\t\t\t\n\t\t\t\n\t<div class=\"box has-hover   has-hover box-shadow-5-hover box-push box-text-bottom\" >\n\n\t\t<div class=\"box-image\" >\n\t\t\t<a href=\"#\"  >\t\t\t<div class=\"image-zoom image-cover\" style=\"padding-top:70%;\">\n\t\t\t\t<img width=\"751\" height=\"524\" src=\"https:\/\/acsco.com.vn\/wp-content\/uploads\/2025\/06\/Screenshot-2025-06-05-113458.png\" class=\"attachment- size-\" alt=\"\" loading=\"lazy\" srcset=\"https:\/\/acsco.com.vn\/wp-content\/uploads\/2025\/06\/Screenshot-2025-06-05-113458.png 751w, https:\/\/acsco.com.vn\/wp-content\/uploads\/2025\/06\/Screenshot-2025-06-05-113458-300x209.png 300w, https:\/\/acsco.com.vn\/wp-content\/uploads\/2025\/06\/Screenshot-2025-06-05-113458-16x12.png 16w, https:\/\/acsco.com.vn\/wp-content\/uploads\/2025\/06\/Screenshot-2025-06-05-113458-600x419.png 600w\" sizes=\"(max-width: 751px) 100vw, 751px\" \/>\t\t\t\t\t\t\t\t\t\t\t<\/div>\n\t\t\t<\/a>\t\t<\/div>\n\n\t\t<div class=\"box-text text-center\" style=\"background-color:rgb(255, 255, 255);padding:20px 5% 20px 5%;\">\n\t\t\t<div class=\"box-text-inner\">\n\t\t\t\t\n<h4><span style=\"color: #f99b1c;\">T\u1ea6M NH\u00ccN<\/span><\/h4>\n<p>Mang l\u1ea1i gi\u1ea3i ph\u00e1p v\u00e0 s\u1ea3n ph\u1ea9m t\u1ed1t nh\u1ea5t cho kh\u00e1ch h\u00e0ng trong l\u0129nh v\u1ef1c gia c\u00f4ng kim lo\u1ea1i. T\u1ed1i \u01b0u h\u00f3a v\u1ec1 s\u1ea3n xu\u1ea5t v\u00e0 t\u1ef1 \u0111\u1ed9ng h\u00f3a trong nh\u00e0 m\u00e1y s\u1ea3n xu\u1ea5t c\u1ee7a kh\u00e1ch h\u00e0ng.<\/p>\n<a href=\"#\" target=\"_self\" class=\"button primary is-underline\"  >\n    <span>Th\u00f4ng tin th\u00eam<\/span>\n  <\/a>\n\n\t\t\t<\/div>\n\t\t<\/div>\n\t<\/div>\n\t\n\t\t<\/div>\n\t\t\t\t\t<\/div>\n\n\t\n\n<style>\n#row-1214842129 > .col > .col-inner {\n  background-color: rgb(255,255,255);\n}\n<\/style>\n<\/div>\n\t\t<\/div>\n\n\t\t\n<style>\n#section_1985018573 {\n  padding-top: 50px;\n  padding-bottom: 50px;\n  background-color: rgb(244, 244, 244);\n}\n#section_1985018573 .ux-shape-divider--top svg {\n  height: 150px;\n  --divider-top-width: 100%;\n}\n#section_1985018573 .ux-shape-divider--bottom svg {\n  height: 150px;\n  --divider-width: 100%;\n}\n<\/style>\n\t<\/section>","protected":false},"excerpt":{"rendered":"","protected":false},"author":1,"featured_media":0,"parent":0,"menu_order":0,"comment_status":"closed","ping_status":"closed","template":"page-blank.php","meta":[],"yoast_head":"<!-- This site is optimized with the Yoast SEO Premium plugin v15.9.2 - https:\/\/yoast.com\/wordpress\/plugins\/seo\/ -->\n<title>Gi\u00e1 Tr\u1ecb C\u1ed1t L\u00f5i - C\u00f4ng Ty TNHH C\u01a1 \u0110i\u1ec7n T\u1eed ACS<\/title>\n<link rel=\"canonical\" href=\"https:\/\/acsco.com.vn\/en\/gia-tri-cot-loi\/\" \/>\n<meta property=\"og:locale\" content=\"en_US\" \/>\n<meta property=\"og:type\" content=\"article\" \/>\n<meta property=\"og:title\" content=\"Gi\u00e1 Tr\u1ecb C\u1ed1t L\u00f5i - C\u00f4ng Ty TNHH C\u01a1 \u0110i\u1ec7n T\u1eed ACS\" \/>\n<meta property=\"og:url\" content=\"https:\/\/acsco.com.vn\/en\/gia-tri-cot-loi\/\" \/>\n<meta property=\"og:site_name\" content=\"C\u00f4ng Ty TNHH C\u01a1 \u0110i\u1ec7n T\u1eed ACS\" \/>\n<meta property=\"article:modified_time\" content=\"2025-06-17T04:14:47+00:00\" \/>\n<meta name=\"twitter:card\" content=\"summary_large_image\" \/>\n<meta name=\"twitter:label1\" content=\"Est. reading time\">\n\t<meta name=\"twitter:data1\" content=\"2 minutes\">\n<script type=\"application\/ld+json\" class=\"yoast-schema-graph\">{\"@context\":\"https:\/\/schema.org\",\"@graph\":[{\"@type\":\"WebSite\",\"@id\":\"https:\/\/acsco.com.vn\/#website\",\"url\":\"https:\/\/acsco.com.vn\/\",\"name\":\"C\\u00f4ng Ty TNHH C\\u01a1 \\u0110i\\u1ec7n T\\u1eed ACS\",\"description\":\"Give you the best solution !!!!!!\",\"potentialAction\":[{\"@type\":\"SearchAction\",\"target\":\"https:\/\/acsco.com.vn\/?s={search_term_string}\",\"query-input\":\"required name=search_term_string\"}],\"inLanguage\":\"en-US\"},{\"@type\":\"WebPage\",\"@id\":\"https:\/\/acsco.com.vn\/gia-tri-cot-loi\/#webpage\",\"url\":\"https:\/\/acsco.com.vn\/gia-tri-cot-loi\/\",\"name\":\"Gi\\u00e1 Tr\\u1ecb C\\u1ed1t L\\u00f5i - C\\u00f4ng Ty TNHH C\\u01a1 \\u0110i\\u1ec7n T\\u1eed ACS\",\"isPartOf\":{\"@id\":\"https:\/\/acsco.com.vn\/#website\"},\"datePublished\":\"2022-06-10T04:25:06+00:00\",\"dateModified\":\"2025-06-17T04:14:47+00:00\",\"breadcrumb\":{\"@id\":\"https:\/\/acsco.com.vn\/gia-tri-cot-loi\/#breadcrumb\"},\"inLanguage\":\"en-US\",\"potentialAction\":[{\"@type\":\"ReadAction\",\"target\":[\"https:\/\/acsco.com.vn\/gia-tri-cot-loi\/\"]}]},{\"@type\":\"BreadcrumbList\",\"@id\":\"https:\/\/acsco.com.vn\/gia-tri-cot-loi\/#breadcrumb\",\"itemListElement\":[{\"@type\":\"ListItem\",\"position\":1,\"item\":{\"@type\":\"WebPage\",\"@id\":\"https:\/\/acsco.com.vn\/\",\"url\":\"https:\/\/acsco.com.vn\/\",\"name\":\"Home\"}},{\"@type\":\"ListItem\",\"position\":2,\"item\":{\"@type\":\"WebPage\",\"@id\":\"https:\/\/acsco.com.vn\/gia-tri-cot-loi\/\",\"url\":\"https:\/\/acsco.com.vn\/gia-tri-cot-loi\/\",\"name\":\"Gi\\u00e1 Tr\\u1ecb C\\u1ed1t L\\u00f5i\"}}]}]}<\/script>\n<!-- \/ Yoast SEO Premium plugin. -->","_links":{"self":[{"href":"https:\/\/acsco.com.vn\/en\/wp-json\/wp\/v2\/pages\/233"}],"collection":[{"href":"https:\/\/acsco.com.vn\/en\/wp-json\/wp\/v2\/pages"}],"about":[{"href":"https:\/\/acsco.com.vn\/en\/wp-json\/wp\/v2\/types\/page"}],"author":[{"embeddable":true,"href":"https:\/\/acsco.com.vn\/en\/wp-json\/wp\/v2\/users\/1"}],"replies":[{"embeddable":true,"href":"https:\/\/acsco.com.vn\/en\/wp-json\/wp\/v2\/comments?post=233"}],"version-history":[{"count":13,"href":"https:\/\/acsco.com.vn\/en\/wp-json\/wp\/v2\/pages\/233\/revisions"}],"predecessor-version":[{"id":1634,"href":"https:\/\/acsco.com.vn\/en\/wp-json\/wp\/v2\/pages\/233\/revisions\/1634"}],"wp:attachment":[{"href":"https:\/\/acsco.com.vn\/en\/wp-json\/wp\/v2\/media?parent=233"}],"curies":[{"name":"wp","href":"https:\/\/api.w.org\/{rel}","templated":true}]}}