{"id":218,"date":"2022-06-10T11:10:44","date_gmt":"2022-06-10T04:10:44","guid":{"rendered":"https:\/\/acsco.123websitedev.com\/?page_id=218"},"modified":"2025-06-17T07:02:14","modified_gmt":"2025-06-17T00:02:14","slug":"ve-chung-toi","status":"publish","type":"page","link":"https:\/\/acsco.com.vn\/en\/ve-chung-toi\/","title":{"rendered":"About us"},"content":{"rendered":"<div class=\"row row-collapse row-full-width\"  id=\"row-672747531\">\n\n\n\t<div id=\"col-1256628563\" class=\"col small-12 large-12\"  >\n\t\t\t\t<div class=\"col-inner\"  >\n\t\t\t\n\t\t\t\n\n\n  <div class=\"banner has-hover\" id=\"banner-190265539\">\n          <div class=\"banner-inner fill\">\n        <div class=\"banner-bg fill\" >\n            <div class=\"bg fill bg-fill\"><\/div>\n                                    \n                    <\/div>\n\t\t\n        <div class=\"banner-layers container\">\n            <div class=\"fill banner-link\"><\/div>            \n\n   <div id=\"text-box-823044733\" class=\"text-box banner-layer x50 md-x50 lg-x50 y50 md-y50 lg-y50 res-text\">\n                                <div class=\"text-box-content text dark\">\n              \n              <div class=\"text-inner text-center\">\n                  \n\n\n              <\/div>\n           <\/div>\n                            \n<style>\n#text-box-823044733 {\n  width: 60%;\n}\n#text-box-823044733 .text-box-content {\n  font-size: 100%;\n}\n<\/style>\n    <\/div>\n \n\n        <\/div>\n      <\/div>\n\n            \n<style>\n#banner-190265539 {\n  padding-top: 40%;\n}\n#banner-190265539 .bg.bg-loaded {\n  background-image: url(https:\/\/acsco.com.vn\/wp-content\/uploads\/2025\/06\/Ban-sao-cua-Mau-be-nhat-Thanh-lich-Trai-nghiem-Nghe-thuat-Trang-tri-Anh-bia-Facebook-1-2.png);\n}\n#banner-190265539 .ux-shape-divider--top svg {\n  height: 150px;\n  --divider-top-width: 100%;\n}\n#banner-190265539 .ux-shape-divider--bottom svg {\n  height: 150px;\n  --divider-width: 100%;\n}\n<\/style>\n  <\/div>\n\n\n\n\t\t<\/div>\n\t\t\t\t\t<\/div>\n\n\t\n\n<\/div>\n\t<section class=\"section\" id=\"section_1392751275\">\n\t\t<div class=\"bg section-bg fill bg-fill  bg-loaded\" >\n\n\t\t\t\n\t\t\t\n\t\t\t\n\n\t\t<\/div>\n\n\t\t\n\n\t\t<div class=\"section-content relative\">\n\t\t\t\n<div class=\"row\"  id=\"row-1303148034\">\n\n\t<div id=\"col-741800419\" class=\"col small-12 large-12\"  >\n\t\t\t\t<div class=\"col-inner\"  >\n\t\t\t\n\t\t\t\n\t<div id=\"text-430840151\" class=\"text\">\n\t\t\n\t\t\n<style>\n#text-430840151 {\n  font-size: 1.25rem;\n  line-height: 2.45;\n}\n<\/style>\n\t<\/div>\n\t\n<p><span style=\"font-size: 115%;\">ACS Mechatronics Co., Ltd was established on the basis of modern technology with a team of engineers with many years of experience in the fields of welding, cutting, metal processing and automation.<\/span><br \/><span style=\"font-size: 115%;\">With motto<span style=\"color: #f99b1c;\"><strong> \u201cBring the best solutions to customers\u201d<\/strong><\/span> We wish to bring the best values \u200b\u200bto you in terms of investment in production equipment and operating costs, contributing to your success and prosperous development.<\/span><br \/><span style=\"font-size: 115%;\">Based on material and human resources, <strong>ACS<\/strong> We believe that we will bring to our customers the best solutions and the best technical services, contributing to the sustainable development of our customers. And that is also the success of our company.<\/span><\/p>\n<p>\u00a0<\/p>\n<div style=\"width: 1020px;\" class=\"wp-video\"><!--[if lt IE 9]><script>document.createElement('video');<\/script><![endif]-->\n<video class=\"wp-video-shortcode\" id=\"video-218-1\" width=\"1020\" height=\"239\" preload=\"metadata\" controls=\"controls\"><source type=\"video\/mp4\" src=\"https:\/\/acsco.com.vn\/wp-content\/uploads\/2025\/06\/Ban-sao-cua-Mau-be-nhat-Thanh-lich-Trai-nghiem-Nghe-thuat-Trang-tri-Anh-bia-Facebook-2.mp4?_=1\" \/><a href=\"https:\/\/acsco.com.vn\/wp-content\/uploads\/2025\/06\/Ban-sao-cua-Mau-be-nhat-Thanh-lich-Trai-nghiem-Nghe-thuat-Trang-tri-Anh-bia-Facebook-2.mp4\">https:\/\/acsco.com.vn\/wp-content\/uploads\/2025\/06\/Ban-sao-cua-Mau-be-nhat-Thanh-lich-Trai-nghiem-Nghe-thuat-Trang-tri-Anh-bia-Facebook-2.mp4<\/a><\/video><\/div>\n<p>\u00a0<\/p>\n<p style=\"text-align: justify;\"><span style=\"font-size: 115%;\"><strong>ACS . Mechatronics Company Limited<\/strong> specializes in processing and designing mechanical products according to samples or orders of partners, products available on the market with good quality products, suitable for many customers, diverse designs , rich and reasonably priced. Contact with <strong>ACS . Mechatronics Company Limited<\/strong><strong>\u00a0<\/strong>to have the best products, the lowest prices, and save costs for businesses.<\/span><\/p>\n\t\t<\/div>\n\t\t\t\t\t<\/div>\n\n\t\n<\/div>\n\t\t<\/div>\n\n\t\t\n<style>\n#section_1392751275 {\n  padding-top: 30px;\n  padding-bottom: 30px;\n}\n#section_1392751275 .ux-shape-divider--top svg {\n  height: 150px;\n  --divider-top-width: 100%;\n}\n#section_1392751275 .ux-shape-divider--bottom svg {\n  height: 150px;\n  --divider-width: 100%;\n}\n<\/style>\n\t<\/section>","protected":false},"excerpt":{"rendered":"","protected":false},"author":1,"featured_media":0,"parent":0,"menu_order":0,"comment_status":"closed","ping_status":"closed","template":"page-blank.php","meta":[],"yoast_head":"<!-- This site is optimized with the Yoast SEO Premium plugin v15.9.2 - https:\/\/yoast.com\/wordpress\/plugins\/seo\/ -->\n<title>V\u1ec1 Ch\u00fang T\u00f4i - C\u00f4ng Ty TNHH C\u01a1 \u0110i\u1ec7n T\u1eed ACS<\/title>\n<link rel=\"canonical\" href=\"https:\/\/acsco.com.vn\/en\/ve-chung-toi\/\" \/>\n<meta property=\"og:locale\" content=\"en_US\" \/>\n<meta property=\"og:type\" content=\"article\" \/>\n<meta property=\"og:title\" content=\"V\u1ec1 Ch\u00fang T\u00f4i - C\u00f4ng Ty TNHH C\u01a1 \u0110i\u1ec7n T\u1eed ACS\" \/>\n<meta property=\"og:url\" content=\"https:\/\/acsco.com.vn\/en\/ve-chung-toi\/\" \/>\n<meta property=\"og:site_name\" content=\"C\u00f4ng Ty TNHH C\u01a1 \u0110i\u1ec7n T\u1eed ACS\" \/>\n<meta property=\"article:modified_time\" content=\"2025-06-17T00:02:14+00:00\" \/>\n<meta name=\"twitter:card\" content=\"summary_large_image\" \/>\n<meta name=\"twitter:label1\" content=\"Est. reading time\">\n\t<meta name=\"twitter:data1\" content=\"2 minutes\">\n<script type=\"application\/ld+json\" class=\"yoast-schema-graph\">{\"@context\":\"https:\/\/schema.org\",\"@graph\":[{\"@type\":\"WebSite\",\"@id\":\"https:\/\/acsco.com.vn\/#website\",\"url\":\"https:\/\/acsco.com.vn\/\",\"name\":\"C\\u00f4ng Ty TNHH C\\u01a1 \\u0110i\\u1ec7n T\\u1eed ACS\",\"description\":\"Give you the best solution !!!!!!\",\"potentialAction\":[{\"@type\":\"SearchAction\",\"target\":\"https:\/\/acsco.com.vn\/?s={search_term_string}\",\"query-input\":\"required name=search_term_string\"}],\"inLanguage\":\"en-US\"},{\"@type\":\"WebPage\",\"@id\":\"https:\/\/acsco.com.vn\/ve-chung-toi\/#webpage\",\"url\":\"https:\/\/acsco.com.vn\/ve-chung-toi\/\",\"name\":\"V\\u1ec1 Ch\\u00fang T\\u00f4i - C\\u00f4ng Ty TNHH C\\u01a1 \\u0110i\\u1ec7n T\\u1eed ACS\",\"isPartOf\":{\"@id\":\"https:\/\/acsco.com.vn\/#website\"},\"datePublished\":\"2022-06-10T04:10:44+00:00\",\"dateModified\":\"2025-06-17T00:02:14+00:00\",\"breadcrumb\":{\"@id\":\"https:\/\/acsco.com.vn\/ve-chung-toi\/#breadcrumb\"},\"inLanguage\":\"en-US\",\"potentialAction\":[{\"@type\":\"ReadAction\",\"target\":[\"https:\/\/acsco.com.vn\/ve-chung-toi\/\"]}]},{\"@type\":\"BreadcrumbList\",\"@id\":\"https:\/\/acsco.com.vn\/ve-chung-toi\/#breadcrumb\",\"itemListElement\":[{\"@type\":\"ListItem\",\"position\":1,\"item\":{\"@type\":\"WebPage\",\"@id\":\"https:\/\/acsco.com.vn\/\",\"url\":\"https:\/\/acsco.com.vn\/\",\"name\":\"Home\"}},{\"@type\":\"ListItem\",\"position\":2,\"item\":{\"@type\":\"WebPage\",\"@id\":\"https:\/\/acsco.com.vn\/ve-chung-toi\/\",\"url\":\"https:\/\/acsco.com.vn\/ve-chung-toi\/\",\"name\":\"V\\u1ec1 Ch\\u00fang T\\u00f4i\"}}]}]}<\/script>\n<!-- \/ Yoast SEO Premium plugin. -->","_links":{"self":[{"href":"https:\/\/acsco.com.vn\/en\/wp-json\/wp\/v2\/pages\/218"}],"collection":[{"href":"https:\/\/acsco.com.vn\/en\/wp-json\/wp\/v2\/pages"}],"about":[{"href":"https:\/\/acsco.com.vn\/en\/wp-json\/wp\/v2\/types\/page"}],"author":[{"embeddable":true,"href":"https:\/\/acsco.com.vn\/en\/wp-json\/wp\/v2\/users\/1"}],"replies":[{"embeddable":true,"href":"https:\/\/acsco.com.vn\/en\/wp-json\/wp\/v2\/comments?post=218"}],"version-history":[{"count":23,"href":"https:\/\/acsco.com.vn\/en\/wp-json\/wp\/v2\/pages\/218\/revisions"}],"predecessor-version":[{"id":1616,"href":"https:\/\/acsco.com.vn\/en\/wp-json\/wp\/v2\/pages\/218\/revisions\/1616"}],"wp:attachment":[{"href":"https:\/\/acsco.com.vn\/en\/wp-json\/wp\/v2\/media?parent=218"}],"curies":[{"name":"wp","href":"https:\/\/api.w.org\/{rel}","templated":true}]}}