{"id":1521,"date":"2025-06-16T10:30:16","date_gmt":"2025-06-16T03:30:16","guid":{"rendered":"https:\/\/acsco.com.vn\/?page_id=1521"},"modified":"2025-06-17T07:17:48","modified_gmt":"2025-06-17T00:17:48","slug":"lap-dat","status":"publish","type":"page","link":"https:\/\/acsco.com.vn\/en\/dich-vu\/lap-dat\/","title":{"rendered":"Installation"},"content":{"rendered":"<h1><strong><span style=\"color: #f99b1c;\">Industrial Machinery & Equipment Installation Services<\/span><\/strong><\/h1>\n<h1>\u00a0<\/h1>\n<p>We provide solutions for installing machinery and industrial equipment lines in accordance with technical standards, recommendations and regulations of the manufacturer.<\/p>\n<p>With many years of experience, our technical team has accompanied the implementation of many large and small projects nationwide. We are committed to supporting complete installation and periodic maintenance, helping businesses:<\/p>\n<ul>\n<li>Safe and stable equipment operation<\/li>\n<li>Extend machine life<\/li>\n<li>Prevent unwanted damage<\/li>\n<\/ul>\n<p><strong>Professional service process includes 6 steps:<\/strong><\/p>\n<ol>\n<li><strong>Survey & Consulting:<\/strong> Receive needs, survey reality and advise appropriate solutions.<\/li>\n<li><strong>Planning:<\/strong> Develop a plan for regular pickup, installation and maintenance.<\/li>\n<li><strong>Construction and installation:<\/strong> Carry out installation according to technical standards, ensuring safety and progress.<\/li>\n<li><strong>Testing & Calibration:<\/strong> Test and calibrate to ensure optimal equipment performance.<\/li>\n<li><strong>Acceptance & Handover:<\/strong> Handover to customer when all standards have been met.<\/li>\n<li><strong>Regular maintenance:<\/strong> Return on time for equipment inspection and maintenance as agreed.<\/li>\n<\/ol>\n<p><strong>ACS<\/strong> aways ready to accompany customers in each stage of operation, ensuring optimal and sustainable use of equipment over time.<\/p>\n<p>Contact us now for advice on the most suitable installation solution for your business.<\/p>\n<div class=\"slider-wrapper relative\" id=\"slider-2141385436\" >\n    <div class=\"slider slider-nav-circle slider-nav-large slider-nav-light slider-style-normal\"\n        data-flickity-options='{            \"cellAlign\": \"center\",            \"imagesLoaded\": true,            \"lazyLoad\": 1,            \"freeScroll\": false,            \"wrapAround\": true,            \"autoPlay\": 6000,            \"pauseAutoPlayOnHover\" : true,            \"prevNextButtons\": true,            \"contain\" : true,            \"adaptiveHeight\" : true,            \"dragThreshold\" : 10,            \"percentPosition\": true,            \"pageDots\": true,            \"rightToLeft\": false,            \"draggable\": true,            \"selectedAttraction\": 0.1,            \"parallax\" : 0,            \"friction\": 0.6        }'\n        >\n        \n\t<div class=\"img has-hover x md-x lg-x y md-y lg-y\" id=\"image_563783903\">\n\t\t\t\t\t\t\t\t<div class=\"img-inner image-cover dark\" style=\"padding-top:56.25%;\">\n\t\t\t<img width=\"1020\" height=\"765\" src=\"https:\/\/acsco.com.vn\/wp-content\/uploads\/2025\/06\/hc-1024x768.png\" class=\"attachment-large size-large\" alt=\"\" loading=\"lazy\" srcset=\"https:\/\/acsco.com.vn\/wp-content\/uploads\/2025\/06\/hc-1024x768.png 1024w, https:\/\/acsco.com.vn\/wp-content\/uploads\/2025\/06\/hc-300x225.png 300w, https:\/\/acsco.com.vn\/wp-content\/uploads\/2025\/06\/hc-768x576.png 768w, https:\/\/acsco.com.vn\/wp-content\/uploads\/2025\/06\/hc-1536x1152.png 1536w, https:\/\/acsco.com.vn\/wp-content\/uploads\/2025\/06\/hc-2048x1536.png 2048w, https:\/\/acsco.com.vn\/wp-content\/uploads\/2025\/06\/hc-16x12.png 16w, https:\/\/acsco.com.vn\/wp-content\/uploads\/2025\/06\/hc-600x450.png 600w\" sizes=\"(max-width: 1020px) 100vw, 1020px\" \/>\t\t\t\t\t\t\n\t\t\t\t\t<\/div>\n\t\t\t\t\t\t\t\t\n<style>\n#image_563783903 {\n  width: 100%;\n}\n<\/style>\n\t<\/div>\n\t\n\t<div class=\"img has-hover x md-x lg-x y md-y lg-y\" id=\"image_934538078\">\n\t\t\t\t\t\t\t\t<div class=\"img-inner image-cover dark\" style=\"padding-top:56.25%;\">\n\t\t\t<img width=\"697\" height=\"522\" src=\"https:\/\/acsco.com.vn\/wp-content\/uploads\/2025\/06\/hc1.png\" class=\"attachment-large size-large\" alt=\"\" loading=\"lazy\" srcset=\"https:\/\/acsco.com.vn\/wp-content\/uploads\/2025\/06\/hc1.png 697w, https:\/\/acsco.com.vn\/wp-content\/uploads\/2025\/06\/hc1-300x225.png 300w, https:\/\/acsco.com.vn\/wp-content\/uploads\/2025\/06\/hc1-16x12.png 16w, https:\/\/acsco.com.vn\/wp-content\/uploads\/2025\/06\/hc1-600x449.png 600w\" sizes=\"(max-width: 697px) 100vw, 697px\" \/>\t\t\t\t\t\t\n\t\t\t\t\t<\/div>\n\t\t\t\t\t\t\t\t\n<style>\n#image_934538078 {\n  width: 100%;\n}\n<\/style>\n\t<\/div>\n\t\n     <\/div>\n\n     <div class=\"loading-spin dark large centered\"><\/div>\n\n     \t<\/div>","protected":false},"excerpt":{"rendered":"<p>D\u1ecbch v\u1ee5 L\u1eafp \u0111\u1eb7t M\u00e1y m\u00f3c &amp; D\u00e2y chuy\u1ec1n Thi\u1ebft b\u1ecb C\u00f4ng nghi\u1ec7p \u00a0 Ch\u00fang&#8230;<\/p>","protected":false},"author":1,"featured_media":0,"parent":1429,"menu_order":0,"comment_status":"closed","ping_status":"closed","template":"","meta":[],"yoast_head":"<!-- This site is optimized with the Yoast SEO Premium plugin v15.9.2 - https:\/\/yoast.com\/wordpress\/plugins\/seo\/ -->\n<title>L\u1eafp \u0111\u1eb7t - C\u00f4ng Ty TNHH C\u01a1 \u0110i\u1ec7n T\u1eed ACS<\/title>\n<link rel=\"canonical\" href=\"https:\/\/acsco.com.vn\/en\/dich-vu\/lap-dat\/\" \/>\n<meta property=\"og:locale\" content=\"en_US\" \/>\n<meta property=\"og:type\" content=\"article\" \/>\n<meta property=\"og:title\" content=\"L\u1eafp \u0111\u1eb7t - C\u00f4ng Ty TNHH C\u01a1 \u0110i\u1ec7n T\u1eed ACS\" \/>\n<meta property=\"og:description\" content=\"D\u1ecbch v\u1ee5 L\u1eafp \u0111\u1eb7t M\u00e1y m\u00f3c &amp; D\u00e2y chuy\u1ec1n Thi\u1ebft b\u1ecb C\u00f4ng nghi\u1ec7p \u00a0 Ch\u00fang...\" \/>\n<meta property=\"og:url\" content=\"https:\/\/acsco.com.vn\/en\/dich-vu\/lap-dat\/\" \/>\n<meta property=\"og:site_name\" content=\"C\u00f4ng Ty TNHH C\u01a1 \u0110i\u1ec7n T\u1eed ACS\" \/>\n<meta property=\"article:modified_time\" content=\"2025-06-17T00:17:48+00:00\" \/>\n<meta name=\"twitter:card\" content=\"summary_large_image\" \/>\n<meta name=\"twitter:label1\" content=\"Est. reading time\">\n\t<meta name=\"twitter:data1\" content=\"2 minutes\">\n<script type=\"application\/ld+json\" class=\"yoast-schema-graph\">{\"@context\":\"https:\/\/schema.org\",\"@graph\":[{\"@type\":\"WebSite\",\"@id\":\"https:\/\/acsco.com.vn\/#website\",\"url\":\"https:\/\/acsco.com.vn\/\",\"name\":\"C\\u00f4ng Ty TNHH C\\u01a1 \\u0110i\\u1ec7n T\\u1eed ACS\",\"description\":\"Give you the best solution !!!!!!\",\"potentialAction\":[{\"@type\":\"SearchAction\",\"target\":\"https:\/\/acsco.com.vn\/?s={search_term_string}\",\"query-input\":\"required name=search_term_string\"}],\"inLanguage\":\"en-US\"},{\"@type\":\"WebPage\",\"@id\":\"https:\/\/acsco.com.vn\/dich-vu\/lap-dat\/#webpage\",\"url\":\"https:\/\/acsco.com.vn\/dich-vu\/lap-dat\/\",\"name\":\"L\\u1eafp \\u0111\\u1eb7t - C\\u00f4ng Ty TNHH C\\u01a1 \\u0110i\\u1ec7n T\\u1eed ACS\",\"isPartOf\":{\"@id\":\"https:\/\/acsco.com.vn\/#website\"},\"datePublished\":\"2025-06-16T03:30:16+00:00\",\"dateModified\":\"2025-06-17T00:17:48+00:00\",\"breadcrumb\":{\"@id\":\"https:\/\/acsco.com.vn\/dich-vu\/lap-dat\/#breadcrumb\"},\"inLanguage\":\"en-US\",\"potentialAction\":[{\"@type\":\"ReadAction\",\"target\":[\"https:\/\/acsco.com.vn\/dich-vu\/lap-dat\/\"]}]},{\"@type\":\"BreadcrumbList\",\"@id\":\"https:\/\/acsco.com.vn\/dich-vu\/lap-dat\/#breadcrumb\",\"itemListElement\":[{\"@type\":\"ListItem\",\"position\":1,\"item\":{\"@type\":\"WebPage\",\"@id\":\"https:\/\/acsco.com.vn\/\",\"url\":\"https:\/\/acsco.com.vn\/\",\"name\":\"Home\"}},{\"@type\":\"ListItem\",\"position\":2,\"item\":{\"@type\":\"WebPage\",\"@id\":\"https:\/\/acsco.com.vn\/dich-vu\/\",\"url\":\"https:\/\/acsco.com.vn\/dich-vu\/\",\"name\":\"D\\u1ecbch v\\u1ee5\"}},{\"@type\":\"ListItem\",\"position\":3,\"item\":{\"@type\":\"WebPage\",\"@id\":\"https:\/\/acsco.com.vn\/dich-vu\/lap-dat\/\",\"url\":\"https:\/\/acsco.com.vn\/dich-vu\/lap-dat\/\",\"name\":\"L\\u1eafp \\u0111\\u1eb7t\"}}]}]}<\/script>\n<!-- \/ Yoast SEO Premium plugin. -->","_links":{"self":[{"href":"https:\/\/acsco.com.vn\/en\/wp-json\/wp\/v2\/pages\/1521"}],"collection":[{"href":"https:\/\/acsco.com.vn\/en\/wp-json\/wp\/v2\/pages"}],"about":[{"href":"https:\/\/acsco.com.vn\/en\/wp-json\/wp\/v2\/types\/page"}],"author":[{"embeddable":true,"href":"https:\/\/acsco.com.vn\/en\/wp-json\/wp\/v2\/users\/1"}],"replies":[{"embeddable":true,"href":"https:\/\/acsco.com.vn\/en\/wp-json\/wp\/v2\/comments?post=1521"}],"version-history":[{"count":6,"href":"https:\/\/acsco.com.vn\/en\/wp-json\/wp\/v2\/pages\/1521\/revisions"}],"predecessor-version":[{"id":1621,"href":"https:\/\/acsco.com.vn\/en\/wp-json\/wp\/v2\/pages\/1521\/revisions\/1621"}],"up":[{"embeddable":true,"href":"https:\/\/acsco.com.vn\/en\/wp-json\/wp\/v2\/pages\/1429"}],"wp:attachment":[{"href":"https:\/\/acsco.com.vn\/en\/wp-json\/wp\/v2\/media?parent=1521"}],"curies":[{"name":"wp","href":"https:\/\/api.w.org\/{rel}","templated":true}]}}